{"id":144300,"date":"2025-05-18T23:23:32","date_gmt":"2025-05-18T23:23:32","guid":{"rendered":"https:\/\/staging2.stylingagenten.com\/da\/produkt\/kokie-foundation-brush-br601\/"},"modified":"2026-03-24T20:08:00","modified_gmt":"2026-03-24T20:08:00","slug":"kokie-foundation-brush-br601","status":"publish","type":"product","link":"https:\/\/stylingagenten.com\/da\/produkt\/kokie-foundation-brush-br601\/","title":{"rendered":"Kokie Foundation Brush BR601"},"content":{"rendered":"<p>Kokie Foundation Brush BR601 er en flad og rund syntetisk b\u00f8rste, der giver en hurtig og j\u00e6vn p\u00e5f\u00f8ring af flydende foundation.<br \/>B\u00f8rstens flade, afrundede hoved p\u00e5f\u00f8res fejlfrit uden linjer og n\u00e5r alle hj\u00f8rner af ansigtet, hvor fingrene eller makeupsvampe n\u00e5r ikke.<br \/>Du har brugt meget omhu i at v\u00e6lge din perfekte foundation ved at bruge det perfekte v\u00e6rkt\u00f8j til at p\u00e5f\u00f8re den med!<\/p>\n","protected":false},"excerpt":{"rendered":"<p>Kokie Foundation Brush BR601 er en flad og rund syntetisk b\u00f8rste, der giver en hurtig og j\u00e6vn p\u00e5f\u00f8ring af flydende foundation.B\u00f8rstens flade, afrundede hoved p\u00e5f\u00f8res fejlfrit uden linjer og n\u00e5r alle hj\u00f8rner af ansigtet, hvor fingrene eller makeupsvampe n\u00e5r ikke.Du har brugt meget omhu i at v\u00e6lge din perfekte foundation ved at bruge det perfekte [&hellip;]<\/p>\n","protected":false},"featured_media":144290,"comment_status":"open","ping_status":"closed","template":"","meta":{"_trash_the_other_posts":false},"product_brand":[],"product_cat":[725],"product_tag":[],"berocket_brand":[1198],"class_list":{"0":"post-144300","1":"product","2":"type-product","3":"status-publish","4":"has-post-thumbnail","6":"product_cat-foundation-boerste","7":"pa_brand-kokie-cosmetics","8":"berocket_brand-kokie-cosmetics","10":"first","11":"instock","12":"sale","13":"taxable","14":"shipping-taxable","15":"purchasable","16":"product-type-simple"},"_links":{"self":[{"href":"https:\/\/stylingagenten.com\/da\/wp-json\/wp\/v2\/product\/144300","targetHints":{"allow":["GET"]}}],"collection":[{"href":"https:\/\/stylingagenten.com\/da\/wp-json\/wp\/v2\/product"}],"about":[{"href":"https:\/\/stylingagenten.com\/da\/wp-json\/wp\/v2\/types\/product"}],"replies":[{"embeddable":true,"href":"https:\/\/stylingagenten.com\/da\/wp-json\/wp\/v2\/comments?post=144300"}],"version-history":[{"count":0,"href":"https:\/\/stylingagenten.com\/da\/wp-json\/wp\/v2\/product\/144300\/revisions"}],"wp:featuredmedia":[{"embeddable":true,"href":"https:\/\/stylingagenten.com\/da\/wp-json\/wp\/v2\/media\/144290"}],"wp:attachment":[{"href":"https:\/\/stylingagenten.com\/da\/wp-json\/wp\/v2\/media?parent=144300"}],"wp:term":[{"taxonomy":"product_brand","embeddable":true,"href":"https:\/\/stylingagenten.com\/da\/wp-json\/wp\/v2\/product_brand?post=144300"},{"taxonomy":"product_cat","embeddable":true,"href":"https:\/\/stylingagenten.com\/da\/wp-json\/wp\/v2\/product_cat?post=144300"},{"taxonomy":"product_tag","embeddable":true,"href":"https:\/\/stylingagenten.com\/da\/wp-json\/wp\/v2\/product_tag?post=144300"},{"taxonomy":"berocket_brand","embeddable":true,"href":"https:\/\/stylingagenten.com\/da\/wp-json\/wp\/v2\/berocket_brand?post=144300"}],"curies":[{"name":"wp","href":"https:\/\/api.w.org\/{rel}","templated":true}]}}