{"id":144291,"date":"2025-05-18T23:23:31","date_gmt":"2025-05-18T23:23:31","guid":{"rendered":"https:\/\/staging2.stylingagenten.com\/da\/produkt\/kokie-large-angled-eyeliner-brush-br607\/"},"modified":"2025-12-18T21:49:42","modified_gmt":"2025-12-18T21:49:42","slug":"kokie-large-angled-eyeliner-brush-br607","status":"publish","type":"product","link":"https:\/\/stylingagenten.com\/da\/produkt\/kokie-large-angled-eyeliner-brush-br607\/","title":{"rendered":"Kokie Large Angled Eyeliner Brush BR607"},"content":{"rendered":"<p>Kokie Large Angled Eyeliner Brush BR607 er en bl\u00f8d, lille og h\u00e5rd vinklet b\u00f8rste, der kan bruges til at feje \u00f8jnene eller p\u00e5f\u00f8re eyeliner. Vinklen og det syntetiske hoved giver dig maksimal kontrol over at p\u00e5f\u00f8re eyeliner n\u00e6r vippekanten eller at medbringe til en smuk fl\u00f8j.&nbsp;<\/p>\n","protected":false},"excerpt":{"rendered":"<p>Kokie Large Angled Eyeliner Brush BR607 er en bl\u00f8d, lille og h\u00e5rd vinklet b\u00f8rste, der kan bruges til at feje \u00f8jnene eller p\u00e5f\u00f8re eyeliner. Vinklen og det syntetiske hoved giver dig maksimal kontrol over at p\u00e5f\u00f8re eyeliner n\u00e6r vippekanten eller at medbringe til en smuk fl\u00f8j.&nbsp;<\/p>\n","protected":false},"featured_media":144281,"comment_status":"open","ping_status":"closed","template":"","meta":{"_trash_the_other_posts":false},"product_brand":[],"product_cat":[676],"product_tag":[],"berocket_brand":[1198],"class_list":{"0":"post-144291","1":"product","2":"type-product","3":"status-publish","4":"has-post-thumbnail","6":"product_cat-make-up-boerster-ogon","7":"pa_brand-kokie-cosmetics","8":"berocket_brand-kokie-cosmetics","10":"first","11":"instock","12":"sale","13":"taxable","14":"shipping-taxable","15":"purchasable","16":"product-type-simple"},"_links":{"self":[{"href":"https:\/\/stylingagenten.com\/da\/wp-json\/wp\/v2\/product\/144291","targetHints":{"allow":["GET"]}}],"collection":[{"href":"https:\/\/stylingagenten.com\/da\/wp-json\/wp\/v2\/product"}],"about":[{"href":"https:\/\/stylingagenten.com\/da\/wp-json\/wp\/v2\/types\/product"}],"replies":[{"embeddable":true,"href":"https:\/\/stylingagenten.com\/da\/wp-json\/wp\/v2\/comments?post=144291"}],"version-history":[{"count":0,"href":"https:\/\/stylingagenten.com\/da\/wp-json\/wp\/v2\/product\/144291\/revisions"}],"wp:featuredmedia":[{"embeddable":true,"href":"https:\/\/stylingagenten.com\/da\/wp-json\/wp\/v2\/media\/144281"}],"wp:attachment":[{"href":"https:\/\/stylingagenten.com\/da\/wp-json\/wp\/v2\/media?parent=144291"}],"wp:term":[{"taxonomy":"product_brand","embeddable":true,"href":"https:\/\/stylingagenten.com\/da\/wp-json\/wp\/v2\/product_brand?post=144291"},{"taxonomy":"product_cat","embeddable":true,"href":"https:\/\/stylingagenten.com\/da\/wp-json\/wp\/v2\/product_cat?post=144291"},{"taxonomy":"product_tag","embeddable":true,"href":"https:\/\/stylingagenten.com\/da\/wp-json\/wp\/v2\/product_tag?post=144291"},{"taxonomy":"berocket_brand","embeddable":true,"href":"https:\/\/stylingagenten.com\/da\/wp-json\/wp\/v2\/berocket_brand?post=144291"}],"curies":[{"name":"wp","href":"https:\/\/api.w.org\/{rel}","templated":true}]}}