{"id":144285,"date":"2025-05-18T23:23:30","date_gmt":"2025-05-18T23:23:30","guid":{"rendered":"https:\/\/staging2.stylingagenten.com\/da\/produkt\/kokie-small-crease-brush-br630\/"},"modified":"2025-12-18T21:49:42","modified_gmt":"2025-12-18T21:49:42","slug":"kokie-small-crease-brush-br630","status":"publish","type":"product","link":"https:\/\/stylingagenten.com\/da\/produkt\/kokie-small-crease-brush-br630\/","title":{"rendered":"Kokie Small Crease Brush BR630"},"content":{"rendered":"<p>Kokie Small Crease Brush BR630 er en lille, bl\u00f8d, afrundet syntetisk b\u00f8rste med en blandingsb\u00f8rste i verdensklasse. Takket v\u00e6re dens t\u00e6tte, bl\u00f8de fibre kan du p\u00e5f\u00f8re og blande dine farver til perfektion.<\/p>\n","protected":false},"excerpt":{"rendered":"<p>Kokie Small Crease Brush BR630 er en lille, bl\u00f8d, afrundet syntetisk b\u00f8rste med en blandingsb\u00f8rste i verdensklasse. Takket v\u00e6re dens t\u00e6tte, bl\u00f8de fibre kan du p\u00e5f\u00f8re og blande dine farver til perfektion.<\/p>\n","protected":false},"featured_media":144280,"comment_status":"open","ping_status":"closed","template":"","meta":{"_trash_the_other_posts":false},"product_brand":[],"product_cat":[676],"product_tag":[],"berocket_brand":[1198],"class_list":{"0":"post-144285","1":"product","2":"type-product","3":"status-publish","4":"has-post-thumbnail","6":"product_cat-make-up-boerster-ogon","7":"pa_brand-kokie-cosmetics","8":"berocket_brand-kokie-cosmetics","10":"first","11":"instock","12":"sale","13":"taxable","14":"shipping-taxable","15":"purchasable","16":"product-type-simple"},"_links":{"self":[{"href":"https:\/\/stylingagenten.com\/da\/wp-json\/wp\/v2\/product\/144285","targetHints":{"allow":["GET"]}}],"collection":[{"href":"https:\/\/stylingagenten.com\/da\/wp-json\/wp\/v2\/product"}],"about":[{"href":"https:\/\/stylingagenten.com\/da\/wp-json\/wp\/v2\/types\/product"}],"replies":[{"embeddable":true,"href":"https:\/\/stylingagenten.com\/da\/wp-json\/wp\/v2\/comments?post=144285"}],"version-history":[{"count":0,"href":"https:\/\/stylingagenten.com\/da\/wp-json\/wp\/v2\/product\/144285\/revisions"}],"wp:featuredmedia":[{"embeddable":true,"href":"https:\/\/stylingagenten.com\/da\/wp-json\/wp\/v2\/media\/144280"}],"wp:attachment":[{"href":"https:\/\/stylingagenten.com\/da\/wp-json\/wp\/v2\/media?parent=144285"}],"wp:term":[{"taxonomy":"product_brand","embeddable":true,"href":"https:\/\/stylingagenten.com\/da\/wp-json\/wp\/v2\/product_brand?post=144285"},{"taxonomy":"product_cat","embeddable":true,"href":"https:\/\/stylingagenten.com\/da\/wp-json\/wp\/v2\/product_cat?post=144285"},{"taxonomy":"product_tag","embeddable":true,"href":"https:\/\/stylingagenten.com\/da\/wp-json\/wp\/v2\/product_tag?post=144285"},{"taxonomy":"berocket_brand","embeddable":true,"href":"https:\/\/stylingagenten.com\/da\/wp-json\/wp\/v2\/berocket_brand?post=144285"}],"curies":[{"name":"wp","href":"https:\/\/api.w.org\/{rel}","templated":true}]}}