{"id":144270,"date":"2025-05-18T23:23:27","date_gmt":"2025-05-18T23:23:27","guid":{"rendered":"https:\/\/staging2.stylingagenten.com\/da\/produkt\/kokie-precision-blender-brush-br609\/"},"modified":"2025-12-18T21:49:43","modified_gmt":"2025-12-18T21:49:43","slug":"kokie-precision-blender-brush-br609","status":"publish","type":"product","link":"https:\/\/stylingagenten.com\/da\/produkt\/kokie-precision-blender-brush-br609\/","title":{"rendered":"Kokie Precision Blender Brush BR609"},"content":{"rendered":"<p>Kokie Precision Blender Brush BR609 er en lille, spids og rund b\u00f8rste til pr\u00e6cis p\u00e5f\u00f8ring. Denne bl\u00f8de syntetiske b\u00f8rste har et fleksibelt hoved, der nemt p\u00e5f\u00f8rer produktet i ansigtet. \u00d8jenl\u00e5g, l\u00e6ber eller ansigt. Mal tynde linjer, punktblanding eller skygge make-uppen til perfektion.&nbsp;<\/p>\n","protected":false},"excerpt":{"rendered":"<p>Kokie Precision Blender Brush BR609 er en lille, spids og rund b\u00f8rste til pr\u00e6cis p\u00e5f\u00f8ring. Denne bl\u00f8de syntetiske b\u00f8rste har et fleksibelt hoved, der nemt p\u00e5f\u00f8rer produktet i ansigtet. \u00d8jenl\u00e5g, l\u00e6ber eller ansigt. Mal tynde linjer, punktblanding eller skygge make-uppen til perfektion.&nbsp;<\/p>\n","protected":false},"featured_media":144263,"comment_status":"open","ping_status":"closed","template":"","meta":{"_trash_the_other_posts":false},"product_brand":[],"product_cat":[676],"product_tag":[],"berocket_brand":[1198],"class_list":{"0":"post-144270","1":"product","2":"type-product","3":"status-publish","4":"has-post-thumbnail","6":"product_cat-make-up-boerster-ogon","7":"pa_brand-kokie-cosmetics","8":"berocket_brand-kokie-cosmetics","10":"first","11":"instock","12":"sale","13":"taxable","14":"shipping-taxable","15":"purchasable","16":"product-type-simple"},"_links":{"self":[{"href":"https:\/\/stylingagenten.com\/da\/wp-json\/wp\/v2\/product\/144270","targetHints":{"allow":["GET"]}}],"collection":[{"href":"https:\/\/stylingagenten.com\/da\/wp-json\/wp\/v2\/product"}],"about":[{"href":"https:\/\/stylingagenten.com\/da\/wp-json\/wp\/v2\/types\/product"}],"replies":[{"embeddable":true,"href":"https:\/\/stylingagenten.com\/da\/wp-json\/wp\/v2\/comments?post=144270"}],"version-history":[{"count":0,"href":"https:\/\/stylingagenten.com\/da\/wp-json\/wp\/v2\/product\/144270\/revisions"}],"wp:featuredmedia":[{"embeddable":true,"href":"https:\/\/stylingagenten.com\/da\/wp-json\/wp\/v2\/media\/144263"}],"wp:attachment":[{"href":"https:\/\/stylingagenten.com\/da\/wp-json\/wp\/v2\/media?parent=144270"}],"wp:term":[{"taxonomy":"product_brand","embeddable":true,"href":"https:\/\/stylingagenten.com\/da\/wp-json\/wp\/v2\/product_brand?post=144270"},{"taxonomy":"product_cat","embeddable":true,"href":"https:\/\/stylingagenten.com\/da\/wp-json\/wp\/v2\/product_cat?post=144270"},{"taxonomy":"product_tag","embeddable":true,"href":"https:\/\/stylingagenten.com\/da\/wp-json\/wp\/v2\/product_tag?post=144270"},{"taxonomy":"berocket_brand","embeddable":true,"href":"https:\/\/stylingagenten.com\/da\/wp-json\/wp\/v2\/berocket_brand?post=144270"}],"curies":[{"name":"wp","href":"https:\/\/api.w.org\/{rel}","templated":true}]}}