{"id":144261,"date":"2025-05-18T23:23:25","date_gmt":"2025-05-18T23:23:25","guid":{"rendered":"https:\/\/staging2.stylingagenten.com\/da\/produkt\/kokie-small-shadow-brush-br610\/"},"modified":"2026-02-19T08:47:45","modified_gmt":"2026-02-19T08:47:45","slug":"kokie-small-shadow-brush-br610","status":"publish","type":"product","link":"https:\/\/stylingagenten.com\/da\/produkt\/kokie-small-shadow-brush-br610\/","title":{"rendered":"Kokie Small Shadow Brush BR610"},"content":{"rendered":"<p>Kokie Small Shadow Brush BR610 en lille, bl\u00f8d, flad ponyh\u00e5rb\u00f8rste, der giver nem p\u00e5f\u00f8ring og blanding af skygger. Den flade side fejer skyggen hen over l\u00e5get, mens de superbl\u00f8de linjer og det lille hoved g\u00f8r det nemt at blande sig ind i selv de mindste hj\u00f8rner. B\u00f8rsten er kompakt nok til at opfange den perfekte m\u00e6ngde produkt, men s&aring; bl\u00f8dt, at du n\u00e6sten ikke kan m\u00e6rke det!<\/p>\n","protected":false},"excerpt":{"rendered":"<p>Kokie Small Shadow Brush BR610 en lille, bl\u00f8d, flad ponyh\u00e5rb\u00f8rste, der giver nem p\u00e5f\u00f8ring og blanding af skygger. Den flade side fejer skyggen hen over l\u00e5get, mens de superbl\u00f8de linjer og det lille hoved g\u00f8r det nemt at blande sig ind i selv de mindste hj\u00f8rner. B\u00f8rsten er kompakt nok til at opfange den perfekte [&hellip;]<\/p>\n","protected":false},"featured_media":144257,"comment_status":"open","ping_status":"closed","template":"","meta":{"_trash_the_other_posts":false},"product_brand":[],"product_cat":[676],"product_tag":[],"berocket_brand":[1198],"class_list":{"0":"post-144261","1":"product","2":"type-product","3":"status-publish","4":"has-post-thumbnail","6":"product_cat-make-up-boerster-ogon","7":"pa_brand-kokie-cosmetics","8":"berocket_brand-kokie-cosmetics","10":"first","11":"instock","12":"sale","13":"taxable","14":"shipping-taxable","15":"purchasable","16":"product-type-simple"},"_links":{"self":[{"href":"https:\/\/stylingagenten.com\/da\/wp-json\/wp\/v2\/product\/144261","targetHints":{"allow":["GET"]}}],"collection":[{"href":"https:\/\/stylingagenten.com\/da\/wp-json\/wp\/v2\/product"}],"about":[{"href":"https:\/\/stylingagenten.com\/da\/wp-json\/wp\/v2\/types\/product"}],"replies":[{"embeddable":true,"href":"https:\/\/stylingagenten.com\/da\/wp-json\/wp\/v2\/comments?post=144261"}],"version-history":[{"count":0,"href":"https:\/\/stylingagenten.com\/da\/wp-json\/wp\/v2\/product\/144261\/revisions"}],"wp:featuredmedia":[{"embeddable":true,"href":"https:\/\/stylingagenten.com\/da\/wp-json\/wp\/v2\/media\/144257"}],"wp:attachment":[{"href":"https:\/\/stylingagenten.com\/da\/wp-json\/wp\/v2\/media?parent=144261"}],"wp:term":[{"taxonomy":"product_brand","embeddable":true,"href":"https:\/\/stylingagenten.com\/da\/wp-json\/wp\/v2\/product_brand?post=144261"},{"taxonomy":"product_cat","embeddable":true,"href":"https:\/\/stylingagenten.com\/da\/wp-json\/wp\/v2\/product_cat?post=144261"},{"taxonomy":"product_tag","embeddable":true,"href":"https:\/\/stylingagenten.com\/da\/wp-json\/wp\/v2\/product_tag?post=144261"},{"taxonomy":"berocket_brand","embeddable":true,"href":"https:\/\/stylingagenten.com\/da\/wp-json\/wp\/v2\/berocket_brand?post=144261"}],"curies":[{"name":"wp","href":"https:\/\/api.w.org\/{rel}","templated":true}]}}