{"id":144255,"date":"2025-05-18T23:23:24","date_gmt":"2025-05-18T23:23:24","guid":{"rendered":"https:\/\/staging2.stylingagenten.com\/da\/produkt\/kokie-small-precision-shader-brush-br625\/"},"modified":"2025-12-18T21:47:39","modified_gmt":"2025-12-18T21:47:39","slug":"kokie-small-precision-shader-brush-br625","status":"publish","type":"product","link":"https:\/\/stylingagenten.com\/da\/produkt\/kokie-small-precision-shader-brush-br625\/","title":{"rendered":"Kokie Small Precision Shader Brush BR625"},"content":{"rendered":"<p>Kokie Small Precision Shader Brush BR625 er en lille, flad shader-b\u00f8rste, der g\u00f8r det muligt at skabe smukke kreationer p\u00e5; &ouml;gon-l\u00e5get. Det syntetiske hoved opfanger den perfekte m\u00e6ngde pigment og placerer det pr\u00e6cis, hvor du vil have det.&nbsp;<\/p>\n","protected":false},"excerpt":{"rendered":"<p>Kokie Small Precision Shader Brush BR625 er en lille, flad shader-b\u00f8rste, der g\u00f8r det muligt at skabe smukke kreationer p\u00e5; &ouml;gon-l\u00e5get. Det syntetiske hoved opfanger den perfekte m\u00e6ngde pigment og placerer det pr\u00e6cis, hvor du vil have det.&nbsp;<\/p>\n","protected":false},"featured_media":144253,"comment_status":"open","ping_status":"closed","template":"","meta":{"_trash_the_other_posts":false},"product_brand":[],"product_cat":[676,1005],"product_tag":[],"berocket_brand":[1198],"class_list":{"0":"post-144255","1":"product","2":"type-product","3":"status-publish","4":"has-post-thumbnail","6":"product_cat-make-up-boerster-ogon","7":"product_cat-outlet","8":"pa_brand-kokie-cosmetics","9":"berocket_brand-kokie-cosmetics","11":"first","12":"instock","13":"sale","14":"taxable","15":"shipping-taxable","16":"purchasable","17":"product-type-simple"},"_links":{"self":[{"href":"https:\/\/stylingagenten.com\/da\/wp-json\/wp\/v2\/product\/144255","targetHints":{"allow":["GET"]}}],"collection":[{"href":"https:\/\/stylingagenten.com\/da\/wp-json\/wp\/v2\/product"}],"about":[{"href":"https:\/\/stylingagenten.com\/da\/wp-json\/wp\/v2\/types\/product"}],"replies":[{"embeddable":true,"href":"https:\/\/stylingagenten.com\/da\/wp-json\/wp\/v2\/comments?post=144255"}],"version-history":[{"count":0,"href":"https:\/\/stylingagenten.com\/da\/wp-json\/wp\/v2\/product\/144255\/revisions"}],"wp:featuredmedia":[{"embeddable":true,"href":"https:\/\/stylingagenten.com\/da\/wp-json\/wp\/v2\/media\/144253"}],"wp:attachment":[{"href":"https:\/\/stylingagenten.com\/da\/wp-json\/wp\/v2\/media?parent=144255"}],"wp:term":[{"taxonomy":"product_brand","embeddable":true,"href":"https:\/\/stylingagenten.com\/da\/wp-json\/wp\/v2\/product_brand?post=144255"},{"taxonomy":"product_cat","embeddable":true,"href":"https:\/\/stylingagenten.com\/da\/wp-json\/wp\/v2\/product_cat?post=144255"},{"taxonomy":"product_tag","embeddable":true,"href":"https:\/\/stylingagenten.com\/da\/wp-json\/wp\/v2\/product_tag?post=144255"},{"taxonomy":"berocket_brand","embeddable":true,"href":"https:\/\/stylingagenten.com\/da\/wp-json\/wp\/v2\/berocket_brand?post=144255"}],"curies":[{"name":"wp","href":"https:\/\/api.w.org\/{rel}","templated":true}]}}