{"id":144250,"date":"2025-05-18T23:23:23","date_gmt":"2025-05-18T23:23:23","guid":{"rendered":"https:\/\/staging2.stylingagenten.com\/da\/produkt\/kokie-medium-crease-brush-br629\/"},"modified":"2025-12-21T19:57:43","modified_gmt":"2025-12-21T19:57:43","slug":"kokie-medium-crease-brush-br629","status":"publish","type":"product","link":"https:\/\/stylingagenten.com\/da\/produkt\/kokie-medium-crease-brush-br629\/","title":{"rendered":"Kokie Medium Crease Brush BR629"},"content":{"rendered":"<p>Blend din \u00f8jenskygge til perfektion med Kokie Medium Crease Brush BR629! Denne t\u00e6tte b\u00f8rste er perfekt til at p\u00e5f\u00f8re og blande \u00f8jenskygge i folder og hj\u00f8rner. Det superbl\u00f8de syntetiske hoved g\u00f8r blandingen nem, sk\u00e5nsom og behagelig. Resultatet er et smukt og halvd\u00e5rligt look!<\/p>\n","protected":false},"excerpt":{"rendered":"<p>Blend din \u00f8jenskygge til perfektion med Kokie Medium Crease Brush BR629! Denne t\u00e6tte b\u00f8rste er perfekt til at p\u00e5f\u00f8re og blande \u00f8jenskygge i folder og hj\u00f8rner. Det superbl\u00f8de syntetiske hoved g\u00f8r blandingen nem, sk\u00e5nsom og behagelig. Resultatet er et smukt og halvd\u00e5rligt look!<\/p>\n","protected":false},"featured_media":144243,"comment_status":"open","ping_status":"closed","template":"","meta":{"_trash_the_other_posts":false},"product_brand":[],"product_cat":[676,1005],"product_tag":[],"berocket_brand":[1198],"class_list":{"0":"post-144250","1":"product","2":"type-product","3":"status-publish","4":"has-post-thumbnail","6":"product_cat-make-up-boerster-ogon","7":"product_cat-outlet","8":"pa_brand-kokie-cosmetics","9":"berocket_brand-kokie-cosmetics","11":"first","12":"instock","13":"sale","14":"taxable","15":"shipping-taxable","16":"purchasable","17":"product-type-simple"},"_links":{"self":[{"href":"https:\/\/stylingagenten.com\/da\/wp-json\/wp\/v2\/product\/144250","targetHints":{"allow":["GET"]}}],"collection":[{"href":"https:\/\/stylingagenten.com\/da\/wp-json\/wp\/v2\/product"}],"about":[{"href":"https:\/\/stylingagenten.com\/da\/wp-json\/wp\/v2\/types\/product"}],"replies":[{"embeddable":true,"href":"https:\/\/stylingagenten.com\/da\/wp-json\/wp\/v2\/comments?post=144250"}],"version-history":[{"count":0,"href":"https:\/\/stylingagenten.com\/da\/wp-json\/wp\/v2\/product\/144250\/revisions"}],"wp:featuredmedia":[{"embeddable":true,"href":"https:\/\/stylingagenten.com\/da\/wp-json\/wp\/v2\/media\/144243"}],"wp:attachment":[{"href":"https:\/\/stylingagenten.com\/da\/wp-json\/wp\/v2\/media?parent=144250"}],"wp:term":[{"taxonomy":"product_brand","embeddable":true,"href":"https:\/\/stylingagenten.com\/da\/wp-json\/wp\/v2\/product_brand?post=144250"},{"taxonomy":"product_cat","embeddable":true,"href":"https:\/\/stylingagenten.com\/da\/wp-json\/wp\/v2\/product_cat?post=144250"},{"taxonomy":"product_tag","embeddable":true,"href":"https:\/\/stylingagenten.com\/da\/wp-json\/wp\/v2\/product_tag?post=144250"},{"taxonomy":"berocket_brand","embeddable":true,"href":"https:\/\/stylingagenten.com\/da\/wp-json\/wp\/v2\/berocket_brand?post=144250"}],"curies":[{"name":"wp","href":"https:\/\/api.w.org\/{rel}","templated":true}]}}