{"id":144248,"date":"2025-05-18T23:23:23","date_gmt":"2025-05-18T23:23:23","guid":{"rendered":"https:\/\/staging2.stylingagenten.com\/da\/produkt\/kokie-small-angled-eyeliner-brush-br611\/"},"modified":"2025-12-18T19:46:29","modified_gmt":"2025-12-18T19:46:29","slug":"kokie-small-angled-eyeliner-brush-br611","status":"publish","type":"product","link":"https:\/\/stylingagenten.com\/da\/produkt\/kokie-small-angled-eyeliner-brush-br611\/","title":{"rendered":"Kokie Small Angled Eyeliner Brush BR611"},"content":{"rendered":"<p>Kokie Small Angled Eyeliner Brush BR611 er en lille og vinklet eyelinerb\u00f8rste, der muligg\u00f8r fejlfri p\u00e5f\u00f8ring af en tynd og dramatisk eyeliner. Vinklen og det syntetiske hoved giver dig maksimal kontrol over at p\u00e5f\u00f8re eyeliner n\u00e6r vippekanten eller at medbringe til en smuk fl\u00f8j.<\/p>\n","protected":false},"excerpt":{"rendered":"<p>Kokie Small Angled Eyeliner Brush BR611 er en lille og vinklet eyelinerb\u00f8rste, der muligg\u00f8r fejlfri p\u00e5f\u00f8ring af en tynd og dramatisk eyeliner. Vinklen og det syntetiske hoved giver dig maksimal kontrol over at p\u00e5f\u00f8re eyeliner n\u00e6r vippekanten eller at medbringe til en smuk fl\u00f8j.<\/p>\n","protected":false},"featured_media":144242,"comment_status":"open","ping_status":"closed","template":"","meta":{"_trash_the_other_posts":false},"product_brand":[],"product_cat":[676],"product_tag":[],"berocket_brand":[1198],"class_list":{"0":"post-144248","1":"product","2":"type-product","3":"status-publish","4":"has-post-thumbnail","6":"product_cat-make-up-boerster-ogon","7":"pa_brand-kokie-cosmetics","8":"berocket_brand-kokie-cosmetics","10":"first","11":"instock","12":"sale","13":"taxable","14":"shipping-taxable","15":"purchasable","16":"product-type-simple"},"_links":{"self":[{"href":"https:\/\/stylingagenten.com\/da\/wp-json\/wp\/v2\/product\/144248","targetHints":{"allow":["GET"]}}],"collection":[{"href":"https:\/\/stylingagenten.com\/da\/wp-json\/wp\/v2\/product"}],"about":[{"href":"https:\/\/stylingagenten.com\/da\/wp-json\/wp\/v2\/types\/product"}],"replies":[{"embeddable":true,"href":"https:\/\/stylingagenten.com\/da\/wp-json\/wp\/v2\/comments?post=144248"}],"version-history":[{"count":0,"href":"https:\/\/stylingagenten.com\/da\/wp-json\/wp\/v2\/product\/144248\/revisions"}],"wp:featuredmedia":[{"embeddable":true,"href":"https:\/\/stylingagenten.com\/da\/wp-json\/wp\/v2\/media\/144242"}],"wp:attachment":[{"href":"https:\/\/stylingagenten.com\/da\/wp-json\/wp\/v2\/media?parent=144248"}],"wp:term":[{"taxonomy":"product_brand","embeddable":true,"href":"https:\/\/stylingagenten.com\/da\/wp-json\/wp\/v2\/product_brand?post=144248"},{"taxonomy":"product_cat","embeddable":true,"href":"https:\/\/stylingagenten.com\/da\/wp-json\/wp\/v2\/product_cat?post=144248"},{"taxonomy":"product_tag","embeddable":true,"href":"https:\/\/stylingagenten.com\/da\/wp-json\/wp\/v2\/product_tag?post=144248"},{"taxonomy":"berocket_brand","embeddable":true,"href":"https:\/\/stylingagenten.com\/da\/wp-json\/wp\/v2\/berocket_brand?post=144248"}],"curies":[{"name":"wp","href":"https:\/\/api.w.org\/{rel}","templated":true}]}}