{"id":144247,"date":"2025-05-18T23:23:23","date_gmt":"2025-05-18T23:23:23","guid":{"rendered":"https:\/\/staging2.stylingagenten.com\/da\/produkt\/kokie-large-precision-shader-brush-br622\/"},"modified":"2025-12-18T21:49:40","modified_gmt":"2025-12-18T21:49:40","slug":"kokie-large-precision-shader-brush-br622","status":"publish","type":"product","link":"https:\/\/stylingagenten.com\/da\/produkt\/kokie-large-precision-shader-brush-br622\/","title":{"rendered":"Kokie Large Precision Shader Brush BR622"},"content":{"rendered":"<p>Kokie Large Precision Shader Brush BR622 er en stor, flad \u00f8jenskyggeb\u00f8rste med et afrundet hoved, der er perfekt til at p\u00e5f\u00f8re \u00f8jenskygge. Med det syntetiske hoved p\u00e5f\u00f8rer du nemt pudderpigmenter eller cremede produkter. Varier intensiteten p&aring; pigmenterne ved at bruge penslen v\u00e5d eller t\u00f8r.&nbsp;<\/p>\n","protected":false},"excerpt":{"rendered":"<p>Kokie Large Precision Shader Brush BR622 er en stor, flad \u00f8jenskyggeb\u00f8rste med et afrundet hoved, der er perfekt til at p\u00e5f\u00f8re \u00f8jenskygge. Med det syntetiske hoved p\u00e5f\u00f8rer du nemt pudderpigmenter eller cremede produkter. Varier intensiteten p&aring; pigmenterne ved at bruge penslen v\u00e5d eller t\u00f8r.&nbsp;<\/p>\n","protected":false},"featured_media":144241,"comment_status":"open","ping_status":"closed","template":"","meta":{"_trash_the_other_posts":false},"product_brand":[],"product_cat":[676],"product_tag":[],"berocket_brand":[1198],"class_list":{"0":"post-144247","1":"product","2":"type-product","3":"status-publish","4":"has-post-thumbnail","6":"product_cat-make-up-boerster-ogon","7":"pa_brand-kokie-cosmetics","8":"berocket_brand-kokie-cosmetics","10":"first","11":"instock","12":"sale","13":"taxable","14":"shipping-taxable","15":"purchasable","16":"product-type-simple"},"_links":{"self":[{"href":"https:\/\/stylingagenten.com\/da\/wp-json\/wp\/v2\/product\/144247","targetHints":{"allow":["GET"]}}],"collection":[{"href":"https:\/\/stylingagenten.com\/da\/wp-json\/wp\/v2\/product"}],"about":[{"href":"https:\/\/stylingagenten.com\/da\/wp-json\/wp\/v2\/types\/product"}],"replies":[{"embeddable":true,"href":"https:\/\/stylingagenten.com\/da\/wp-json\/wp\/v2\/comments?post=144247"}],"version-history":[{"count":0,"href":"https:\/\/stylingagenten.com\/da\/wp-json\/wp\/v2\/product\/144247\/revisions"}],"wp:featuredmedia":[{"embeddable":true,"href":"https:\/\/stylingagenten.com\/da\/wp-json\/wp\/v2\/media\/144241"}],"wp:attachment":[{"href":"https:\/\/stylingagenten.com\/da\/wp-json\/wp\/v2\/media?parent=144247"}],"wp:term":[{"taxonomy":"product_brand","embeddable":true,"href":"https:\/\/stylingagenten.com\/da\/wp-json\/wp\/v2\/product_brand?post=144247"},{"taxonomy":"product_cat","embeddable":true,"href":"https:\/\/stylingagenten.com\/da\/wp-json\/wp\/v2\/product_cat?post=144247"},{"taxonomy":"product_tag","embeddable":true,"href":"https:\/\/stylingagenten.com\/da\/wp-json\/wp\/v2\/product_tag?post=144247"},{"taxonomy":"berocket_brand","embeddable":true,"href":"https:\/\/stylingagenten.com\/da\/wp-json\/wp\/v2\/berocket_brand?post=144247"}],"curies":[{"name":"wp","href":"https:\/\/api.w.org\/{rel}","templated":true}]}}