{"id":144239,"date":"2025-05-18T23:23:22","date_gmt":"2025-05-18T23:23:22","guid":{"rendered":"https:\/\/staging2.stylingagenten.com\/da\/produkt\/kokie-blender-brush-br627\/"},"modified":"2025-12-18T21:46:57","modified_gmt":"2025-12-18T21:46:57","slug":"kokie-blender-brush-br627","status":"publish","type":"product","link":"https:\/\/stylingagenten.com\/da\/produkt\/kokie-blender-brush-br627\/","title":{"rendered":"Kokie Blender Brush BR627"},"content":{"rendered":"<p>Kokie Blender Brush BR627 er en stor og bl\u00f8d syntetisk b\u00f8rste, der blander din \u00f8jenskygge til perfektion. Det lange, afrundede hoved opfanger og p\u00e5f\u00f8rer den \u00f8nskede m\u00e6ngde pudder eller pressede skygger. \u00d8jenskyggen blandes let og omhyggeligt ud af super bl\u00f8de fibre for en smuk finish. Kan ogs\u00e5 bruges til at p\u00e5f\u00f8re shimmer eller highlighter p\u00e5; &ouml;\u00f8jenl\u00e5g eller kindben!&nbsp;<\/p>\n","protected":false},"excerpt":{"rendered":"<p>Kokie Blender Brush BR627 er en stor og bl\u00f8d syntetisk b\u00f8rste, der blander din \u00f8jenskygge til perfektion. Det lange, afrundede hoved opfanger og p\u00e5f\u00f8rer den \u00f8nskede m\u00e6ngde pudder eller pressede skygger. \u00d8jenskyggen blandes let og omhyggeligt ud af super bl\u00f8de fibre for en smuk finish. Kan ogs\u00e5 bruges til at p\u00e5f\u00f8re shimmer eller highlighter p\u00e5; [&hellip;]<\/p>\n","protected":false},"featured_media":144233,"comment_status":"open","ping_status":"closed","template":"","meta":{"_trash_the_other_posts":false},"product_brand":[],"product_cat":[676,1005],"product_tag":[],"berocket_brand":[1198],"class_list":{"0":"post-144239","1":"product","2":"type-product","3":"status-publish","4":"has-post-thumbnail","6":"product_cat-make-up-boerster-ogon","7":"product_cat-outlet","8":"pa_brand-kokie-cosmetics","9":"berocket_brand-kokie-cosmetics","11":"first","12":"instock","13":"sale","14":"taxable","15":"shipping-taxable","16":"purchasable","17":"product-type-simple"},"_links":{"self":[{"href":"https:\/\/stylingagenten.com\/da\/wp-json\/wp\/v2\/product\/144239","targetHints":{"allow":["GET"]}}],"collection":[{"href":"https:\/\/stylingagenten.com\/da\/wp-json\/wp\/v2\/product"}],"about":[{"href":"https:\/\/stylingagenten.com\/da\/wp-json\/wp\/v2\/types\/product"}],"replies":[{"embeddable":true,"href":"https:\/\/stylingagenten.com\/da\/wp-json\/wp\/v2\/comments?post=144239"}],"version-history":[{"count":0,"href":"https:\/\/stylingagenten.com\/da\/wp-json\/wp\/v2\/product\/144239\/revisions"}],"wp:featuredmedia":[{"embeddable":true,"href":"https:\/\/stylingagenten.com\/da\/wp-json\/wp\/v2\/media\/144233"}],"wp:attachment":[{"href":"https:\/\/stylingagenten.com\/da\/wp-json\/wp\/v2\/media?parent=144239"}],"wp:term":[{"taxonomy":"product_brand","embeddable":true,"href":"https:\/\/stylingagenten.com\/da\/wp-json\/wp\/v2\/product_brand?post=144239"},{"taxonomy":"product_cat","embeddable":true,"href":"https:\/\/stylingagenten.com\/da\/wp-json\/wp\/v2\/product_cat?post=144239"},{"taxonomy":"product_tag","embeddable":true,"href":"https:\/\/stylingagenten.com\/da\/wp-json\/wp\/v2\/product_tag?post=144239"},{"taxonomy":"berocket_brand","embeddable":true,"href":"https:\/\/stylingagenten.com\/da\/wp-json\/wp\/v2\/berocket_brand?post=144239"}],"curies":[{"name":"wp","href":"https:\/\/api.w.org\/{rel}","templated":true}]}}