{"id":144213,"date":"2025-05-18T23:23:17","date_gmt":"2025-05-18T23:23:17","guid":{"rendered":"https:\/\/staging2.stylingagenten.com\/da\/produkt\/thebalm-powder-to-the-people-brush\/"},"modified":"2025-12-18T21:56:52","modified_gmt":"2025-12-18T21:56:52","slug":"thebalm-powder-to-the-people-brush","status":"publish","type":"product","link":"https:\/\/stylingagenten.com\/da\/produkt\/thebalm-powder-to-the-people-brush\/","title":{"rendered":"theBalm Powder To The People Brush"},"content":{"rendered":"<div class=\"ajax__tab_body\" id=\"ctl00_main_ctl00_ctl00_tabContent_body\">&lt;div class=&quot;ajax__tab_panel&quot; id=&quot;ctl00_main_ctl00_ctl00_tabContent_pnlProductDescription&quot; style=&quot;main_0&quot; <\/p>\n<div class=\"ajax__tab_body\" id=\"ctl00_main_ctl00_ctl00_tabContent_body\">\n<div class=\"ajax__tab_panel\">\n<p><span>theBalm Power To The People Brush er en makeupb\u00f8rste, der klarer det hele. Denne b\u00f8rste i 100 % gedeh\u00e5r har en ideel st\u00f8rrelse og form til at blive brugt til pudder, blush og til at fremh\u00e6ve ansigtets konturer.<\/span><\/p>\n<\/div><\/div>\n<\/div>\n<\/div>\n<\/div>\n<\/div>\n","protected":false},"excerpt":{"rendered":"<p>&lt;div class=&quot;ajax__tab_panel&quot; id=&quot;ctl00_main_ctl00_ctl00_tabContent_pnlProductDescription&quot; style=&quot;main_0&quot; theBalm Power To The People Brush er en makeupb\u00f8rste, der klarer det hele. Denne b\u00f8rste i 100 % gedeh\u00e5r har en ideel st\u00f8rrelse og form til at blive brugt til pudder, blush og til at fremh\u00e6ve ansigtets konturer.<\/p>\n","protected":false},"featured_media":144212,"comment_status":"open","ping_status":"closed","template":"","meta":{"_trash_the_other_posts":false},"product_brand":[],"product_cat":[727,728],"product_tag":[],"berocket_brand":[1118],"class_list":{"0":"post-144213","1":"product","2":"type-product","3":"status-publish","4":"has-post-thumbnail","6":"product_cat-roedme-boerste","7":"product_cat-pudder-boerste","8":"pa_brand-thebalm","9":"berocket_brand-thebalm","11":"first","12":"instock","13":"sale","14":"taxable","15":"shipping-taxable","16":"purchasable","17":"product-type-simple"},"_links":{"self":[{"href":"https:\/\/stylingagenten.com\/da\/wp-json\/wp\/v2\/product\/144213","targetHints":{"allow":["GET"]}}],"collection":[{"href":"https:\/\/stylingagenten.com\/da\/wp-json\/wp\/v2\/product"}],"about":[{"href":"https:\/\/stylingagenten.com\/da\/wp-json\/wp\/v2\/types\/product"}],"replies":[{"embeddable":true,"href":"https:\/\/stylingagenten.com\/da\/wp-json\/wp\/v2\/comments?post=144213"}],"version-history":[{"count":0,"href":"https:\/\/stylingagenten.com\/da\/wp-json\/wp\/v2\/product\/144213\/revisions"}],"wp:featuredmedia":[{"embeddable":true,"href":"https:\/\/stylingagenten.com\/da\/wp-json\/wp\/v2\/media\/144212"}],"wp:attachment":[{"href":"https:\/\/stylingagenten.com\/da\/wp-json\/wp\/v2\/media?parent=144213"}],"wp:term":[{"taxonomy":"product_brand","embeddable":true,"href":"https:\/\/stylingagenten.com\/da\/wp-json\/wp\/v2\/product_brand?post=144213"},{"taxonomy":"product_cat","embeddable":true,"href":"https:\/\/stylingagenten.com\/da\/wp-json\/wp\/v2\/product_cat?post=144213"},{"taxonomy":"product_tag","embeddable":true,"href":"https:\/\/stylingagenten.com\/da\/wp-json\/wp\/v2\/product_tag?post=144213"},{"taxonomy":"berocket_brand","embeddable":true,"href":"https:\/\/stylingagenten.com\/da\/wp-json\/wp\/v2\/berocket_brand?post=144213"}],"curies":[{"name":"wp","href":"https:\/\/api.w.org\/{rel}","templated":true}]}}