{"id":144131,"date":"2025-05-18T23:22:57","date_gmt":"2025-05-18T23:22:57","guid":{"rendered":"https:\/\/staging2.stylingagenten.com\/da\/produkt\/nyx-prof-makeup-pro-lip-brush\/"},"modified":"2025-12-18T21:53:48","modified_gmt":"2025-12-18T21:53:48","slug":"nyx-prof-makeup-pro-lip-brush","status":"publish","type":"product","link":"https:\/\/stylingagenten.com\/da\/produkt\/nyx-prof-makeup-pro-lip-brush\/","title":{"rendered":"NYX PROF. MAKEUP Pro Lip Brush"},"content":{"rendered":"<p>Hvorfor ikke bruge det samme udstyr som de professionelle og s\u00e6tte dit eget professionelle pr\u00e6g p\u00e5 hvert nyt look?<\/p>\n<p>NYX PROFESSIONAL MAKEUP Pro Lip Brush er en spids l\u00e6beb\u00f8rste til pr\u00e6cis og smuk p\u00e5f\u00f8ring. Fremstillet af syntetiske fibre.<\/p>\n","protected":false},"excerpt":{"rendered":"<p>Hvorfor ikke bruge det samme udstyr som de professionelle og s\u00e6tte dit eget professionelle pr\u00e6g p\u00e5 hvert nyt look? NYX PROFESSIONAL MAKEUP Pro Lip Brush er en spids l\u00e6beb\u00f8rste til pr\u00e6cis og smuk p\u00e5f\u00f8ring. Fremstillet af syntetiske fibre.<\/p>\n","protected":false},"featured_media":144126,"comment_status":"open","ping_status":"closed","template":"","meta":{"_trash_the_other_posts":false},"product_brand":[],"product_cat":[675],"product_tag":[3693],"berocket_brand":[1025],"class_list":{"0":"post-144131","1":"product","2":"type-product","3":"status-publish","4":"has-post-thumbnail","6":"product_cat-make-up-boerster-base","7":"product_tag-nyx-prof-makeup-pro-brush","8":"pa_brand-nyx","9":"pa_variant-lip","10":"berocket_brand-nyx","12":"first","13":"instock","14":"sale","15":"taxable","16":"shipping-taxable","17":"purchasable","18":"product-type-simple"},"_links":{"self":[{"href":"https:\/\/stylingagenten.com\/da\/wp-json\/wp\/v2\/product\/144131","targetHints":{"allow":["GET"]}}],"collection":[{"href":"https:\/\/stylingagenten.com\/da\/wp-json\/wp\/v2\/product"}],"about":[{"href":"https:\/\/stylingagenten.com\/da\/wp-json\/wp\/v2\/types\/product"}],"replies":[{"embeddable":true,"href":"https:\/\/stylingagenten.com\/da\/wp-json\/wp\/v2\/comments?post=144131"}],"version-history":[{"count":0,"href":"https:\/\/stylingagenten.com\/da\/wp-json\/wp\/v2\/product\/144131\/revisions"}],"wp:featuredmedia":[{"embeddable":true,"href":"https:\/\/stylingagenten.com\/da\/wp-json\/wp\/v2\/media\/144126"}],"wp:attachment":[{"href":"https:\/\/stylingagenten.com\/da\/wp-json\/wp\/v2\/media?parent=144131"}],"wp:term":[{"taxonomy":"product_brand","embeddable":true,"href":"https:\/\/stylingagenten.com\/da\/wp-json\/wp\/v2\/product_brand?post=144131"},{"taxonomy":"product_cat","embeddable":true,"href":"https:\/\/stylingagenten.com\/da\/wp-json\/wp\/v2\/product_cat?post=144131"},{"taxonomy":"product_tag","embeddable":true,"href":"https:\/\/stylingagenten.com\/da\/wp-json\/wp\/v2\/product_tag?post=144131"},{"taxonomy":"berocket_brand","embeddable":true,"href":"https:\/\/stylingagenten.com\/da\/wp-json\/wp\/v2\/berocket_brand?post=144131"}],"curies":[{"name":"wp","href":"https:\/\/api.w.org\/{rel}","templated":true}]}}