{"id":144080,"date":"2025-05-18T23:22:48","date_gmt":"2025-05-18T23:22:48","guid":{"rendered":"https:\/\/staging2.stylingagenten.com\/da\/produkt\/nyx-prof-makeup-pro-dual-fiber-foundation-brush\/"},"modified":"2026-01-10T16:56:52","modified_gmt":"2026-01-10T16:56:52","slug":"nyx-prof-makeup-pro-dual-fiber-foundation-brush","status":"publish","type":"product","link":"https:\/\/stylingagenten.com\/da\/produkt\/nyx-prof-makeup-pro-dual-fiber-foundation-brush\/","title":{"rendered":"NYX PROF. MAKEUP Pro Dual Fiber Foundation Brush"},"content":{"rendered":"<p>Brug udstyr som de professionelle, og tilf\u00f8j dit eget professionelle touch til hvert look med NYX PROFESSIONAL MAKEUP Pro Dual Fiber Foundation Brush &#8211; en tilspidset b\u00f8rste, der er fantastisk til flydende eller cremeformler til j\u00e6vn, stribefri p\u00e5f\u00f8ring.<\/p>\n","protected":false},"excerpt":{"rendered":"<p>Brug udstyr som de professionelle, og tilf\u00f8j dit eget professionelle touch til hvert look med NYX PROFESSIONAL MAKEUP Pro Dual Fiber Foundation Brush &#8211; en tilspidset b\u00f8rste, der er fantastisk til flydende eller cremeformler til j\u00e6vn, stribefri p\u00e5f\u00f8ring.<\/p>\n","protected":false},"featured_media":144079,"comment_status":"open","ping_status":"closed","template":"","meta":{"_trash_the_other_posts":false},"product_brand":[],"product_cat":[725],"product_tag":[3693],"berocket_brand":[1025],"class_list":{"0":"post-144080","1":"product","2":"type-product","3":"status-publish","4":"has-post-thumbnail","6":"product_cat-foundation-boerste","7":"product_tag-nyx-prof-makeup-pro-brush","8":"pa_brand-nyx","9":"pa_variant-dual-fiber-foundation","10":"berocket_brand-nyx","12":"first","13":"instock","14":"sale","15":"taxable","16":"shipping-taxable","17":"purchasable","18":"product-type-simple"},"_links":{"self":[{"href":"https:\/\/stylingagenten.com\/da\/wp-json\/wp\/v2\/product\/144080","targetHints":{"allow":["GET"]}}],"collection":[{"href":"https:\/\/stylingagenten.com\/da\/wp-json\/wp\/v2\/product"}],"about":[{"href":"https:\/\/stylingagenten.com\/da\/wp-json\/wp\/v2\/types\/product"}],"replies":[{"embeddable":true,"href":"https:\/\/stylingagenten.com\/da\/wp-json\/wp\/v2\/comments?post=144080"}],"version-history":[{"count":0,"href":"https:\/\/stylingagenten.com\/da\/wp-json\/wp\/v2\/product\/144080\/revisions"}],"wp:featuredmedia":[{"embeddable":true,"href":"https:\/\/stylingagenten.com\/da\/wp-json\/wp\/v2\/media\/144079"}],"wp:attachment":[{"href":"https:\/\/stylingagenten.com\/da\/wp-json\/wp\/v2\/media?parent=144080"}],"wp:term":[{"taxonomy":"product_brand","embeddable":true,"href":"https:\/\/stylingagenten.com\/da\/wp-json\/wp\/v2\/product_brand?post=144080"},{"taxonomy":"product_cat","embeddable":true,"href":"https:\/\/stylingagenten.com\/da\/wp-json\/wp\/v2\/product_cat?post=144080"},{"taxonomy":"product_tag","embeddable":true,"href":"https:\/\/stylingagenten.com\/da\/wp-json\/wp\/v2\/product_tag?post=144080"},{"taxonomy":"berocket_brand","embeddable":true,"href":"https:\/\/stylingagenten.com\/da\/wp-json\/wp\/v2\/berocket_brand?post=144080"}],"curies":[{"name":"wp","href":"https:\/\/api.w.org\/{rel}","templated":true}]}}