{"id":144072,"date":"2025-05-18T23:22:46","date_gmt":"2025-05-18T23:22:46","guid":{"rendered":"https:\/\/staging2.stylingagenten.com\/da\/produkt\/nyx-prof-makeup-pro-flat-foundation-brush\/"},"modified":"2025-12-18T21:54:14","modified_gmt":"2025-12-18T21:54:14","slug":"nyx-prof-makeup-pro-flat-foundation-brush","status":"publish","type":"product","link":"https:\/\/stylingagenten.com\/da\/produkt\/nyx-prof-makeup-pro-flat-foundation-brush\/","title":{"rendered":"NYX PROF. MAKEUP Pro Flat Foundation Brush"},"content":{"rendered":"<p>Hvorfor ikke bruge det samme udstyr som de professionelle og s\u00e6tte dit eget professionelle pr\u00e6g p\u00e5 hvert nyt look?<\/p>\n<p><span class=\"product-description-text\">NYX PROFESSIONAL MAKEUP Pro Flat Foundation Brush er en tilspidset b\u00f8rste, der er fantastisk til flydende formler eller cremeformler til en j\u00e6vn p\u00e5f\u00f8ring uden striber.<\/span><\/p>\n","protected":false},"excerpt":{"rendered":"<p>Hvorfor ikke bruge det samme udstyr som de professionelle og s\u00e6tte dit eget professionelle pr\u00e6g p\u00e5 hvert nyt look? NYX PROFESSIONAL MAKEUP Pro Flat Foundation Brush er en tilspidset b\u00f8rste, der er fantastisk til flydende formler eller cremeformler til en j\u00e6vn p\u00e5f\u00f8ring uden striber.<\/p>\n","protected":false},"featured_media":144068,"comment_status":"open","ping_status":"closed","template":"","meta":{"_trash_the_other_posts":false},"product_brand":[],"product_cat":[725],"product_tag":[3693],"berocket_brand":[1025],"class_list":{"0":"post-144072","1":"product","2":"type-product","3":"status-publish","4":"has-post-thumbnail","6":"product_cat-foundation-boerste","7":"product_tag-nyx-prof-makeup-pro-brush","8":"pa_brand-nyx","9":"pa_variant-flat-foundation","10":"berocket_brand-nyx","12":"first","13":"instock","14":"sale","15":"taxable","16":"shipping-taxable","17":"purchasable","18":"product-type-simple"},"_links":{"self":[{"href":"https:\/\/stylingagenten.com\/da\/wp-json\/wp\/v2\/product\/144072","targetHints":{"allow":["GET"]}}],"collection":[{"href":"https:\/\/stylingagenten.com\/da\/wp-json\/wp\/v2\/product"}],"about":[{"href":"https:\/\/stylingagenten.com\/da\/wp-json\/wp\/v2\/types\/product"}],"replies":[{"embeddable":true,"href":"https:\/\/stylingagenten.com\/da\/wp-json\/wp\/v2\/comments?post=144072"}],"version-history":[{"count":0,"href":"https:\/\/stylingagenten.com\/da\/wp-json\/wp\/v2\/product\/144072\/revisions"}],"wp:featuredmedia":[{"embeddable":true,"href":"https:\/\/stylingagenten.com\/da\/wp-json\/wp\/v2\/media\/144068"}],"wp:attachment":[{"href":"https:\/\/stylingagenten.com\/da\/wp-json\/wp\/v2\/media?parent=144072"}],"wp:term":[{"taxonomy":"product_brand","embeddable":true,"href":"https:\/\/stylingagenten.com\/da\/wp-json\/wp\/v2\/product_brand?post=144072"},{"taxonomy":"product_cat","embeddable":true,"href":"https:\/\/stylingagenten.com\/da\/wp-json\/wp\/v2\/product_cat?post=144072"},{"taxonomy":"product_tag","embeddable":true,"href":"https:\/\/stylingagenten.com\/da\/wp-json\/wp\/v2\/product_tag?post=144072"},{"taxonomy":"berocket_brand","embeddable":true,"href":"https:\/\/stylingagenten.com\/da\/wp-json\/wp\/v2\/berocket_brand?post=144072"}],"curies":[{"name":"wp","href":"https:\/\/api.w.org\/{rel}","templated":true}]}}