{"id":144042,"date":"2025-05-18T23:22:39","date_gmt":"2025-05-18T23:22:39","guid":{"rendered":"https:\/\/staging2.stylingagenten.com\/da\/produkt\/gillette-fusion-power-8-pack\/"},"modified":"2026-04-01T19:08:31","modified_gmt":"2026-04-01T19:08:31","slug":"gillette-fusion-power-8-pack","status":"publish","type":"product","link":"https:\/\/stylingagenten.com\/da\/produkt\/gillette-fusion-power-8-pack\/","title":{"rendered":"Gillette Fusion Power 8-pack"},"content":{"rendered":"<p>Barberblade til Gillette Fusion Power-skraberen i en pakke med 8. Den nye Fusion Power fra Gillette har fem t\u00e6tsiddende barberblade for en bedre barbering. De fem blade fordeler trykket, hvilket mindsker trykket p\u00e5 huden og giver bedre komfort. Bladene har ogs\u00e5 en pr\u00e6cisionstrimmer, der best\u00e5r af et barberblad p\u00e5; bagsiden af \u200b\u200bh\u00f8vlen. Den er perfekt til sv\u00e6rt tilg\u00e6ngelige omr\u00e5der og g\u00f8r det nemt at trimme bakkenbarter, sk\u00e6g og ansigtsh\u00e5r.<\/p>\n<p>Passer til alle barbermaskiner med Fusion-h\u00e5ndtag.<\/p>\n<p><\/ p><\/p>\n","protected":false},"excerpt":{"rendered":"<p>Barberblade til Gillette Fusion Power-skraberen i en pakke med 8. Den nye Fusion Power fra Gillette har fem t\u00e6tsiddende barberblade for en bedre barbering. De fem blade fordeler trykket, hvilket mindsker trykket p\u00e5 huden og giver bedre komfort. Bladene har ogs\u00e5 en pr\u00e6cisionstrimmer, der best\u00e5r af et barberblad p\u00e5; bagsiden af \u200b\u200bh\u00f8vlen. Den er perfekt [&hellip;]<\/p>\n","protected":false},"featured_media":144041,"comment_status":"open","ping_status":"closed","template":"","meta":{"_trash_the_other_posts":false},"product_brand":[],"product_cat":[693,690,1003],"product_tag":[],"berocket_brand":[1324],"class_list":{"0":"post-144042","1":"product","2":"type-product","3":"status-publish","4":"has-post-thumbnail","6":"product_cat-barberblad","7":"product_cat-barbermaskine","8":"product_cat-bestsellere","9":"pa_brand-gillette","10":"berocket_brand-gillette","12":"first","13":"instock","14":"sale","15":"taxable","16":"shipping-taxable","17":"purchasable","18":"product-type-simple"},"_links":{"self":[{"href":"https:\/\/stylingagenten.com\/da\/wp-json\/wp\/v2\/product\/144042","targetHints":{"allow":["GET"]}}],"collection":[{"href":"https:\/\/stylingagenten.com\/da\/wp-json\/wp\/v2\/product"}],"about":[{"href":"https:\/\/stylingagenten.com\/da\/wp-json\/wp\/v2\/types\/product"}],"replies":[{"embeddable":true,"href":"https:\/\/stylingagenten.com\/da\/wp-json\/wp\/v2\/comments?post=144042"}],"version-history":[{"count":0,"href":"https:\/\/stylingagenten.com\/da\/wp-json\/wp\/v2\/product\/144042\/revisions"}],"wp:featuredmedia":[{"embeddable":true,"href":"https:\/\/stylingagenten.com\/da\/wp-json\/wp\/v2\/media\/144041"}],"wp:attachment":[{"href":"https:\/\/stylingagenten.com\/da\/wp-json\/wp\/v2\/media?parent=144042"}],"wp:term":[{"taxonomy":"product_brand","embeddable":true,"href":"https:\/\/stylingagenten.com\/da\/wp-json\/wp\/v2\/product_brand?post=144042"},{"taxonomy":"product_cat","embeddable":true,"href":"https:\/\/stylingagenten.com\/da\/wp-json\/wp\/v2\/product_cat?post=144042"},{"taxonomy":"product_tag","embeddable":true,"href":"https:\/\/stylingagenten.com\/da\/wp-json\/wp\/v2\/product_tag?post=144042"},{"taxonomy":"berocket_brand","embeddable":true,"href":"https:\/\/stylingagenten.com\/da\/wp-json\/wp\/v2\/berocket_brand?post=144042"}],"curies":[{"name":"wp","href":"https:\/\/api.w.org\/{rel}","templated":true}]}}