{"id":144020,"date":"2025-05-18T23:22:34","date_gmt":"2025-05-18T23:22:34","guid":{"rendered":"https:\/\/staging2.stylingagenten.com\/da\/produkt\/gillette-mach3-8-pack\/"},"modified":"2026-04-08T17:58:45","modified_gmt":"2026-04-08T17:58:45","slug":"gillette-mach3-8-pack","status":"publish","type":"product","link":"https:\/\/stylingagenten.com\/da\/produkt\/gillette-mach3-8-pack\/","title":{"rendered":"Gillette Mach3 8-pack"},"content":{"rendered":"<p>Barberblade med gelstrimmel og DLC-slebne blade, der giver en meget t\u00e6t og glat barbering og reducerer hudirritationer. Mach3 barberblade giver en meget t\u00e6t og glat barbering og reducerer hudirritation takket v\u00e6re en patenteret LubraStrip glideoverflade. DLC-slibning giver endnu skarpere klinger. Passer til alle barbermaskiner med Mach3 tilbeh\u00f8r, f.eks. Mach3 Power og Mach3 Turbo.<\/p>\n<p><strong>Pakken indeholder:<\/strong> 8 Gillette Mach3 barberblade.<\/p>\n","protected":false},"excerpt":{"rendered":"<p>Barberblade med gelstrimmel og DLC-slebne blade, der giver en meget t\u00e6t og glat barbering og reducerer hudirritationer. Mach3 barberblade giver en meget t\u00e6t og glat barbering og reducerer hudirritation takket v\u00e6re en patenteret LubraStrip glideoverflade. DLC-slibning giver endnu skarpere klinger. Passer til alle barbermaskiner med Mach3 tilbeh\u00f8r, f.eks. Mach3 Power og Mach3 Turbo. Pakken indeholder: [&hellip;]<\/p>\n","protected":false},"featured_media":144012,"comment_status":"open","ping_status":"closed","template":"","meta":{"_trash_the_other_posts":false},"product_brand":[],"product_cat":[693,690],"product_tag":[],"berocket_brand":[1324],"class_list":{"0":"post-144020","1":"product","2":"type-product","3":"status-publish","4":"has-post-thumbnail","6":"product_cat-barberblad","7":"product_cat-barbermaskine","8":"pa_brand-gillette","9":"berocket_brand-gillette","11":"first","12":"instock","13":"sale","14":"taxable","15":"shipping-taxable","16":"purchasable","17":"product-type-simple"},"_links":{"self":[{"href":"https:\/\/stylingagenten.com\/da\/wp-json\/wp\/v2\/product\/144020","targetHints":{"allow":["GET"]}}],"collection":[{"href":"https:\/\/stylingagenten.com\/da\/wp-json\/wp\/v2\/product"}],"about":[{"href":"https:\/\/stylingagenten.com\/da\/wp-json\/wp\/v2\/types\/product"}],"replies":[{"embeddable":true,"href":"https:\/\/stylingagenten.com\/da\/wp-json\/wp\/v2\/comments?post=144020"}],"version-history":[{"count":0,"href":"https:\/\/stylingagenten.com\/da\/wp-json\/wp\/v2\/product\/144020\/revisions"}],"wp:featuredmedia":[{"embeddable":true,"href":"https:\/\/stylingagenten.com\/da\/wp-json\/wp\/v2\/media\/144012"}],"wp:attachment":[{"href":"https:\/\/stylingagenten.com\/da\/wp-json\/wp\/v2\/media?parent=144020"}],"wp:term":[{"taxonomy":"product_brand","embeddable":true,"href":"https:\/\/stylingagenten.com\/da\/wp-json\/wp\/v2\/product_brand?post=144020"},{"taxonomy":"product_cat","embeddable":true,"href":"https:\/\/stylingagenten.com\/da\/wp-json\/wp\/v2\/product_cat?post=144020"},{"taxonomy":"product_tag","embeddable":true,"href":"https:\/\/stylingagenten.com\/da\/wp-json\/wp\/v2\/product_tag?post=144020"},{"taxonomy":"berocket_brand","embeddable":true,"href":"https:\/\/stylingagenten.com\/da\/wp-json\/wp\/v2\/berocket_brand?post=144020"}],"curies":[{"name":"wp","href":"https:\/\/api.w.org\/{rel}","templated":true}]}}