{"id":144009,"date":"2025-05-18T23:22:32","date_gmt":"2025-05-18T23:22:32","guid":{"rendered":"https:\/\/staging2.stylingagenten.com\/da\/produkt\/gillette-fusion-power-4-pack\/"},"modified":"2026-03-30T17:38:40","modified_gmt":"2026-03-30T17:38:40","slug":"gillette-fusion-power-4-pack","status":"publish","type":"product","link":"https:\/\/stylingagenten.com\/da\/produkt\/gillette-fusion-power-4-pack\/","title":{"rendered":"Gillette Fusion Power 4-pack"},"content":{"rendered":"<p>Barberblade til Gillette Fusion Power-skraberen i en pakke med 4. Den nye Fusion Power fra Gillette har fem t\u00e6tsiddende barberblade for en bedre barbering. De fem blade fordeler trykket mellem bladene hvilket mindsker trykket p\u00e5 huden og giver meget bedre komfort. Fusion barberblade har ogs\u00e5 en pr\u00e6cisionstrimmer, der best\u00e5r af et barberblad p\u00e5 bagsiden af \u200b\u200bh\u00f8vlen. Den er perfekt til sv\u00e6rt tilg\u00e6ngelige omr\u00e5der og g\u00f8r det nemt at trimme bakkenbarter, sk\u00e6g og ansigtsh\u00e5r.<\/p>\n<p>Flexible Comfort Guard har 15 bl\u00f8de og fleksible mikroribben, der g\u00f8r barberingen mere behagelig.<\/p>\n<p> Den nye og forbedrede Lubrastrip Indicator med Vitamin E og Aloe giver optimal barbering, hele lubrastripen skifter gradvist farve fra gr\u00f8n til hvid; r hver barbering; at du ved hvorn\u00e5r barberbladet skal udskiftes. Lubra-strimlen er gr\u00f8n, n\u00e5r barbermaskinen er ny, og hvid betyder, at bladet skal udskiftes.<\/p>\n<p>Hvad adskiller Fusion barbermaskiner fra Fusion Power barbermaskiner Fusion har AntiFriction-behandlede blade, mens Fusion Power har PowerGlide-behandlede blade.<\/p>\n<p><strong>Pakken inkluderer:<\/strong> 4 Fusion Power barberblade.<\/p>\n<p>&nbsp; <\/p>\n","protected":false},"excerpt":{"rendered":"<p>Barberblade til Gillette Fusion Power-skraberen i en pakke med 4. Den nye Fusion Power fra Gillette har fem t\u00e6tsiddende barberblade for en bedre barbering. De fem blade fordeler trykket mellem bladene hvilket mindsker trykket p\u00e5 huden og giver meget bedre komfort. Fusion barberblade har ogs\u00e5 en pr\u00e6cisionstrimmer, der best\u00e5r af et barberblad p\u00e5 bagsiden af [&hellip;]<\/p>\n","protected":false},"featured_media":144007,"comment_status":"open","ping_status":"closed","template":"","meta":{"_trash_the_other_posts":false},"product_brand":[],"product_cat":[693,690],"product_tag":[],"berocket_brand":[1324],"class_list":{"0":"post-144009","1":"product","2":"type-product","3":"status-publish","4":"has-post-thumbnail","6":"product_cat-barberblad","7":"product_cat-barbermaskine","8":"pa_brand-gillette","9":"berocket_brand-gillette","11":"first","12":"outofstock","13":"sale","14":"taxable","15":"shipping-taxable","16":"purchasable","17":"product-type-simple"},"_links":{"self":[{"href":"https:\/\/stylingagenten.com\/da\/wp-json\/wp\/v2\/product\/144009","targetHints":{"allow":["GET"]}}],"collection":[{"href":"https:\/\/stylingagenten.com\/da\/wp-json\/wp\/v2\/product"}],"about":[{"href":"https:\/\/stylingagenten.com\/da\/wp-json\/wp\/v2\/types\/product"}],"replies":[{"embeddable":true,"href":"https:\/\/stylingagenten.com\/da\/wp-json\/wp\/v2\/comments?post=144009"}],"version-history":[{"count":0,"href":"https:\/\/stylingagenten.com\/da\/wp-json\/wp\/v2\/product\/144009\/revisions"}],"wp:featuredmedia":[{"embeddable":true,"href":"https:\/\/stylingagenten.com\/da\/wp-json\/wp\/v2\/media\/144007"}],"wp:attachment":[{"href":"https:\/\/stylingagenten.com\/da\/wp-json\/wp\/v2\/media?parent=144009"}],"wp:term":[{"taxonomy":"product_brand","embeddable":true,"href":"https:\/\/stylingagenten.com\/da\/wp-json\/wp\/v2\/product_brand?post=144009"},{"taxonomy":"product_cat","embeddable":true,"href":"https:\/\/stylingagenten.com\/da\/wp-json\/wp\/v2\/product_cat?post=144009"},{"taxonomy":"product_tag","embeddable":true,"href":"https:\/\/stylingagenten.com\/da\/wp-json\/wp\/v2\/product_tag?post=144009"},{"taxonomy":"berocket_brand","embeddable":true,"href":"https:\/\/stylingagenten.com\/da\/wp-json\/wp\/v2\/berocket_brand?post=144009"}],"curies":[{"name":"wp","href":"https:\/\/api.w.org\/{rel}","templated":true}]}}