{"id":144006,"date":"2025-05-18T23:22:31","date_gmt":"2025-05-18T23:22:31","guid":{"rendered":"https:\/\/staging2.stylingagenten.com\/da\/produkt\/mountaineer-brand-chrome-shave-bowl\/"},"modified":"2025-12-18T21:53:08","modified_gmt":"2025-12-18T21:53:08","slug":"mountaineer-brand-chrome-shave-bowl","status":"publish","type":"product","link":"https:\/\/stylingagenten.com\/da\/produkt\/mountaineer-brand-chrome-shave-bowl\/","title":{"rendered":"Mountaineer Brand Chrome Shave Bowl"},"content":{"rendered":"<p>Krom barbersk\u00e5l er lavet af rustfrit st\u00e5l og derefter belagt med krom for den virkelig skinnende finish. <br \/>Barberskallen g\u00f8r det nemt at piske et fantastisk skum af barbercreme eller barberskum op.<\/p>\n<p><\/p>\n","protected":false},"excerpt":{"rendered":"<p>Krom barbersk\u00e5l er lavet af rustfrit st\u00e5l og derefter belagt med krom for den virkelig skinnende finish. Barberskallen g\u00f8r det nemt at piske et fantastisk skum af barbercreme eller barberskum op.<\/p>\n","protected":false},"featured_media":144004,"comment_status":"open","ping_status":"closed","template":"","meta":{"_trash_the_other_posts":false},"product_brand":[],"product_cat":[687],"product_tag":[],"berocket_brand":[1110],"class_list":{"0":"post-144006","1":"product","2":"type-product","3":"status-publish","4":"has-post-thumbnail","6":"product_cat-skaegvaerktoej","7":"pa_brand-mountaineer-brand","8":"berocket_brand-mountaineer-brand","10":"first","11":"instock","12":"sale","13":"taxable","14":"shipping-taxable","15":"purchasable","16":"product-type-simple"},"_links":{"self":[{"href":"https:\/\/stylingagenten.com\/da\/wp-json\/wp\/v2\/product\/144006","targetHints":{"allow":["GET"]}}],"collection":[{"href":"https:\/\/stylingagenten.com\/da\/wp-json\/wp\/v2\/product"}],"about":[{"href":"https:\/\/stylingagenten.com\/da\/wp-json\/wp\/v2\/types\/product"}],"replies":[{"embeddable":true,"href":"https:\/\/stylingagenten.com\/da\/wp-json\/wp\/v2\/comments?post=144006"}],"version-history":[{"count":0,"href":"https:\/\/stylingagenten.com\/da\/wp-json\/wp\/v2\/product\/144006\/revisions"}],"wp:featuredmedia":[{"embeddable":true,"href":"https:\/\/stylingagenten.com\/da\/wp-json\/wp\/v2\/media\/144004"}],"wp:attachment":[{"href":"https:\/\/stylingagenten.com\/da\/wp-json\/wp\/v2\/media?parent=144006"}],"wp:term":[{"taxonomy":"product_brand","embeddable":true,"href":"https:\/\/stylingagenten.com\/da\/wp-json\/wp\/v2\/product_brand?post=144006"},{"taxonomy":"product_cat","embeddable":true,"href":"https:\/\/stylingagenten.com\/da\/wp-json\/wp\/v2\/product_cat?post=144006"},{"taxonomy":"product_tag","embeddable":true,"href":"https:\/\/stylingagenten.com\/da\/wp-json\/wp\/v2\/product_tag?post=144006"},{"taxonomy":"berocket_brand","embeddable":true,"href":"https:\/\/stylingagenten.com\/da\/wp-json\/wp\/v2\/berocket_brand?post=144006"}],"curies":[{"name":"wp","href":"https:\/\/api.w.org\/{rel}","templated":true}]}}