{"id":144005,"date":"2025-05-18T23:22:31","date_gmt":"2025-05-18T23:22:31","guid":{"rendered":"https:\/\/staging2.stylingagenten.com\/da\/produkt\/gillette-fusion5-8-pack\/"},"modified":"2026-03-14T17:27:48","modified_gmt":"2026-03-14T17:27:48","slug":"gillette-fusion5-8-pack","status":"publish","type":"product","link":"https:\/\/stylingagenten.com\/da\/produkt\/gillette-fusion5-8-pack\/","title":{"rendered":"Gillette Fusion5 8-Pack"},"content":{"rendered":"<p>Gillette Fusion5 Power barberblade til elektriske barbermaskiner til m\u00e6nd har 5 anti-friktionsblade, for en barbering, der knap kan m\u00e6rkes. Pr\u00e6cisionstrimmer p&aring; bagsiden til sv\u00e6rt tilg\u00e6ngelige omr\u00e5der og til styling af ansigtsh\u00e5r. Sm\u00f8restrimlen falmer, n\u00e5r du ikke l\u00e6ngere f\u00e5r en optimal barbering.&nbsp;<\/p>\n<p>Et bladrefill til barbermaskiner svarer til op til en m\u00e5neds barbering. Fusion5 Power barberblad til m\u00e6nds elektriske barbermaskiner passer til alle Fusion5 barbermaskiner &amp; Fusion5 Power elektriske barbermaskiner. Gillette barbermaskiner, tidligere kendt som Fusion Power.<\/p>\n","protected":false},"excerpt":{"rendered":"<p>Gillette Fusion5 Power barberblade til elektriske barbermaskiner til m\u00e6nd har 5 anti-friktionsblade, for en barbering, der knap kan m\u00e6rkes. Pr\u00e6cisionstrimmer p&aring; bagsiden til sv\u00e6rt tilg\u00e6ngelige omr\u00e5der og til styling af ansigtsh\u00e5r. Sm\u00f8restrimlen falmer, n\u00e5r du ikke l\u00e6ngere f\u00e5r en optimal barbering.&nbsp; Et bladrefill til barbermaskiner svarer til op til en m\u00e5neds barbering. Fusion5 Power barberblad [&hellip;]<\/p>\n","protected":false},"featured_media":144003,"comment_status":"open","ping_status":"closed","template":"","meta":{"_trash_the_other_posts":false},"product_brand":[],"product_cat":[693,690],"product_tag":[],"berocket_brand":[1324],"class_list":{"0":"post-144005","1":"product","2":"type-product","3":"status-publish","4":"has-post-thumbnail","6":"product_cat-barberblad","7":"product_cat-barbermaskine","8":"pa_brand-gillette","9":"berocket_brand-gillette","11":"first","12":"instock","13":"sale","14":"taxable","15":"shipping-taxable","16":"purchasable","17":"product-type-simple"},"_links":{"self":[{"href":"https:\/\/stylingagenten.com\/da\/wp-json\/wp\/v2\/product\/144005","targetHints":{"allow":["GET"]}}],"collection":[{"href":"https:\/\/stylingagenten.com\/da\/wp-json\/wp\/v2\/product"}],"about":[{"href":"https:\/\/stylingagenten.com\/da\/wp-json\/wp\/v2\/types\/product"}],"replies":[{"embeddable":true,"href":"https:\/\/stylingagenten.com\/da\/wp-json\/wp\/v2\/comments?post=144005"}],"version-history":[{"count":0,"href":"https:\/\/stylingagenten.com\/da\/wp-json\/wp\/v2\/product\/144005\/revisions"}],"wp:featuredmedia":[{"embeddable":true,"href":"https:\/\/stylingagenten.com\/da\/wp-json\/wp\/v2\/media\/144003"}],"wp:attachment":[{"href":"https:\/\/stylingagenten.com\/da\/wp-json\/wp\/v2\/media?parent=144005"}],"wp:term":[{"taxonomy":"product_brand","embeddable":true,"href":"https:\/\/stylingagenten.com\/da\/wp-json\/wp\/v2\/product_brand?post=144005"},{"taxonomy":"product_cat","embeddable":true,"href":"https:\/\/stylingagenten.com\/da\/wp-json\/wp\/v2\/product_cat?post=144005"},{"taxonomy":"product_tag","embeddable":true,"href":"https:\/\/stylingagenten.com\/da\/wp-json\/wp\/v2\/product_tag?post=144005"},{"taxonomy":"berocket_brand","embeddable":true,"href":"https:\/\/stylingagenten.com\/da\/wp-json\/wp\/v2\/berocket_brand?post=144005"}],"curies":[{"name":"wp","href":"https:\/\/api.w.org\/{rel}","templated":true}]}}