{"id":143920,"date":"2025-05-18T23:22:10","date_gmt":"2025-05-18T23:22:10","guid":{"rendered":"https:\/\/staging2.stylingagenten.com\/da\/produkt\/gillette-venus-extra-smooth-blades-4-pack\/"},"modified":"2026-04-14T07:09:43","modified_gmt":"2026-04-14T07:09:43","slug":"gillette-venus-extra-smooth-blades-4-pack","status":"publish","type":"product","link":"https:\/\/stylingagenten.com\/da\/produkt\/gillette-venus-extra-smooth-blades-4-pack\/","title":{"rendered":"Gillette Venus Extra Smooth Blades 4-pack"},"content":{"rendered":"<p>Gillette Venus Extra Smooth g\u00f8r din barbering lettere og mere behagelig. Med 5 blade p\u00e5 hver barbermaskine g\u00f8r din barbering pr\u00e6cis og nem. <\/p>\n<p>Indeholder<br \/>4 &#8211; Pakke med Venus barberblade<\/p>\n","protected":false},"excerpt":{"rendered":"<p>Gillette Venus Extra Smooth g\u00f8r din barbering lettere og mere behagelig. Med 5 blade p\u00e5 hver barbermaskine g\u00f8r din barbering pr\u00e6cis og nem. Indeholder4 &#8211; Pakke med Venus barberblade<\/p>\n","protected":false},"featured_media":143919,"comment_status":"open","ping_status":"closed","template":"","meta":{"_trash_the_other_posts":false},"product_brand":[],"product_cat":[690],"product_tag":[],"berocket_brand":[1324],"class_list":{"0":"post-143920","1":"product","2":"type-product","3":"status-publish","4":"has-post-thumbnail","6":"product_cat-barbermaskine","7":"pa_brand-gillette","8":"berocket_brand-gillette","10":"first","11":"instock","12":"sale","13":"taxable","14":"shipping-taxable","15":"purchasable","16":"product-type-simple"},"_links":{"self":[{"href":"https:\/\/stylingagenten.com\/da\/wp-json\/wp\/v2\/product\/143920","targetHints":{"allow":["GET"]}}],"collection":[{"href":"https:\/\/stylingagenten.com\/da\/wp-json\/wp\/v2\/product"}],"about":[{"href":"https:\/\/stylingagenten.com\/da\/wp-json\/wp\/v2\/types\/product"}],"replies":[{"embeddable":true,"href":"https:\/\/stylingagenten.com\/da\/wp-json\/wp\/v2\/comments?post=143920"}],"version-history":[{"count":0,"href":"https:\/\/stylingagenten.com\/da\/wp-json\/wp\/v2\/product\/143920\/revisions"}],"wp:featuredmedia":[{"embeddable":true,"href":"https:\/\/stylingagenten.com\/da\/wp-json\/wp\/v2\/media\/143919"}],"wp:attachment":[{"href":"https:\/\/stylingagenten.com\/da\/wp-json\/wp\/v2\/media?parent=143920"}],"wp:term":[{"taxonomy":"product_brand","embeddable":true,"href":"https:\/\/stylingagenten.com\/da\/wp-json\/wp\/v2\/product_brand?post=143920"},{"taxonomy":"product_cat","embeddable":true,"href":"https:\/\/stylingagenten.com\/da\/wp-json\/wp\/v2\/product_cat?post=143920"},{"taxonomy":"product_tag","embeddable":true,"href":"https:\/\/stylingagenten.com\/da\/wp-json\/wp\/v2\/product_tag?post=143920"},{"taxonomy":"berocket_brand","embeddable":true,"href":"https:\/\/stylingagenten.com\/da\/wp-json\/wp\/v2\/berocket_brand?post=143920"}],"curies":[{"name":"wp","href":"https:\/\/api.w.org\/{rel}","templated":true}]}}