{"id":143855,"date":"2025-05-18T23:21:52","date_gmt":"2025-05-18T23:21:52","guid":{"rendered":"https:\/\/staging2.stylingagenten.com\/da\/produkt\/american-crew-moisturizing-shave-cream-450ml\/"},"modified":"2025-11-19T11:37:51","modified_gmt":"2025-11-19T11:37:51","slug":"american-crew-moisturizing-shave-cream-450ml","status":"publish","type":"product","link":"https:\/\/stylingagenten.com\/da\/produkt\/american-crew-moisturizing-shave-cream-450ml\/","title":{"rendered":"American Crew Moisturizing Shave Cream 450ml"},"content":{"rendered":"<p>Fugtgivende, ikke-t\u00f8rrende creme til en t\u00e6t barbering. Den ikke-skummende creme skaber en beskyttende barriere p\u00e5; din hud s\u00e5&aring; at barbermaskinen glider uden at udt\u00f8rre huden. Dette bl\u00f8dg\u00f8rende middel giver maksimal beskyttelse og fugt til huden. Hj\u00e6lper med at se pr\u00e6cis de omr\u00e5der, der er blevet barberet. Til normal til t\u00f8r hud. Lindrer huden og hj\u00e6lper med at lindre irritation under barberingsprocessen.<\/p>\n","protected":false},"excerpt":{"rendered":"<p>Fugtgivende, ikke-t\u00f8rrende creme til en t\u00e6t barbering. Den ikke-skummende creme skaber en beskyttende barriere p\u00e5; din hud s\u00e5&aring; at barbermaskinen glider uden at udt\u00f8rre huden. Dette bl\u00f8dg\u00f8rende middel giver maksimal beskyttelse og fugt til huden. Hj\u00e6lper med at se pr\u00e6cis de omr\u00e5der, der er blevet barberet. Til normal til t\u00f8r hud. Lindrer huden og hj\u00e6lper [&hellip;]<\/p>\n","protected":false},"featured_media":143854,"comment_status":"open","ping_status":"closed","template":"","meta":{"_trash_the_other_posts":false},"product_brand":[],"product_cat":[688],"product_tag":[2371],"berocket_brand":[1071],"class_list":{"0":"post-143855","1":"product","2":"type-product","3":"status-publish","4":"has-post-thumbnail","6":"product_cat-skaeg-gel","7":"product_tag-american-crew-moisturizing-shave-cream","8":"pa_brand-american-crew","9":"pa_variant-450ml","10":"berocket_brand-american-crew","12":"first","13":"outofstock","14":"sale","15":"taxable","16":"shipping-taxable","17":"purchasable","18":"product-type-simple"},"_links":{"self":[{"href":"https:\/\/stylingagenten.com\/da\/wp-json\/wp\/v2\/product\/143855","targetHints":{"allow":["GET"]}}],"collection":[{"href":"https:\/\/stylingagenten.com\/da\/wp-json\/wp\/v2\/product"}],"about":[{"href":"https:\/\/stylingagenten.com\/da\/wp-json\/wp\/v2\/types\/product"}],"replies":[{"embeddable":true,"href":"https:\/\/stylingagenten.com\/da\/wp-json\/wp\/v2\/comments?post=143855"}],"version-history":[{"count":0,"href":"https:\/\/stylingagenten.com\/da\/wp-json\/wp\/v2\/product\/143855\/revisions"}],"wp:featuredmedia":[{"embeddable":true,"href":"https:\/\/stylingagenten.com\/da\/wp-json\/wp\/v2\/media\/143854"}],"wp:attachment":[{"href":"https:\/\/stylingagenten.com\/da\/wp-json\/wp\/v2\/media?parent=143855"}],"wp:term":[{"taxonomy":"product_brand","embeddable":true,"href":"https:\/\/stylingagenten.com\/da\/wp-json\/wp\/v2\/product_brand?post=143855"},{"taxonomy":"product_cat","embeddable":true,"href":"https:\/\/stylingagenten.com\/da\/wp-json\/wp\/v2\/product_cat?post=143855"},{"taxonomy":"product_tag","embeddable":true,"href":"https:\/\/stylingagenten.com\/da\/wp-json\/wp\/v2\/product_tag?post=143855"},{"taxonomy":"berocket_brand","embeddable":true,"href":"https:\/\/stylingagenten.com\/da\/wp-json\/wp\/v2\/berocket_brand?post=143855"}],"curies":[{"name":"wp","href":"https:\/\/api.w.org\/{rel}","templated":true}]}}