{"id":143845,"date":"2025-05-18T23:21:49","date_gmt":"2025-05-18T23:21:49","guid":{"rendered":"https:\/\/staging2.stylingagenten.com\/da\/produkt\/old-spice-original-after-shave-lotion-150ml\/"},"modified":"2026-04-14T09:57:33","modified_gmt":"2026-04-14T09:57:33","slug":"old-spice-original-after-shave-lotion-150ml","status":"publish","type":"product","link":"https:\/\/stylingagenten.com\/da\/produkt\/old-spice-original-after-shave-lotion-150ml\/","title":{"rendered":"Old Spice Original After Shave Lotion 150ml"},"content":{"rendered":"<p>Old Spice Aftershave Lotion Original er en aftershave til m\u00e6nd, der straks dulmer irriteret hud efter barbering. Det beroliger huden efter barbering og f\u00e5r huden til at f\u00f8les glat og behagelig. <br \/>Har en bl\u00f8dg\u00f8rende effekt p\u00e5; nybarberet hud og k\u00f8ler og beroliger nybarberet hud. P\u00e5f\u00f8r j\u00e6vnt p\u00e5 ansigt og hals efter barbering eller efter behov.<\/p>\n","protected":false},"excerpt":{"rendered":"<p>Old Spice Aftershave Lotion Original er en aftershave til m\u00e6nd, der straks dulmer irriteret hud efter barbering. Det beroliger huden efter barbering og f\u00e5r huden til at f\u00f8les glat og behagelig. Har en bl\u00f8dg\u00f8rende effekt p\u00e5; nybarberet hud og k\u00f8ler og beroliger nybarberet hud. P\u00e5f\u00f8r j\u00e6vnt p\u00e5 ansigt og hals efter barbering eller efter behov.<\/p>\n","protected":false},"featured_media":143840,"comment_status":"open","ping_status":"closed","template":"","meta":{"_trash_the_other_posts":false},"product_brand":[],"product_cat":[689],"product_tag":[],"berocket_brand":[1258],"class_list":{"0":"post-143845","1":"product","2":"type-product","3":"status-publish","4":"has-post-thumbnail","6":"product_cat-aftershave","7":"pa_brand-old-spice","8":"berocket_brand-old-spice","10":"first","11":"instock","12":"sale","13":"taxable","14":"shipping-taxable","15":"purchasable","16":"product-type-simple"},"_links":{"self":[{"href":"https:\/\/stylingagenten.com\/da\/wp-json\/wp\/v2\/product\/143845","targetHints":{"allow":["GET"]}}],"collection":[{"href":"https:\/\/stylingagenten.com\/da\/wp-json\/wp\/v2\/product"}],"about":[{"href":"https:\/\/stylingagenten.com\/da\/wp-json\/wp\/v2\/types\/product"}],"replies":[{"embeddable":true,"href":"https:\/\/stylingagenten.com\/da\/wp-json\/wp\/v2\/comments?post=143845"}],"version-history":[{"count":0,"href":"https:\/\/stylingagenten.com\/da\/wp-json\/wp\/v2\/product\/143845\/revisions"}],"wp:featuredmedia":[{"embeddable":true,"href":"https:\/\/stylingagenten.com\/da\/wp-json\/wp\/v2\/media\/143840"}],"wp:attachment":[{"href":"https:\/\/stylingagenten.com\/da\/wp-json\/wp\/v2\/media?parent=143845"}],"wp:term":[{"taxonomy":"product_brand","embeddable":true,"href":"https:\/\/stylingagenten.com\/da\/wp-json\/wp\/v2\/product_brand?post=143845"},{"taxonomy":"product_cat","embeddable":true,"href":"https:\/\/stylingagenten.com\/da\/wp-json\/wp\/v2\/product_cat?post=143845"},{"taxonomy":"product_tag","embeddable":true,"href":"https:\/\/stylingagenten.com\/da\/wp-json\/wp\/v2\/product_tag?post=143845"},{"taxonomy":"berocket_brand","embeddable":true,"href":"https:\/\/stylingagenten.com\/da\/wp-json\/wp\/v2\/berocket_brand?post=143845"}],"curies":[{"name":"wp","href":"https:\/\/api.w.org\/{rel}","templated":true}]}}