{"id":143778,"date":"2025-05-18T23:21:32","date_gmt":"2025-05-18T23:21:32","guid":{"rendered":"https:\/\/staging2.stylingagenten.com\/da\/produkt\/beard-monkey-beard-oil-licorice-50ml\/"},"modified":"2026-04-08T17:47:46","modified_gmt":"2026-04-08T17:47:46","slug":"beard-monkey-beard-oil-licorice-50ml","status":"publish","type":"product","link":"https:\/\/stylingagenten.com\/da\/produkt\/beard-monkey-beard-oil-licorice-50ml\/","title":{"rendered":"Beard Monkey Beard Oil Licorice 50ml"},"content":{"rendered":"<p>En n\u00e6rende sk\u00e6golie, der g\u00f8r sk\u00e6gget sundt og bl\u00f8dt. Hudolien er udviklet til at skabe en frisk f\u00f8lelse, der holder hele dagen. Resultatet af at bruge dette produkt er et sk\u00e6g med en fin glans og en subtil duft af lakrids.<\/p>\n<p>50ml<\/p>\n","protected":false},"excerpt":{"rendered":"<p>En n\u00e6rende sk\u00e6golie, der g\u00f8r sk\u00e6gget sundt og bl\u00f8dt. Hudolien er udviklet til at skabe en frisk f\u00f8lelse, der holder hele dagen. Resultatet af at bruge dette produkt er et sk\u00e6g med en fin glans og en subtil duft af lakrids. 50ml<\/p>\n","protected":false},"featured_media":143777,"comment_status":"open","ping_status":"closed","template":"","meta":{"_trash_the_other_posts":false},"product_brand":[],"product_cat":[590],"product_tag":[],"berocket_brand":[1077],"class_list":{"0":"post-143778","1":"product","2":"type-product","3":"status-publish","4":"has-post-thumbnail","6":"product_cat-skaeg-olie","7":"pa_brand-beard-monkey","8":"berocket_brand-beard-monkey","10":"first","11":"instock","12":"sale","13":"taxable","14":"shipping-taxable","15":"purchasable","16":"product-type-simple"},"_links":{"self":[{"href":"https:\/\/stylingagenten.com\/da\/wp-json\/wp\/v2\/product\/143778","targetHints":{"allow":["GET"]}}],"collection":[{"href":"https:\/\/stylingagenten.com\/da\/wp-json\/wp\/v2\/product"}],"about":[{"href":"https:\/\/stylingagenten.com\/da\/wp-json\/wp\/v2\/types\/product"}],"replies":[{"embeddable":true,"href":"https:\/\/stylingagenten.com\/da\/wp-json\/wp\/v2\/comments?post=143778"}],"version-history":[{"count":0,"href":"https:\/\/stylingagenten.com\/da\/wp-json\/wp\/v2\/product\/143778\/revisions"}],"wp:featuredmedia":[{"embeddable":true,"href":"https:\/\/stylingagenten.com\/da\/wp-json\/wp\/v2\/media\/143777"}],"wp:attachment":[{"href":"https:\/\/stylingagenten.com\/da\/wp-json\/wp\/v2\/media?parent=143778"}],"wp:term":[{"taxonomy":"product_brand","embeddable":true,"href":"https:\/\/stylingagenten.com\/da\/wp-json\/wp\/v2\/product_brand?post=143778"},{"taxonomy":"product_cat","embeddable":true,"href":"https:\/\/stylingagenten.com\/da\/wp-json\/wp\/v2\/product_cat?post=143778"},{"taxonomy":"product_tag","embeddable":true,"href":"https:\/\/stylingagenten.com\/da\/wp-json\/wp\/v2\/product_tag?post=143778"},{"taxonomy":"berocket_brand","embeddable":true,"href":"https:\/\/stylingagenten.com\/da\/wp-json\/wp\/v2\/berocket_brand?post=143778"}],"curies":[{"name":"wp","href":"https:\/\/api.w.org\/{rel}","templated":true}]}}