{"id":143762,"date":"2025-05-18T23:21:28","date_gmt":"2025-05-18T23:21:28","guid":{"rendered":"https:\/\/staging2.stylingagenten.com\/da\/produkt\/beard-monkey-beard-hair-oil-light-orange-cinnamon-50ml\/"},"modified":"2026-04-03T15:14:52","modified_gmt":"2026-04-03T15:14:52","slug":"beard-monkey-beard-hair-oil-light-orange-cinnamon-50ml","status":"publish","type":"product","link":"https:\/\/stylingagenten.com\/da\/produkt\/beard-monkey-beard-hair-oil-light-orange-cinnamon-50ml\/","title":{"rendered":"Beard Monkey Beard &amp; Hair Oil Light Orange &amp; Cinnamon 50ml"},"content":{"rendered":"<p><span id=\"result_box\" class=\"\" lang=\"sv\"><span class=\"\">En plejende olie, der passer til b\u00e5de sk\u00e6g og h\u00e5r.<\/span> <span class>Olien fugter og bidrager til en frisk f\u00f8lelse, der holder hele dagen.<\/span> <span class=\"\">Resultatet af at bruge dette produkt er en dejlig f\u00f8lelse. tt sk\u00e6g og h\u00e5r med en subtil duft af Orange &amp; Kanel.<\/span><\/p>\n<p><span class=\"\">50 ml<\/span><\/span><\/p>\n","protected":false},"excerpt":{"rendered":"<p>En plejende olie, der passer til b\u00e5de sk\u00e6g og h\u00e5r. Olien fugter og bidrager til en frisk f\u00f8lelse, der holder hele dagen. Resultatet af at bruge dette produkt er en dejlig f\u00f8lelse. tt sk\u00e6g og h\u00e5r med en subtil duft af Orange &amp; Kanel. 50 ml<\/p>\n","protected":false},"featured_media":143761,"comment_status":"open","ping_status":"closed","template":"","meta":{"_trash_the_other_posts":false},"product_brand":[],"product_cat":[590],"product_tag":[],"berocket_brand":[1077],"class_list":{"0":"post-143762","1":"product","2":"type-product","3":"status-publish","4":"has-post-thumbnail","6":"product_cat-skaeg-olie","7":"pa_brand-beard-monkey","8":"berocket_brand-beard-monkey","10":"first","11":"instock","12":"sale","13":"taxable","14":"shipping-taxable","15":"purchasable","16":"product-type-simple"},"_links":{"self":[{"href":"https:\/\/stylingagenten.com\/da\/wp-json\/wp\/v2\/product\/143762","targetHints":{"allow":["GET"]}}],"collection":[{"href":"https:\/\/stylingagenten.com\/da\/wp-json\/wp\/v2\/product"}],"about":[{"href":"https:\/\/stylingagenten.com\/da\/wp-json\/wp\/v2\/types\/product"}],"replies":[{"embeddable":true,"href":"https:\/\/stylingagenten.com\/da\/wp-json\/wp\/v2\/comments?post=143762"}],"version-history":[{"count":0,"href":"https:\/\/stylingagenten.com\/da\/wp-json\/wp\/v2\/product\/143762\/revisions"}],"wp:featuredmedia":[{"embeddable":true,"href":"https:\/\/stylingagenten.com\/da\/wp-json\/wp\/v2\/media\/143761"}],"wp:attachment":[{"href":"https:\/\/stylingagenten.com\/da\/wp-json\/wp\/v2\/media?parent=143762"}],"wp:term":[{"taxonomy":"product_brand","embeddable":true,"href":"https:\/\/stylingagenten.com\/da\/wp-json\/wp\/v2\/product_brand?post=143762"},{"taxonomy":"product_cat","embeddable":true,"href":"https:\/\/stylingagenten.com\/da\/wp-json\/wp\/v2\/product_cat?post=143762"},{"taxonomy":"product_tag","embeddable":true,"href":"https:\/\/stylingagenten.com\/da\/wp-json\/wp\/v2\/product_tag?post=143762"},{"taxonomy":"berocket_brand","embeddable":true,"href":"https:\/\/stylingagenten.com\/da\/wp-json\/wp\/v2\/berocket_brand?post=143762"}],"curies":[{"name":"wp","href":"https:\/\/api.w.org\/{rel}","templated":true}]}}