{"id":143694,"date":"2025-05-18T23:21:06","date_gmt":"2025-05-18T23:21:06","guid":{"rendered":"https:\/\/staging2.stylingagenten.com\/da\/produkt\/nyx-prof-makeup-dewy-finish-setting-spray\/"},"modified":"2026-03-29T14:18:49","modified_gmt":"2026-03-29T14:18:49","slug":"nyx-prof-makeup-dewy-finish-setting-spray","status":"publish","type":"product","link":"https:\/\/stylingagenten.com\/da\/produkt\/nyx-prof-makeup-dewy-finish-setting-spray\/","title":{"rendered":"NYX PROF. MAKEUP Dewy Finish Setting Spray"},"content":{"rendered":"<p>NYX PROFESSIONAL MAKEUP Dewy Finish Setting Spray<\/p>\n<p>En let, vandbaseret spray, der beskytter dit fejlfri look mod temperaturvariationer, sved og anden luftb\u00e5ren forurening, og efterlader din hud med en fantastisk dugfrisk finish s&aring; du beh\u00f8ver ikke at l\u00e6gge din makeup p\u00e5 igen. Denne holdbare spray er perfekt til professionel fotografering, makeupartister og alle makeup-entusiaster!<\/p>\n<p>Langvarig holdbarhed.<\/p>\n<p>Indhold: 60 ml <\/p>\n<p>Anvendelse:<br \/>Hold flasken ca. 10-15 cm fra ansigtet og spray j\u00e6vnt over det omr\u00e5de, du \u00f8nsker at p\u00e5f\u00f8re produktet p\u00e5. Dup forsigtigt med en serviet, hvis du f\u00e5r for meget, og lad luftt\u00f8rre for de bedste resultater.<\/p>\n<p>Ingredienser:<br \/>Vand\/Aqua , Alkohol, Propylenglycol, PVP, Phenoxyethanol, iDisodium EDTA, Niacinamid.<\/p>\n<p><em>Bem\u00e6rk at evt Etiketten tages fra produktet eller leveres af producenten, n\u00e5r produktet er installeret. I sj\u00e6ldne tilf\u00e6lde kan produktets indhold opdateres efterf\u00f8lgende. I tilf\u00e6lde af allergi eller effektivitet, bedes du kontrollere p\u00e5 produktet f\u00f8r brug eller kontakt kundeservice.<\/em><\/p>\n<p><em>T\u00e6nk dig om; at altid, n\u00e5r du tester et nyt produkt, skal du anvende p&aring; en mindre overflade (f.eks. h\u00e5ndleddet) for at kontrollere mulig effektivitet f\u00f8r brug.<\/em><\/p>\n<p>&nbsp;<\/p>\n","protected":false},"excerpt":{"rendered":"<p>NYX PROFESSIONAL MAKEUP Dewy Finish Setting Spray En let, vandbaseret spray, der beskytter dit fejlfri look mod temperaturvariationer, sved og anden luftb\u00e5ren forurening, og efterlader din hud med en fantastisk dugfrisk finish s&aring; du beh\u00f8ver ikke at l\u00e6gge din makeup p\u00e5 igen. Denne holdbare spray er perfekt til professionel fotografering, makeupartister og alle makeup-entusiaster! Langvarig [&hellip;]<\/p>\n","protected":false},"featured_media":143689,"comment_status":"open","ping_status":"closed","template":"","meta":{"_trash_the_other_posts":false},"product_brand":[],"product_cat":[617],"product_tag":[],"berocket_brand":[1025],"class_list":{"0":"post-143694","1":"product","2":"type-product","3":"status-publish","4":"has-post-thumbnail","6":"product_cat-indstillingsspray","7":"pa_brand-nyx","8":"berocket_brand-nyx","10":"first","11":"instock","12":"sale","13":"taxable","14":"shipping-taxable","15":"purchasable","16":"product-type-simple"},"_links":{"self":[{"href":"https:\/\/stylingagenten.com\/da\/wp-json\/wp\/v2\/product\/143694","targetHints":{"allow":["GET"]}}],"collection":[{"href":"https:\/\/stylingagenten.com\/da\/wp-json\/wp\/v2\/product"}],"about":[{"href":"https:\/\/stylingagenten.com\/da\/wp-json\/wp\/v2\/types\/product"}],"replies":[{"embeddable":true,"href":"https:\/\/stylingagenten.com\/da\/wp-json\/wp\/v2\/comments?post=143694"}],"version-history":[{"count":0,"href":"https:\/\/stylingagenten.com\/da\/wp-json\/wp\/v2\/product\/143694\/revisions"}],"wp:featuredmedia":[{"embeddable":true,"href":"https:\/\/stylingagenten.com\/da\/wp-json\/wp\/v2\/media\/143689"}],"wp:attachment":[{"href":"https:\/\/stylingagenten.com\/da\/wp-json\/wp\/v2\/media?parent=143694"}],"wp:term":[{"taxonomy":"product_brand","embeddable":true,"href":"https:\/\/stylingagenten.com\/da\/wp-json\/wp\/v2\/product_brand?post=143694"},{"taxonomy":"product_cat","embeddable":true,"href":"https:\/\/stylingagenten.com\/da\/wp-json\/wp\/v2\/product_cat?post=143694"},{"taxonomy":"product_tag","embeddable":true,"href":"https:\/\/stylingagenten.com\/da\/wp-json\/wp\/v2\/product_tag?post=143694"},{"taxonomy":"berocket_brand","embeddable":true,"href":"https:\/\/stylingagenten.com\/da\/wp-json\/wp\/v2\/berocket_brand?post=143694"}],"curies":[{"name":"wp","href":"https:\/\/api.w.org\/{rel}","templated":true}]}}