{"id":143688,"date":"2025-05-18T23:21:04","date_gmt":"2025-05-18T23:21:04","guid":{"rendered":"https:\/\/staging2.stylingagenten.com\/da\/produkt\/makeup-revolution-pro-fix-oil-control-fixing-spray-100-ml\/"},"modified":"2026-03-29T10:38:56","modified_gmt":"2026-03-29T10:38:56","slug":"makeup-revolution-pro-fix-oil-control-fixing-spray-100-ml","status":"publish","type":"product","link":"https:\/\/stylingagenten.com\/da\/produkt\/makeup-revolution-pro-fix-oil-control-fixing-spray-100-ml\/","title":{"rendered":"Makeup Revolution Pro Fix Oil Control Fixing Spray 100 ml"},"content":{"rendered":"<p>Tag kontrol over fedtede overflader, og hold din makeup p\u00e5; placer hele dagen!<\/p>\n<p>Oil Control Fixing Spray er en let indstillingsspray, der hj\u00e6lper med at aflede glansen p\u00e5; ansigtet f\u00e5r en naturlig mat finish. Holder din make-up p\u00e5 plads i op til 12 timer.<\/p>\n<p>Anvendelse: Efter p\u00e5f\u00f8ring af make-up. Ryst flasken, hold Fixing-sprayen i armsl\u00e6ngde fra ansigtet og spray, indtil din makeup er d\u00e6kket. Undg\u00e5 kontakt med &ouml;gon.<\/p>\n<p><\/p>\n","protected":false},"excerpt":{"rendered":"<p>Tag kontrol over fedtede overflader, og hold din makeup p\u00e5; placer hele dagen! Oil Control Fixing Spray er en let indstillingsspray, der hj\u00e6lper med at aflede glansen p\u00e5; ansigtet f\u00e5r en naturlig mat finish. Holder din make-up p\u00e5 plads i op til 12 timer. Anvendelse: Efter p\u00e5f\u00f8ring af make-up. Ryst flasken, hold Fixing-sprayen i armsl\u00e6ngde [&hellip;]<\/p>\n","protected":false},"featured_media":143687,"comment_status":"open","ping_status":"closed","template":"","meta":{"_trash_the_other_posts":false},"product_brand":[],"product_cat":[617],"product_tag":[],"berocket_brand":[1050],"class_list":{"0":"post-143688","1":"product","2":"type-product","3":"status-publish","4":"has-post-thumbnail","6":"product_cat-indstillingsspray","7":"pa_brand-makeup-revolution","8":"berocket_brand-makeup-revolution","10":"first","11":"instock","12":"sale","13":"taxable","14":"shipping-taxable","15":"purchasable","16":"product-type-simple"},"_links":{"self":[{"href":"https:\/\/stylingagenten.com\/da\/wp-json\/wp\/v2\/product\/143688","targetHints":{"allow":["GET"]}}],"collection":[{"href":"https:\/\/stylingagenten.com\/da\/wp-json\/wp\/v2\/product"}],"about":[{"href":"https:\/\/stylingagenten.com\/da\/wp-json\/wp\/v2\/types\/product"}],"replies":[{"embeddable":true,"href":"https:\/\/stylingagenten.com\/da\/wp-json\/wp\/v2\/comments?post=143688"}],"version-history":[{"count":0,"href":"https:\/\/stylingagenten.com\/da\/wp-json\/wp\/v2\/product\/143688\/revisions"}],"wp:featuredmedia":[{"embeddable":true,"href":"https:\/\/stylingagenten.com\/da\/wp-json\/wp\/v2\/media\/143687"}],"wp:attachment":[{"href":"https:\/\/stylingagenten.com\/da\/wp-json\/wp\/v2\/media?parent=143688"}],"wp:term":[{"taxonomy":"product_brand","embeddable":true,"href":"https:\/\/stylingagenten.com\/da\/wp-json\/wp\/v2\/product_brand?post=143688"},{"taxonomy":"product_cat","embeddable":true,"href":"https:\/\/stylingagenten.com\/da\/wp-json\/wp\/v2\/product_cat?post=143688"},{"taxonomy":"product_tag","embeddable":true,"href":"https:\/\/stylingagenten.com\/da\/wp-json\/wp\/v2\/product_tag?post=143688"},{"taxonomy":"berocket_brand","embeddable":true,"href":"https:\/\/stylingagenten.com\/da\/wp-json\/wp\/v2\/berocket_brand?post=143688"}],"curies":[{"name":"wp","href":"https:\/\/api.w.org\/{rel}","templated":true}]}}