{"id":143682,"date":"2025-05-18T23:21:00","date_gmt":"2025-05-18T23:21:00","guid":{"rendered":"https:\/\/staging2.stylingagenten.com\/da\/produkt\/nyx-bare-with-me-prime-set-refresh-multitasking-spray-130ml\/"},"modified":"2025-11-19T11:27:27","modified_gmt":"2025-11-19T11:27:27","slug":"nyx-bare-with-me-prime-set-refresh-multitasking-spray-130ml","status":"publish","type":"product","link":"https:\/\/stylingagenten.com\/da\/produkt\/nyx-bare-with-me-prime-set-refresh-multitasking-spray-130ml\/","title":{"rendered":"NYX Bare With Me Prime Set Refresh Multitasking Spray 130ml"},"content":{"rendered":"<p>Opfrisk dit ansigt med NYX Professional Makeup Bare With Me Prime. S\u00e6t. Opdater. Multitasking spray! Ansigtssprayen er ogs\u00e5 velegnet til dig med sart hud og er beriget med aloe vera og agurk som holder makeuppen p\u00e5. sted hele dagen. Et par sprays er alt, der skal til for at forberede og fikse din makeup &#8211; og for at friske ethvert look op! Multi-use primeren giver ogs\u00e5 huden en dugfrisk gl\u00f8d, minimerer forekomsten af \u200b\u200bporer og fugter i op til otte timer.<\/p>\n<p>&nbsp;<\/p>\n","protected":false},"excerpt":{"rendered":"<p>Opfrisk dit ansigt med NYX Professional Makeup Bare With Me Prime. S\u00e6t. Opdater. Multitasking spray! Ansigtssprayen er ogs\u00e5 velegnet til dig med sart hud og er beriget med aloe vera og agurk som holder makeuppen p\u00e5. sted hele dagen. Et par sprays er alt, der skal til for at forberede og fikse din makeup &#8211; [&hellip;]<\/p>\n","protected":false},"featured_media":143672,"comment_status":"open","ping_status":"closed","template":"","meta":{"_trash_the_other_posts":false},"product_brand":[],"product_cat":[617,717],"product_tag":[],"berocket_brand":[1025],"class_list":{"0":"post-143682","1":"product","2":"type-product","3":"status-publish","4":"has-post-thumbnail","6":"product_cat-indstillingsspray","7":"product_cat-virale-produkter","8":"pa_brand-nyx","9":"berocket_brand-nyx","11":"first","12":"outofstock","13":"sale","14":"taxable","15":"shipping-taxable","16":"purchasable","17":"product-type-simple"},"_links":{"self":[{"href":"https:\/\/stylingagenten.com\/da\/wp-json\/wp\/v2\/product\/143682","targetHints":{"allow":["GET"]}}],"collection":[{"href":"https:\/\/stylingagenten.com\/da\/wp-json\/wp\/v2\/product"}],"about":[{"href":"https:\/\/stylingagenten.com\/da\/wp-json\/wp\/v2\/types\/product"}],"replies":[{"embeddable":true,"href":"https:\/\/stylingagenten.com\/da\/wp-json\/wp\/v2\/comments?post=143682"}],"version-history":[{"count":0,"href":"https:\/\/stylingagenten.com\/da\/wp-json\/wp\/v2\/product\/143682\/revisions"}],"wp:featuredmedia":[{"embeddable":true,"href":"https:\/\/stylingagenten.com\/da\/wp-json\/wp\/v2\/media\/143672"}],"wp:attachment":[{"href":"https:\/\/stylingagenten.com\/da\/wp-json\/wp\/v2\/media?parent=143682"}],"wp:term":[{"taxonomy":"product_brand","embeddable":true,"href":"https:\/\/stylingagenten.com\/da\/wp-json\/wp\/v2\/product_brand?post=143682"},{"taxonomy":"product_cat","embeddable":true,"href":"https:\/\/stylingagenten.com\/da\/wp-json\/wp\/v2\/product_cat?post=143682"},{"taxonomy":"product_tag","embeddable":true,"href":"https:\/\/stylingagenten.com\/da\/wp-json\/wp\/v2\/product_tag?post=143682"},{"taxonomy":"berocket_brand","embeddable":true,"href":"https:\/\/stylingagenten.com\/da\/wp-json\/wp\/v2\/berocket_brand?post=143682"}],"curies":[{"name":"wp","href":"https:\/\/api.w.org\/{rel}","templated":true}]}}