{"id":143679,"date":"2025-05-18T23:21:00","date_gmt":"2025-05-18T23:21:00","guid":{"rendered":"https:\/\/staging2.stylingagenten.com\/da\/produkt\/kokie-fix-it-up-matte-setting-spray\/"},"modified":"2026-01-16T13:36:44","modified_gmt":"2026-01-16T13:36:44","slug":"kokie-fix-it-up-matte-setting-spray","status":"publish","type":"product","link":"https:\/\/stylingagenten.com\/da\/produkt\/kokie-fix-it-up-matte-setting-spray\/","title":{"rendered":"Kokie Fix It Up Matte Setting Spray"},"content":{"rendered":"<p>Kokie Fix It Up Matte Setting Spray er en klar, fin t\u00e5ge, der forhindrer makeup i at udtv\u00e6re og reducerer glans, mens den forl\u00e6nger levetiden p\u00e5 din makeup. din makeup i l\u00f8bet af dagen. Tilf\u00f8j 2-3 sprays og lad t\u00f8rre for at reducere glans og afslutte dit look.&nbsp;<\/p>\n<p>Indhold: 59,8 ml<\/p>\n","protected":false},"excerpt":{"rendered":"<p>Kokie Fix It Up Matte Setting Spray er en klar, fin t\u00e5ge, der forhindrer makeup i at udtv\u00e6re og reducerer glans, mens den forl\u00e6nger levetiden p\u00e5 din makeup. din makeup i l\u00f8bet af dagen. Tilf\u00f8j 2-3 sprays og lad t\u00f8rre for at reducere glans og afslutte dit look.&nbsp; Indhold: 59,8 ml<\/p>\n","protected":false},"featured_media":143673,"comment_status":"open","ping_status":"closed","template":"","meta":{"_trash_the_other_posts":false},"product_brand":[],"product_cat":[617],"product_tag":[],"berocket_brand":[1198],"class_list":{"0":"post-143679","1":"product","2":"type-product","3":"status-publish","4":"has-post-thumbnail","6":"product_cat-indstillingsspray","7":"pa_brand-kokie-cosmetics","8":"berocket_brand-kokie-cosmetics","10":"first","11":"instock","12":"sale","13":"taxable","14":"shipping-taxable","15":"purchasable","16":"product-type-simple"},"_links":{"self":[{"href":"https:\/\/stylingagenten.com\/da\/wp-json\/wp\/v2\/product\/143679","targetHints":{"allow":["GET"]}}],"collection":[{"href":"https:\/\/stylingagenten.com\/da\/wp-json\/wp\/v2\/product"}],"about":[{"href":"https:\/\/stylingagenten.com\/da\/wp-json\/wp\/v2\/types\/product"}],"replies":[{"embeddable":true,"href":"https:\/\/stylingagenten.com\/da\/wp-json\/wp\/v2\/comments?post=143679"}],"version-history":[{"count":0,"href":"https:\/\/stylingagenten.com\/da\/wp-json\/wp\/v2\/product\/143679\/revisions"}],"wp:featuredmedia":[{"embeddable":true,"href":"https:\/\/stylingagenten.com\/da\/wp-json\/wp\/v2\/media\/143673"}],"wp:attachment":[{"href":"https:\/\/stylingagenten.com\/da\/wp-json\/wp\/v2\/media?parent=143679"}],"wp:term":[{"taxonomy":"product_brand","embeddable":true,"href":"https:\/\/stylingagenten.com\/da\/wp-json\/wp\/v2\/product_brand?post=143679"},{"taxonomy":"product_cat","embeddable":true,"href":"https:\/\/stylingagenten.com\/da\/wp-json\/wp\/v2\/product_cat?post=143679"},{"taxonomy":"product_tag","embeddable":true,"href":"https:\/\/stylingagenten.com\/da\/wp-json\/wp\/v2\/product_tag?post=143679"},{"taxonomy":"berocket_brand","embeddable":true,"href":"https:\/\/stylingagenten.com\/da\/wp-json\/wp\/v2\/berocket_brand?post=143679"}],"curies":[{"name":"wp","href":"https:\/\/api.w.org\/{rel}","templated":true}]}}