{"id":143665,"date":"2025-05-18T23:20:56","date_gmt":"2025-05-18T23:20:56","guid":{"rendered":"https:\/\/staging2.stylingagenten.com\/da\/produkt\/kokie-refresh-hydrating-setting-spray\/"},"modified":"2026-03-01T11:06:39","modified_gmt":"2026-03-01T11:06:39","slug":"kokie-refresh-hydrating-setting-spray","status":"publish","type":"product","link":"https:\/\/stylingagenten.com\/da\/produkt\/kokie-refresh-hydrating-setting-spray\/","title":{"rendered":"Kokie Refresh Hydrating Setting Spray"},"content":{"rendered":"<p>Kokie Refresh Hydrating Setting Spray er en klar, fin t\u00e5ge, der forhindrer makeup i at udtv\u00e6re og giver en let rehydrering til t\u00f8r hud, samtidig med at den holder lang levetid. din makeup i l\u00f8bet af dagen. Tilf\u00f8j 2-3 sprays og lad t\u00f8rre for at fugte, opfriske og fuldende dit look.<\/p>\n<p>Indhold: 59,8 ml<\/p>\n<p> p&gt;<\/p>\n","protected":false},"excerpt":{"rendered":"<p>Kokie Refresh Hydrating Setting Spray er en klar, fin t\u00e5ge, der forhindrer makeup i at udtv\u00e6re og giver en let rehydrering til t\u00f8r hud, samtidig med at den holder lang levetid. din makeup i l\u00f8bet af dagen. Tilf\u00f8j 2-3 sprays og lad t\u00f8rre for at fugte, opfriske og fuldende dit look. Indhold: 59,8 ml p&gt;<\/p>\n","protected":false},"featured_media":143659,"comment_status":"open","ping_status":"closed","template":"","meta":{"_trash_the_other_posts":false},"product_brand":[],"product_cat":[617],"product_tag":[],"berocket_brand":[1198],"class_list":{"0":"post-143665","1":"product","2":"type-product","3":"status-publish","4":"has-post-thumbnail","6":"product_cat-indstillingsspray","7":"pa_brand-kokie-cosmetics","8":"berocket_brand-kokie-cosmetics","10":"first","11":"instock","12":"sale","13":"taxable","14":"shipping-taxable","15":"purchasable","16":"product-type-simple"},"_links":{"self":[{"href":"https:\/\/stylingagenten.com\/da\/wp-json\/wp\/v2\/product\/143665","targetHints":{"allow":["GET"]}}],"collection":[{"href":"https:\/\/stylingagenten.com\/da\/wp-json\/wp\/v2\/product"}],"about":[{"href":"https:\/\/stylingagenten.com\/da\/wp-json\/wp\/v2\/types\/product"}],"replies":[{"embeddable":true,"href":"https:\/\/stylingagenten.com\/da\/wp-json\/wp\/v2\/comments?post=143665"}],"version-history":[{"count":0,"href":"https:\/\/stylingagenten.com\/da\/wp-json\/wp\/v2\/product\/143665\/revisions"}],"wp:featuredmedia":[{"embeddable":true,"href":"https:\/\/stylingagenten.com\/da\/wp-json\/wp\/v2\/media\/143659"}],"wp:attachment":[{"href":"https:\/\/stylingagenten.com\/da\/wp-json\/wp\/v2\/media?parent=143665"}],"wp:term":[{"taxonomy":"product_brand","embeddable":true,"href":"https:\/\/stylingagenten.com\/da\/wp-json\/wp\/v2\/product_brand?post=143665"},{"taxonomy":"product_cat","embeddable":true,"href":"https:\/\/stylingagenten.com\/da\/wp-json\/wp\/v2\/product_cat?post=143665"},{"taxonomy":"product_tag","embeddable":true,"href":"https:\/\/stylingagenten.com\/da\/wp-json\/wp\/v2\/product_tag?post=143665"},{"taxonomy":"berocket_brand","embeddable":true,"href":"https:\/\/stylingagenten.com\/da\/wp-json\/wp\/v2\/berocket_brand?post=143665"}],"curies":[{"name":"wp","href":"https:\/\/api.w.org\/{rel}","templated":true}]}}