{"id":143641,"date":"2025-05-18T23:20:48","date_gmt":"2025-05-18T23:20:48","guid":{"rendered":"https:\/\/staging2.stylingagenten.com\/da\/produkt\/wet-n-wild-photo-focus-natural-setting-mist-65ml\/"},"modified":"2025-12-18T21:58:54","modified_gmt":"2025-12-18T21:58:54","slug":"wet-n-wild-photo-focus-natural-setting-mist-65ml","status":"publish","type":"product","link":"https:\/\/stylingagenten.com\/da\/produkt\/wet-n-wild-photo-focus-natural-setting-mist-65ml\/","title":{"rendered":"Wet n Wild Photo Focus Natural Setting Mist 65ml"},"content":{"rendered":"<p>Wet n Wild Photo Focus Natural Setting Mist er en fikseringsspray med en naturlig finish, der holder makeuppen p\u00e5 plads. Den fikserer blidt makeuppen og giver huden et bl\u00f8dt look. Let og ekstremt behagelig at have p\u00e5. Beroliger huden med vitamin E og B5 og holder i op til 24 timer.*<\/p>\n<p>65 ml<\/p>\n","protected":false},"excerpt":{"rendered":"<p>Wet n Wild Photo Focus Natural Setting Mist er en fikseringsspray med en naturlig finish, der holder makeuppen p\u00e5 plads. Den fikserer blidt makeuppen og giver huden et bl\u00f8dt look. Let og ekstremt behagelig at have p\u00e5. Beroliger huden med vitamin E og B5 og holder i op til 24 timer.* 65 ml<\/p>\n","protected":false},"featured_media":143628,"comment_status":"open","ping_status":"closed","template":"","meta":{"_trash_the_other_posts":false},"product_brand":[],"product_cat":[617],"product_tag":[],"berocket_brand":[1035],"class_list":{"0":"post-143641","1":"product","2":"type-product","3":"status-publish","4":"has-post-thumbnail","6":"product_cat-indstillingsspray","7":"pa_brand-wet-n-wild","8":"berocket_brand-wet-n-wild","10":"first","11":"instock","12":"sale","13":"taxable","14":"shipping-taxable","15":"purchasable","16":"product-type-simple"},"_links":{"self":[{"href":"https:\/\/stylingagenten.com\/da\/wp-json\/wp\/v2\/product\/143641","targetHints":{"allow":["GET"]}}],"collection":[{"href":"https:\/\/stylingagenten.com\/da\/wp-json\/wp\/v2\/product"}],"about":[{"href":"https:\/\/stylingagenten.com\/da\/wp-json\/wp\/v2\/types\/product"}],"replies":[{"embeddable":true,"href":"https:\/\/stylingagenten.com\/da\/wp-json\/wp\/v2\/comments?post=143641"}],"version-history":[{"count":0,"href":"https:\/\/stylingagenten.com\/da\/wp-json\/wp\/v2\/product\/143641\/revisions"}],"wp:featuredmedia":[{"embeddable":true,"href":"https:\/\/stylingagenten.com\/da\/wp-json\/wp\/v2\/media\/143628"}],"wp:attachment":[{"href":"https:\/\/stylingagenten.com\/da\/wp-json\/wp\/v2\/media?parent=143641"}],"wp:term":[{"taxonomy":"product_brand","embeddable":true,"href":"https:\/\/stylingagenten.com\/da\/wp-json\/wp\/v2\/product_brand?post=143641"},{"taxonomy":"product_cat","embeddable":true,"href":"https:\/\/stylingagenten.com\/da\/wp-json\/wp\/v2\/product_cat?post=143641"},{"taxonomy":"product_tag","embeddable":true,"href":"https:\/\/stylingagenten.com\/da\/wp-json\/wp\/v2\/product_tag?post=143641"},{"taxonomy":"berocket_brand","embeddable":true,"href":"https:\/\/stylingagenten.com\/da\/wp-json\/wp\/v2\/berocket_brand?post=143641"}],"curies":[{"name":"wp","href":"https:\/\/api.w.org\/{rel}","templated":true}]}}