{"id":143637,"date":"2025-05-18T23:20:48","date_gmt":"2025-05-18T23:20:48","guid":{"rendered":"https:\/\/staging2.stylingagenten.com\/da\/produkt\/maybelline-face-studio-lasting-fix-setting-spray-100ml\/"},"modified":"2026-04-13T07:10:08","modified_gmt":"2026-04-13T07:10:08","slug":"maybelline-face-studio-lasting-fix-setting-spray-100ml","status":"publish","type":"product","link":"https:\/\/stylingagenten.com\/da\/produkt\/maybelline-face-studio-lasting-fix-setting-spray-100ml\/","title":{"rendered":"Maybelline Face Studio Lasting Fix Setting Spray 100ml"},"content":{"rendered":"<p>Behold din foundation, pudder, &ouml;skygge og &ouml;bryn p\u00e5&ouml; plads i op til 16 timer. F&aring; maksimal mat effekt og forbedre din makeup med Maybellines langtidsholdbare setting spray. Denne lette spray kontrollerer glansen og skaber en mat finish, der holder hele dagen.<\/p>\n<p>Ryst flasken godt. Hold flasken 20-25 cm fra dit ansigt og luk \u00f8jnene. Spray ansigtet i en cirkul\u00e6r bev\u00e6gelse.<\/p>\n","protected":false},"excerpt":{"rendered":"<p>Behold din foundation, pudder, &ouml;skygge og &ouml;bryn p\u00e5&ouml; plads i op til 16 timer. F&aring; maksimal mat effekt og forbedre din makeup med Maybellines langtidsholdbare setting spray. Denne lette spray kontrollerer glansen og skaber en mat finish, der holder hele dagen. Ryst flasken godt. Hold flasken 20-25 cm fra dit ansigt og luk \u00f8jnene. Spray [&hellip;]<\/p>\n","protected":false},"featured_media":143636,"comment_status":"open","ping_status":"closed","template":"","meta":{"_trash_the_other_posts":false},"product_brand":[],"product_cat":[617],"product_tag":[],"berocket_brand":[1016],"class_list":{"0":"post-143637","1":"product","2":"type-product","3":"status-publish","4":"has-post-thumbnail","6":"product_cat-indstillingsspray","7":"pa_brand-maybelline","8":"berocket_brand-maybelline","10":"first","11":"instock","12":"sale","13":"taxable","14":"shipping-taxable","15":"purchasable","16":"product-type-simple"},"_links":{"self":[{"href":"https:\/\/stylingagenten.com\/da\/wp-json\/wp\/v2\/product\/143637","targetHints":{"allow":["GET"]}}],"collection":[{"href":"https:\/\/stylingagenten.com\/da\/wp-json\/wp\/v2\/product"}],"about":[{"href":"https:\/\/stylingagenten.com\/da\/wp-json\/wp\/v2\/types\/product"}],"replies":[{"embeddable":true,"href":"https:\/\/stylingagenten.com\/da\/wp-json\/wp\/v2\/comments?post=143637"}],"version-history":[{"count":0,"href":"https:\/\/stylingagenten.com\/da\/wp-json\/wp\/v2\/product\/143637\/revisions"}],"wp:featuredmedia":[{"embeddable":true,"href":"https:\/\/stylingagenten.com\/da\/wp-json\/wp\/v2\/media\/143636"}],"wp:attachment":[{"href":"https:\/\/stylingagenten.com\/da\/wp-json\/wp\/v2\/media?parent=143637"}],"wp:term":[{"taxonomy":"product_brand","embeddable":true,"href":"https:\/\/stylingagenten.com\/da\/wp-json\/wp\/v2\/product_brand?post=143637"},{"taxonomy":"product_cat","embeddable":true,"href":"https:\/\/stylingagenten.com\/da\/wp-json\/wp\/v2\/product_cat?post=143637"},{"taxonomy":"product_tag","embeddable":true,"href":"https:\/\/stylingagenten.com\/da\/wp-json\/wp\/v2\/product_tag?post=143637"},{"taxonomy":"berocket_brand","embeddable":true,"href":"https:\/\/stylingagenten.com\/da\/wp-json\/wp\/v2\/berocket_brand?post=143637"}],"curies":[{"name":"wp","href":"https:\/\/api.w.org\/{rel}","templated":true}]}}