{"id":143631,"date":"2025-05-18T23:20:47","date_gmt":"2025-05-18T23:20:47","guid":{"rendered":"https:\/\/staging2.stylingagenten.com\/da\/produkt\/artdeco-3-in-1-make-up-fixing-spray-100ml\/"},"modified":"2025-11-19T12:17:04","modified_gmt":"2025-11-19T12:17:04","slug":"artdeco-3-in-1-make-up-fixing-spray-100ml","status":"publish","type":"product","link":"https:\/\/stylingagenten.com\/da\/produkt\/artdeco-3-in-1-make-up-fixing-spray-100ml\/","title":{"rendered":"Artdeco 3 In 1 Make-Up Fixing Spray 100ml"},"content":{"rendered":"<p>Artdeco 3 In 1 MakeUp Fixing Spray 100ml<br \/>3 in 1 MakeUp Fixing Spray er en multifunktionel setting spray, der fungerer som en primer, fikserer din make-up og fungerer som en fugtighedscreme &#8211; og du f\u00e5r samtidig en dejlig gl\u00f8d ! Troldn\u00f8dvand har en anti-inflammatorisk effekt, allantoin aktiverer og accelererer cellefornyelsen og mikrofine vandperler absorberes straks og revitaliserer huden.<br \/>\u2022 Multifunktionel setting spray<br \/>\u2022 Primer, fikserende og fugtgivende<br \/>\u2022 Indeholder heks hasselvand, allantoin og mikrofine vandperler<br \/>\u2022 Vegansk<\/p>\n","protected":false},"excerpt":{"rendered":"<p>Artdeco 3 In 1 MakeUp Fixing Spray 100ml3 in 1 MakeUp Fixing Spray er en multifunktionel setting spray, der fungerer som en primer, fikserer din make-up og fungerer som en fugtighedscreme &#8211; og du f\u00e5r samtidig en dejlig gl\u00f8d ! Troldn\u00f8dvand har en anti-inflammatorisk effekt, allantoin aktiverer og accelererer cellefornyelsen og mikrofine vandperler absorberes straks [&hellip;]<\/p>\n","protected":false},"featured_media":143629,"comment_status":"open","ping_status":"closed","template":"","meta":{"_trash_the_other_posts":false},"product_brand":[],"product_cat":[617],"product_tag":[],"berocket_brand":[1385],"class_list":{"0":"post-143631","1":"product","2":"type-product","3":"status-publish","4":"has-post-thumbnail","6":"product_cat-indstillingsspray","7":"pa_brand-artdeco","8":"berocket_brand-artdeco","10":"first","11":"outofstock","12":"sale","13":"taxable","14":"shipping-taxable","15":"purchasable","16":"product-type-simple"},"_links":{"self":[{"href":"https:\/\/stylingagenten.com\/da\/wp-json\/wp\/v2\/product\/143631","targetHints":{"allow":["GET"]}}],"collection":[{"href":"https:\/\/stylingagenten.com\/da\/wp-json\/wp\/v2\/product"}],"about":[{"href":"https:\/\/stylingagenten.com\/da\/wp-json\/wp\/v2\/types\/product"}],"replies":[{"embeddable":true,"href":"https:\/\/stylingagenten.com\/da\/wp-json\/wp\/v2\/comments?post=143631"}],"version-history":[{"count":0,"href":"https:\/\/stylingagenten.com\/da\/wp-json\/wp\/v2\/product\/143631\/revisions"}],"wp:featuredmedia":[{"embeddable":true,"href":"https:\/\/stylingagenten.com\/da\/wp-json\/wp\/v2\/media\/143629"}],"wp:attachment":[{"href":"https:\/\/stylingagenten.com\/da\/wp-json\/wp\/v2\/media?parent=143631"}],"wp:term":[{"taxonomy":"product_brand","embeddable":true,"href":"https:\/\/stylingagenten.com\/da\/wp-json\/wp\/v2\/product_brand?post=143631"},{"taxonomy":"product_cat","embeddable":true,"href":"https:\/\/stylingagenten.com\/da\/wp-json\/wp\/v2\/product_cat?post=143631"},{"taxonomy":"product_tag","embeddable":true,"href":"https:\/\/stylingagenten.com\/da\/wp-json\/wp\/v2\/product_tag?post=143631"},{"taxonomy":"berocket_brand","embeddable":true,"href":"https:\/\/stylingagenten.com\/da\/wp-json\/wp\/v2\/berocket_brand?post=143631"}],"curies":[{"name":"wp","href":"https:\/\/api.w.org\/{rel}","templated":true}]}}