{"id":143555,"date":"2025-05-18T23:20:20","date_gmt":"2025-05-18T23:20:20","guid":{"rendered":"https:\/\/staging2.stylingagenten.com\/da\/produkt\/decleor-antidote-essential-oils-hyaluronic-acid-concentrate-30ml\/"},"modified":"2025-11-19T11:29:21","modified_gmt":"2025-11-19T11:29:21","slug":"decleor-antidote-essential-oils-hyaluronic-acid-concentrate-30ml","status":"publish","type":"product","link":"https:\/\/stylingagenten.com\/da\/produkt\/decleor-antidote-essential-oils-hyaluronic-acid-concentrate-30ml\/","title":{"rendered":"Decleor Antidote Essential Oils + Hyaluronic Acid Concentrate 30ml"},"content":{"rendered":"<p>Decleor Antidote Serum &auml;er et serum med \u00e6teriske olier og&nbsp;hyaluronsyre. Med ingredienser, der er 97% af naturlig oprindelse, har dette serum en udglattende effekt, der tilf\u00f8jer en smuk gl\u00f8d til huden. Antidote styrker hudbarrieren og er det perfekte serum til at starte dagen og din hudplejerutine med. Den lette tekstur giver en opkvikkende og frisk f\u00f8lelse hver morgen og efterlader huden bl\u00f8d, glat og behagelig hele dagen.&nbsp;<\/p>\n<p>Den patentanmeldte formel kombinerer \u00e6teriske olier fra pebermynte, sandeltr\u00e6, patchouli og hyaluronsyre, med h\u00f8j molekylv\u00e6gt af naturlig oprindelse.<\/p>\n<p>Antidot Serum passer til alle hudtyper: t\u00f8r hud, uj\u00e6vn hud, fedtet hud og f\u00f8lsom hud.<\/p>\n","protected":false},"excerpt":{"rendered":"<p>Decleor Antidote Serum &auml;er et serum med \u00e6teriske olier og&nbsp;hyaluronsyre. Med ingredienser, der er 97% af naturlig oprindelse, har dette serum en udglattende effekt, der tilf\u00f8jer en smuk gl\u00f8d til huden. Antidote styrker hudbarrieren og er det perfekte serum til at starte dagen og din hudplejerutine med. Den lette tekstur giver en opkvikkende og frisk [&hellip;]<\/p>\n","protected":false},"featured_media":143547,"comment_status":"open","ping_status":"closed","template":"","meta":{"_trash_the_other_posts":false},"product_brand":[],"product_cat":[614],"product_tag":[],"berocket_brand":[1283],"class_list":{"0":"post-143555","1":"product","2":"type-product","3":"status-publish","4":"has-post-thumbnail","6":"product_cat-serum","7":"pa_brand-decleor","8":"berocket_brand-decleor","10":"first","11":"outofstock","12":"sale","13":"taxable","14":"shipping-taxable","15":"purchasable","16":"product-type-simple"},"_links":{"self":[{"href":"https:\/\/stylingagenten.com\/da\/wp-json\/wp\/v2\/product\/143555","targetHints":{"allow":["GET"]}}],"collection":[{"href":"https:\/\/stylingagenten.com\/da\/wp-json\/wp\/v2\/product"}],"about":[{"href":"https:\/\/stylingagenten.com\/da\/wp-json\/wp\/v2\/types\/product"}],"replies":[{"embeddable":true,"href":"https:\/\/stylingagenten.com\/da\/wp-json\/wp\/v2\/comments?post=143555"}],"version-history":[{"count":0,"href":"https:\/\/stylingagenten.com\/da\/wp-json\/wp\/v2\/product\/143555\/revisions"}],"wp:featuredmedia":[{"embeddable":true,"href":"https:\/\/stylingagenten.com\/da\/wp-json\/wp\/v2\/media\/143547"}],"wp:attachment":[{"href":"https:\/\/stylingagenten.com\/da\/wp-json\/wp\/v2\/media?parent=143555"}],"wp:term":[{"taxonomy":"product_brand","embeddable":true,"href":"https:\/\/stylingagenten.com\/da\/wp-json\/wp\/v2\/product_brand?post=143555"},{"taxonomy":"product_cat","embeddable":true,"href":"https:\/\/stylingagenten.com\/da\/wp-json\/wp\/v2\/product_cat?post=143555"},{"taxonomy":"product_tag","embeddable":true,"href":"https:\/\/stylingagenten.com\/da\/wp-json\/wp\/v2\/product_tag?post=143555"},{"taxonomy":"berocket_brand","embeddable":true,"href":"https:\/\/stylingagenten.com\/da\/wp-json\/wp\/v2\/berocket_brand?post=143555"}],"curies":[{"name":"wp","href":"https:\/\/api.w.org\/{rel}","templated":true}]}}