{"id":143534,"date":"2025-05-18T23:20:12","date_gmt":"2025-05-18T23:20:12","guid":{"rendered":"https:\/\/staging2.stylingagenten.com\/da\/produkt\/filorga-neocica-moisturizing-repairing-care-40ml\/"},"modified":"2026-04-02T09:36:29","modified_gmt":"2026-04-02T09:36:29","slug":"filorga-neocica-moisturizing-repairing-care-40ml","status":"publish","type":"product","link":"https:\/\/stylingagenten.com\/da\/produkt\/filorga-neocica-moisturizing-repairing-care-40ml\/","title":{"rendered":"Filorga Neocica Moisturizing Repairing Care 40ml"},"content":{"rendered":"<p>Denne reparerende hudpleje med en beroligende og reparerende formel kombinerer:<\/p>\n<p>&#8211; et kompleks rigt p\u00e5; beroligende rhamnose til at dulme f\u00f8lelsen af \u200b\u200birritation.<\/p>\n<p>&#8211; et urinstofderivat beriget med indkapslet hyaluronsyre for varig hydrering.<\/p>\n<p>Ikke-fedtet let cremetekstur &#8211; ekstremt beroligende. 40 ml<\/p>\n<p><strong>Anvendelse<\/strong>:<\/p>\n<p>P\u00e5f\u00f8res 3 til 6 gange om dagen p\u00e5 det beskadigede omr\u00e5de i meget lette duppebev\u00e6gelser. Designet til at blive p\u00e5f\u00f8rt efter \u00e6stetiske procedurer og p&aring; &auml;rr.<\/p>\n","protected":false},"excerpt":{"rendered":"<p>Denne reparerende hudpleje med en beroligende og reparerende formel kombinerer: &#8211; et kompleks rigt p\u00e5; beroligende rhamnose til at dulme f\u00f8lelsen af \u200b\u200birritation. &#8211; et urinstofderivat beriget med indkapslet hyaluronsyre for varig hydrering. Ikke-fedtet let cremetekstur &#8211; ekstremt beroligende. 40 ml Anvendelse: P\u00e5f\u00f8res 3 til 6 gange om dagen p\u00e5 det beskadigede omr\u00e5de i meget [&hellip;]<\/p>\n","protected":false},"featured_media":143533,"comment_status":"open","ping_status":"closed","template":"","meta":{"_trash_the_other_posts":false},"product_brand":[],"product_cat":[614],"product_tag":[],"berocket_brand":[1317],"class_list":{"0":"post-143534","1":"product","2":"type-product","3":"status-publish","4":"has-post-thumbnail","6":"product_cat-serum","7":"pa_brand-filorga","8":"berocket_brand-filorga","10":"first","11":"instock","12":"sale","13":"taxable","14":"shipping-taxable","15":"purchasable","16":"product-type-simple"},"_links":{"self":[{"href":"https:\/\/stylingagenten.com\/da\/wp-json\/wp\/v2\/product\/143534","targetHints":{"allow":["GET"]}}],"collection":[{"href":"https:\/\/stylingagenten.com\/da\/wp-json\/wp\/v2\/product"}],"about":[{"href":"https:\/\/stylingagenten.com\/da\/wp-json\/wp\/v2\/types\/product"}],"replies":[{"embeddable":true,"href":"https:\/\/stylingagenten.com\/da\/wp-json\/wp\/v2\/comments?post=143534"}],"version-history":[{"count":0,"href":"https:\/\/stylingagenten.com\/da\/wp-json\/wp\/v2\/product\/143534\/revisions"}],"wp:featuredmedia":[{"embeddable":true,"href":"https:\/\/stylingagenten.com\/da\/wp-json\/wp\/v2\/media\/143533"}],"wp:attachment":[{"href":"https:\/\/stylingagenten.com\/da\/wp-json\/wp\/v2\/media?parent=143534"}],"wp:term":[{"taxonomy":"product_brand","embeddable":true,"href":"https:\/\/stylingagenten.com\/da\/wp-json\/wp\/v2\/product_brand?post=143534"},{"taxonomy":"product_cat","embeddable":true,"href":"https:\/\/stylingagenten.com\/da\/wp-json\/wp\/v2\/product_cat?post=143534"},{"taxonomy":"product_tag","embeddable":true,"href":"https:\/\/stylingagenten.com\/da\/wp-json\/wp\/v2\/product_tag?post=143534"},{"taxonomy":"berocket_brand","embeddable":true,"href":"https:\/\/stylingagenten.com\/da\/wp-json\/wp\/v2\/berocket_brand?post=143534"}],"curies":[{"name":"wp","href":"https:\/\/api.w.org\/{rel}","templated":true}]}}