{"id":143530,"date":"2025-05-18T23:20:11","date_gmt":"2025-05-18T23:20:11","guid":{"rendered":"https:\/\/staging2.stylingagenten.com\/da\/produkt\/shiseido-ultimune-power-infusing-concentrate-50ml\/"},"modified":"2025-12-18T21:56:22","modified_gmt":"2025-12-18T21:56:22","slug":"shiseido-ultimune-power-infusing-concentrate-50ml","status":"publish","type":"product","link":"https:\/\/stylingagenten.com\/da\/produkt\/shiseido-ultimune-power-infusing-concentrate-50ml\/","title":{"rendered":"Shiseido Ultimune Power Infusing Concentrate 50ml"},"content":{"rendered":"<p>Shiseidos # 1 SERUM<\/p>\n<p>&nbsp;<\/p>\n<p>Ultimune er et antioxidantkraftv\u00e6rk, der styrker huden mod daglige skader og synlige \u00e6ldningstegn. Aldring. Det er et universalserum til alle hudtyper og hudtoner.<\/p>\n<p>Alle nyder godt af Ultimune<\/p>\n<p>Shiseido Innovation i hver Ultimune-flaske<\/p>\n<p>Bygget p\u00e5 ; 20 \u00e5rs forskning<\/p>\n<p>Med 32 globale patenter<\/p>\n<p>Vinder af 179 globale sk\u00f8nhedspriser<\/p>\n<p>Elsket af over 10 millioner brugere verden over<\/p>\n<p>1 Ultimune s\u00e6lges hvert syvende sekund p\u00e5 verdensplan<\/p>\n","protected":false},"excerpt":{"rendered":"<p>Shiseidos # 1 SERUM &nbsp; Ultimune er et antioxidantkraftv\u00e6rk, der styrker huden mod daglige skader og synlige \u00e6ldningstegn. Aldring. Det er et universalserum til alle hudtyper og hudtoner. Alle nyder godt af Ultimune Shiseido Innovation i hver Ultimune-flaske Bygget p\u00e5 ; 20 \u00e5rs forskning Med 32 globale patenter Vinder af 179 globale sk\u00f8nhedspriser Elsket af [&hellip;]<\/p>\n","protected":false},"featured_media":143525,"comment_status":"open","ping_status":"closed","template":"","meta":{"_trash_the_other_posts":false},"product_brand":[],"product_cat":[614],"product_tag":[3999],"berocket_brand":[1193],"class_list":{"0":"post-143530","1":"product","2":"type-product","3":"status-publish","4":"has-post-thumbnail","6":"product_cat-serum","7":"product_tag-shiseido-ultimune-power-infusing-concentrate","8":"pa_brand-shiseido","9":"pa_variant-50ml","10":"berocket_brand-shiseido","12":"first","13":"instock","14":"sale","15":"taxable","16":"shipping-taxable","17":"purchasable","18":"product-type-simple"},"_links":{"self":[{"href":"https:\/\/stylingagenten.com\/da\/wp-json\/wp\/v2\/product\/143530","targetHints":{"allow":["GET"]}}],"collection":[{"href":"https:\/\/stylingagenten.com\/da\/wp-json\/wp\/v2\/product"}],"about":[{"href":"https:\/\/stylingagenten.com\/da\/wp-json\/wp\/v2\/types\/product"}],"replies":[{"embeddable":true,"href":"https:\/\/stylingagenten.com\/da\/wp-json\/wp\/v2\/comments?post=143530"}],"version-history":[{"count":0,"href":"https:\/\/stylingagenten.com\/da\/wp-json\/wp\/v2\/product\/143530\/revisions"}],"wp:featuredmedia":[{"embeddable":true,"href":"https:\/\/stylingagenten.com\/da\/wp-json\/wp\/v2\/media\/143525"}],"wp:attachment":[{"href":"https:\/\/stylingagenten.com\/da\/wp-json\/wp\/v2\/media?parent=143530"}],"wp:term":[{"taxonomy":"product_brand","embeddable":true,"href":"https:\/\/stylingagenten.com\/da\/wp-json\/wp\/v2\/product_brand?post=143530"},{"taxonomy":"product_cat","embeddable":true,"href":"https:\/\/stylingagenten.com\/da\/wp-json\/wp\/v2\/product_cat?post=143530"},{"taxonomy":"product_tag","embeddable":true,"href":"https:\/\/stylingagenten.com\/da\/wp-json\/wp\/v2\/product_tag?post=143530"},{"taxonomy":"berocket_brand","embeddable":true,"href":"https:\/\/stylingagenten.com\/da\/wp-json\/wp\/v2\/berocket_brand?post=143530"}],"curies":[{"name":"wp","href":"https:\/\/api.w.org\/{rel}","templated":true}]}}