{"id":143477,"date":"2025-05-18T23:19:55","date_gmt":"2025-05-18T23:19:55","guid":{"rendered":"https:\/\/staging2.stylingagenten.com\/da\/produkt\/filorga-age-purify-intensive-serum-30ml\/"},"modified":"2026-03-27T21:58:36","modified_gmt":"2026-03-27T21:58:36","slug":"filorga-age-purify-intensive-serum-30ml","status":"publish","type":"product","link":"https:\/\/stylingagenten.com\/da\/produkt\/filorga-age-purify-intensive-serum-30ml\/","title":{"rendered":"Filorga Age-Purify Intensive Serum 30ml"},"content":{"rendered":"<p>Anti-aging serum mod rynker og ubalanceret hud. Et anti-aldrings- og anti-forureningsserum med en unik formel, udviklet af eksperter i \u00e6stetisk medicin og dermatologi.<\/p>\n<p>Huden bliver mere afbalanceret, klarere med f\u00e6rre rynker, samtidig med at den beskytter mod forurening. Beriget med planteekstrakter, der genopretter hudens balance med en langvarig effekt.<\/p>\n<p>Et serum med en ultralet fugtgivende tekstur velegnet til kombineret eller fedtet hud, der er ude af balance.<\/p>\n<p>&#8211; Udglatter og udfylder rynker<br \/>&#8211; Krymp porer<br \/>&#8211; Reducerer bumser og pletter<br \/>&#8211; Mattg\u00f8r huden<br \/>&#8211; Genbalancerer huden<\/p>\n<p>HYALURO-YOUTH CX en kombination af tre anti- rynkeingredienser, der har en plumpende og udglattede effekt til at korrigere rynker og fine linjer. Udj\u00e6vnende effekt efter 7 dage.<\/p>\n<p>DERMO-RESCUE CX [5 mikro-peeling syrer + zink + vegetabilsk ekstrakt] giver korrektion mod pletter og ubalanceret hud. Synlig effekt efter 7 dage.<\/p>\n<p>Plantebaseret ekstrakt giver en langsigtet genopretning af hudens balance.<\/p>\n<p>Sk\u00f8nhedstips! P\u00e5f\u00f8r forsigtigt p\u00e5 ufuldkommenheder og pletter, undg\u00e5 at p\u00e5f\u00f8re for meget p\u00e5 disse omr\u00e5der.<\/p>\n","protected":false},"excerpt":{"rendered":"<p>Anti-aging serum mod rynker og ubalanceret hud. Et anti-aldrings- og anti-forureningsserum med en unik formel, udviklet af eksperter i \u00e6stetisk medicin og dermatologi. Huden bliver mere afbalanceret, klarere med f\u00e6rre rynker, samtidig med at den beskytter mod forurening. Beriget med planteekstrakter, der genopretter hudens balance med en langvarig effekt. Et serum med en ultralet fugtgivende [&hellip;]<\/p>\n","protected":false},"featured_media":143461,"comment_status":"open","ping_status":"closed","template":"","meta":{"_trash_the_other_posts":false},"product_brand":[],"product_cat":[614],"product_tag":[],"berocket_brand":[1317],"class_list":{"0":"post-143477","1":"product","2":"type-product","3":"status-publish","4":"has-post-thumbnail","6":"product_cat-serum","7":"pa_brand-filorga","8":"berocket_brand-filorga","10":"first","11":"instock","12":"sale","13":"taxable","14":"shipping-taxable","15":"purchasable","16":"product-type-simple"},"_links":{"self":[{"href":"https:\/\/stylingagenten.com\/da\/wp-json\/wp\/v2\/product\/143477","targetHints":{"allow":["GET"]}}],"collection":[{"href":"https:\/\/stylingagenten.com\/da\/wp-json\/wp\/v2\/product"}],"about":[{"href":"https:\/\/stylingagenten.com\/da\/wp-json\/wp\/v2\/types\/product"}],"replies":[{"embeddable":true,"href":"https:\/\/stylingagenten.com\/da\/wp-json\/wp\/v2\/comments?post=143477"}],"version-history":[{"count":0,"href":"https:\/\/stylingagenten.com\/da\/wp-json\/wp\/v2\/product\/143477\/revisions"}],"wp:featuredmedia":[{"embeddable":true,"href":"https:\/\/stylingagenten.com\/da\/wp-json\/wp\/v2\/media\/143461"}],"wp:attachment":[{"href":"https:\/\/stylingagenten.com\/da\/wp-json\/wp\/v2\/media?parent=143477"}],"wp:term":[{"taxonomy":"product_brand","embeddable":true,"href":"https:\/\/stylingagenten.com\/da\/wp-json\/wp\/v2\/product_brand?post=143477"},{"taxonomy":"product_cat","embeddable":true,"href":"https:\/\/stylingagenten.com\/da\/wp-json\/wp\/v2\/product_cat?post=143477"},{"taxonomy":"product_tag","embeddable":true,"href":"https:\/\/stylingagenten.com\/da\/wp-json\/wp\/v2\/product_tag?post=143477"},{"taxonomy":"berocket_brand","embeddable":true,"href":"https:\/\/stylingagenten.com\/da\/wp-json\/wp\/v2\/berocket_brand?post=143477"}],"curies":[{"name":"wp","href":"https:\/\/api.w.org\/{rel}","templated":true}]}}