{"id":143343,"date":"2025-05-18T23:19:11","date_gmt":"2025-05-18T23:19:11","guid":{"rendered":"https:\/\/staging2.stylingagenten.com\/da\/produkt\/elizabeth-arden-hyaluronic-acid-ceramide-capsules-hydra-plumping-serum-30-pcs\/"},"modified":"2026-04-10T16:38:31","modified_gmt":"2026-04-10T16:38:31","slug":"elizabeth-arden-hyaluronic-acid-ceramide-capsules-hydra-plumping-serum-30-pcs","status":"publish","type":"product","link":"https:\/\/stylingagenten.com\/da\/produkt\/elizabeth-arden-hyaluronic-acid-ceramide-capsules-hydra-plumping-serum-30-pcs\/","title":{"rendered":"Elizabeth Arden Hyaluronic Acid Ceramide Capsules Hydra-Plumping Serum 30 pcs"},"content":{"rendered":"<p>Elizabeth Arden Hyaluronic Acid Ceramide Capsules Hydra-Plumping Serum 30 stk.<br \/>Elizabeth Arden introducerer endnu et stjerneprodukt i sin popul\u00e6re Ceramide-linje, Ceramide Hyaluronic Acid Capsules, som m\u00e5l-leverer den daglige dosis af essentielle ceramider og hyaluronsyre.<br \/>&#8211; <br \/> Kapslernes dobbelte &#8220;l\u00e5sesystem&#8221; betyder, at hyaluronsyren tr\u00e6kker fugt ind i huden, mens ceramider styrker hudbarrieren, som igen l\u00e5ser fugten ind og f\u00e5r den til at blive siddende. Ceramiderne og hyaluronsyren komplementerer hinanden p\u00e5 flere gavnlige m\u00e5der \u2013 de genopretter de basale ungdomsfaktorer, som huden har brug for, men taber over tid og arbejder med fugt: hyaluronsyrens forskellige molekylst\u00f8rrelser giver fugt p\u00e5 flere niveauer og hudforst\u00e6rkende ceramider booster huden barriere for at beskytte mod fugttab og udj\u00e6vne huden. Peptider til fastere hud og ingef\u00e6rekstrakt hj\u00e6lper med at definere ansigtets konturer.<br \/>&#8211;<br \/>Ceramide hyaluronsyrekapsler hj\u00e6lper dig med visuelt at fylde, fast og intensivt hydreret hud. Glem ikke, at hver kapsel er 100 % plante- og mineralbaseret og derfor biologisk nedbrydelig.<br \/>&#8211; Giver et ordentligt fugtboost, der fugter en ellers t\u00f8r hud<br \/>&#8211; Synligt styrker og redefinerer ansigtets konturer<br \/>-Fjer -let gel-serum i effektiv, potent enkeltdosis<br \/>-Fylder op med ceramider, der styrker hudbarrieren<\/p>\n","protected":false},"excerpt":{"rendered":"<p>Elizabeth Arden Hyaluronic Acid Ceramide Capsules Hydra-Plumping Serum 30 stk.Elizabeth Arden introducerer endnu et stjerneprodukt i sin popul\u00e6re Ceramide-linje, Ceramide Hyaluronic Acid Capsules, som m\u00e5l-leverer den daglige dosis af essentielle ceramider og hyaluronsyre.&#8211; Kapslernes dobbelte &#8220;l\u00e5sesystem&#8221; betyder, at hyaluronsyren tr\u00e6kker fugt ind i huden, mens ceramider styrker hudbarrieren, som igen l\u00e5ser fugten ind og f\u00e5r [&hellip;]<\/p>\n","protected":false},"featured_media":143340,"comment_status":"open","ping_status":"closed","template":"","meta":{"_trash_the_other_posts":false},"product_brand":[],"product_cat":[614],"product_tag":[],"berocket_brand":[1303],"class_list":{"0":"post-143343","1":"product","2":"type-product","3":"status-publish","4":"has-post-thumbnail","6":"product_cat-serum","7":"pa_brand-elizabeth-arden","8":"berocket_brand-elizabeth-arden","10":"first","11":"instock","12":"sale","13":"taxable","14":"shipping-taxable","15":"purchasable","16":"product-type-simple"},"_links":{"self":[{"href":"https:\/\/stylingagenten.com\/da\/wp-json\/wp\/v2\/product\/143343","targetHints":{"allow":["GET"]}}],"collection":[{"href":"https:\/\/stylingagenten.com\/da\/wp-json\/wp\/v2\/product"}],"about":[{"href":"https:\/\/stylingagenten.com\/da\/wp-json\/wp\/v2\/types\/product"}],"replies":[{"embeddable":true,"href":"https:\/\/stylingagenten.com\/da\/wp-json\/wp\/v2\/comments?post=143343"}],"version-history":[{"count":0,"href":"https:\/\/stylingagenten.com\/da\/wp-json\/wp\/v2\/product\/143343\/revisions"}],"wp:featuredmedia":[{"embeddable":true,"href":"https:\/\/stylingagenten.com\/da\/wp-json\/wp\/v2\/media\/143340"}],"wp:attachment":[{"href":"https:\/\/stylingagenten.com\/da\/wp-json\/wp\/v2\/media?parent=143343"}],"wp:term":[{"taxonomy":"product_brand","embeddable":true,"href":"https:\/\/stylingagenten.com\/da\/wp-json\/wp\/v2\/product_brand?post=143343"},{"taxonomy":"product_cat","embeddable":true,"href":"https:\/\/stylingagenten.com\/da\/wp-json\/wp\/v2\/product_cat?post=143343"},{"taxonomy":"product_tag","embeddable":true,"href":"https:\/\/stylingagenten.com\/da\/wp-json\/wp\/v2\/product_tag?post=143343"},{"taxonomy":"berocket_brand","embeddable":true,"href":"https:\/\/stylingagenten.com\/da\/wp-json\/wp\/v2\/berocket_brand?post=143343"}],"curies":[{"name":"wp","href":"https:\/\/api.w.org\/{rel}","templated":true}]}}