{"id":143339,"date":"2025-05-18T23:19:10","date_gmt":"2025-05-18T23:19:10","guid":{"rendered":"https:\/\/staging2.stylingagenten.com\/da\/produkt\/beauty-of-joseon-hanbang-serum-discovery-kit\/"},"modified":"2026-02-07T17:46:36","modified_gmt":"2026-02-07T17:46:36","slug":"beauty-of-joseon-hanbang-serum-discovery-kit","status":"publish","type":"product","link":"https:\/\/stylingagenten.com\/da\/produkt\/beauty-of-joseon-hanbang-serum-discovery-kit\/","title":{"rendered":"Beauty of Joseon Hanbang Serum Discovery Kit"},"content":{"rendered":"<p>Beauty of Joseon Hanbang Serum Discovery Kit<br \/>Dette er et s\u00e6t p\u00e5 10 ml i minist\u00f8rrelse med 4 typer serum, s\u00e5 du kan v\u00e6lge at bruge dem alt efter din hudtype eller hudproblem. Indeholder: Beroligende serum: Gr\u00f8n te + Panthenol (10 ml) Fordele : Beroligende, Beroligende Gl\u00f8d Serum : Propolis + Niacinamid (10ml )Fordele : Anti-acne, Anti-inflammationGlow Deep Serum : Ris + Alpha-Arbutin (10ml )Fordele : Antipigmentering, BrighteningRevive Serum : Snail Mucinseng (0ml) : Anti-rynke, Anti-pigmentering<\/p>\n","protected":false},"excerpt":{"rendered":"<p>Beauty of Joseon Hanbang Serum Discovery KitDette er et s\u00e6t p\u00e5 10 ml i minist\u00f8rrelse med 4 typer serum, s\u00e5 du kan v\u00e6lge at bruge dem alt efter din hudtype eller hudproblem. Indeholder: Beroligende serum: Gr\u00f8n te + Panthenol (10 ml) Fordele : Beroligende, Beroligende Gl\u00f8d Serum : Propolis + Niacinamid (10ml )Fordele : Anti-acne, [&hellip;]<\/p>\n","protected":false},"featured_media":143335,"comment_status":"open","ping_status":"closed","template":"","meta":{"_trash_the_other_posts":false},"product_brand":[],"product_cat":[1001,614],"product_tag":[],"berocket_brand":[1395],"class_list":{"0":"post-143339","1":"product","2":"type-product","3":"status-publish","4":"has-post-thumbnail","6":"product_cat-k-beauty","7":"product_cat-serum","8":"pa_brand-beauty-of-joseon","9":"berocket_brand-beauty-of-joseon","11":"first","12":"instock","13":"sale","14":"taxable","15":"shipping-taxable","16":"purchasable","17":"product-type-simple"},"_links":{"self":[{"href":"https:\/\/stylingagenten.com\/da\/wp-json\/wp\/v2\/product\/143339","targetHints":{"allow":["GET"]}}],"collection":[{"href":"https:\/\/stylingagenten.com\/da\/wp-json\/wp\/v2\/product"}],"about":[{"href":"https:\/\/stylingagenten.com\/da\/wp-json\/wp\/v2\/types\/product"}],"replies":[{"embeddable":true,"href":"https:\/\/stylingagenten.com\/da\/wp-json\/wp\/v2\/comments?post=143339"}],"version-history":[{"count":0,"href":"https:\/\/stylingagenten.com\/da\/wp-json\/wp\/v2\/product\/143339\/revisions"}],"wp:featuredmedia":[{"embeddable":true,"href":"https:\/\/stylingagenten.com\/da\/wp-json\/wp\/v2\/media\/143335"}],"wp:attachment":[{"href":"https:\/\/stylingagenten.com\/da\/wp-json\/wp\/v2\/media?parent=143339"}],"wp:term":[{"taxonomy":"product_brand","embeddable":true,"href":"https:\/\/stylingagenten.com\/da\/wp-json\/wp\/v2\/product_brand?post=143339"},{"taxonomy":"product_cat","embeddable":true,"href":"https:\/\/stylingagenten.com\/da\/wp-json\/wp\/v2\/product_cat?post=143339"},{"taxonomy":"product_tag","embeddable":true,"href":"https:\/\/stylingagenten.com\/da\/wp-json\/wp\/v2\/product_tag?post=143339"},{"taxonomy":"berocket_brand","embeddable":true,"href":"https:\/\/stylingagenten.com\/da\/wp-json\/wp\/v2\/berocket_brand?post=143339"}],"curies":[{"name":"wp","href":"https:\/\/api.w.org\/{rel}","templated":true}]}}