{"id":143306,"date":"2025-05-18T23:18:58","date_gmt":"2025-05-18T23:18:58","guid":{"rendered":"https:\/\/staging2.stylingagenten.com\/da\/produkt\/klairs-freshly-juiced-vitamin-drop-35ml\/"},"modified":"2026-01-29T07:09:45","modified_gmt":"2026-01-29T07:09:45","slug":"klairs-freshly-juiced-vitamin-drop-35ml","status":"publish","type":"product","link":"https:\/\/stylingagenten.com\/da\/produkt\/klairs-freshly-juiced-vitamin-drop-35ml\/","title":{"rendered":"Klairs Freshly Juiced Vitamin Drop 35ml"},"content":{"rendered":"<p>Klairs Freshly Juiced Vitamin Drop 35ml<br \/>Freshly Juiced Vitamin Serum indeholder koncentreret, stabilt C-vitamin (5% ascorbinsyre), som er en antioxidant, der bek\u00e6mper hudens aldring og hj\u00e6lper huden med at udj\u00e6vne hudtonen, forhindrer fremkomsten af \u200b\u200bpigmentering og \u00f8ger hudens elasticitet og minimerer fine linjer. Velegnet til alle hudtyper, ogs\u00e5 den mest f\u00f8lsomme. Som et vitaminspark i en flaske! Doseres nemt med en pipette. <\/p>\n<p>\u2022Koncentreret C-vitaminserum. <br \/>\u2022Giver tr\u00e6t og kedelig hud nyt liv. <br \/>\u2022Passer til alle hudtyper og aldre.<\/p>\n","protected":false},"excerpt":{"rendered":"<p>Klairs Freshly Juiced Vitamin Drop 35mlFreshly Juiced Vitamin Serum indeholder koncentreret, stabilt C-vitamin (5% ascorbinsyre), som er en antioxidant, der bek\u00e6mper hudens aldring og hj\u00e6lper huden med at udj\u00e6vne hudtonen, forhindrer fremkomsten af \u200b\u200bpigmentering og \u00f8ger hudens elasticitet og minimerer fine linjer. Velegnet til alle hudtyper, ogs\u00e5 den mest f\u00f8lsomme. Som et vitaminspark i en [&hellip;]<\/p>\n","protected":false},"featured_media":143298,"comment_status":"open","ping_status":"closed","template":"","meta":{"_trash_the_other_posts":false},"product_brand":[],"product_cat":[1001,614],"product_tag":[],"berocket_brand":[1397],"class_list":{"0":"post-143306","1":"product","2":"type-product","3":"status-publish","4":"has-post-thumbnail","6":"product_cat-k-beauty","7":"product_cat-serum","8":"pa_brand-klairs","9":"berocket_brand-klairs","11":"first","12":"instock","13":"sale","14":"taxable","15":"shipping-taxable","16":"purchasable","17":"product-type-simple"},"_links":{"self":[{"href":"https:\/\/stylingagenten.com\/da\/wp-json\/wp\/v2\/product\/143306","targetHints":{"allow":["GET"]}}],"collection":[{"href":"https:\/\/stylingagenten.com\/da\/wp-json\/wp\/v2\/product"}],"about":[{"href":"https:\/\/stylingagenten.com\/da\/wp-json\/wp\/v2\/types\/product"}],"replies":[{"embeddable":true,"href":"https:\/\/stylingagenten.com\/da\/wp-json\/wp\/v2\/comments?post=143306"}],"version-history":[{"count":0,"href":"https:\/\/stylingagenten.com\/da\/wp-json\/wp\/v2\/product\/143306\/revisions"}],"wp:featuredmedia":[{"embeddable":true,"href":"https:\/\/stylingagenten.com\/da\/wp-json\/wp\/v2\/media\/143298"}],"wp:attachment":[{"href":"https:\/\/stylingagenten.com\/da\/wp-json\/wp\/v2\/media?parent=143306"}],"wp:term":[{"taxonomy":"product_brand","embeddable":true,"href":"https:\/\/stylingagenten.com\/da\/wp-json\/wp\/v2\/product_brand?post=143306"},{"taxonomy":"product_cat","embeddable":true,"href":"https:\/\/stylingagenten.com\/da\/wp-json\/wp\/v2\/product_cat?post=143306"},{"taxonomy":"product_tag","embeddable":true,"href":"https:\/\/stylingagenten.com\/da\/wp-json\/wp\/v2\/product_tag?post=143306"},{"taxonomy":"berocket_brand","embeddable":true,"href":"https:\/\/stylingagenten.com\/da\/wp-json\/wp\/v2\/berocket_brand?post=143306"}],"curies":[{"name":"wp","href":"https:\/\/api.w.org\/{rel}","templated":true}]}}