{"id":143287,"date":"2025-05-18T23:18:50","date_gmt":"2025-05-18T23:18:50","guid":{"rendered":"https:\/\/staging2.stylingagenten.com\/da\/produkt\/im-from-honey-serum-30ml\/"},"modified":"2026-01-12T08:18:45","modified_gmt":"2026-01-12T08:18:45","slug":"im-from-honey-serum-30ml","status":"publish","type":"product","link":"https:\/\/stylingagenten.com\/da\/produkt\/im-from-honey-serum-30ml\/","title":{"rendered":"I&#8217;m From Honey Serum 30ml"},"content":{"rendered":"<p>Dette serum indeholder 30,63% af Honey Glow Queen (Honey Complex), som er en unik blanding af 7 aktive ingredienser: honning, sort bipropolis, royal gel\u00e9, bigift, gurkemeje, bipollen og kanel. Disse ingredienser er dybt fugtgivende og virker ogs\u00e5 mod fine linjer.<\/p>\n<p>Det er et meget n\u00e6rende serum, der forbedrer hudens elasticitet og ogs\u00e5 har en lysnende effekt. Den honninglignende tekstur synker let og glat ind i huden og efterlader en bl\u00f8d, glat finish med en naturlig gl\u00f8d.<\/p>\n","protected":false},"excerpt":{"rendered":"<p>Dette serum indeholder 30,63% af Honey Glow Queen (Honey Complex), som er en unik blanding af 7 aktive ingredienser: honning, sort bipropolis, royal gel\u00e9, bigift, gurkemeje, bipollen og kanel. Disse ingredienser er dybt fugtgivende og virker ogs\u00e5 mod fine linjer. Det er et meget n\u00e6rende serum, der forbedrer hudens elasticitet og ogs\u00e5 har en lysnende [&hellip;]<\/p>\n","protected":false},"featured_media":143280,"comment_status":"open","ping_status":"closed","template":"","meta":{"_trash_the_other_posts":false},"product_brand":[],"product_cat":[1001,614],"product_tag":[],"berocket_brand":[1407],"class_list":{"0":"post-143287","1":"product","2":"type-product","3":"status-publish","4":"has-post-thumbnail","6":"product_cat-k-beauty","7":"product_cat-serum","8":"pa_brand-im-from","9":"berocket_brand-im-from","11":"first","12":"instock","13":"sale","14":"taxable","15":"shipping-taxable","16":"purchasable","17":"product-type-simple"},"_links":{"self":[{"href":"https:\/\/stylingagenten.com\/da\/wp-json\/wp\/v2\/product\/143287","targetHints":{"allow":["GET"]}}],"collection":[{"href":"https:\/\/stylingagenten.com\/da\/wp-json\/wp\/v2\/product"}],"about":[{"href":"https:\/\/stylingagenten.com\/da\/wp-json\/wp\/v2\/types\/product"}],"replies":[{"embeddable":true,"href":"https:\/\/stylingagenten.com\/da\/wp-json\/wp\/v2\/comments?post=143287"}],"version-history":[{"count":0,"href":"https:\/\/stylingagenten.com\/da\/wp-json\/wp\/v2\/product\/143287\/revisions"}],"wp:featuredmedia":[{"embeddable":true,"href":"https:\/\/stylingagenten.com\/da\/wp-json\/wp\/v2\/media\/143280"}],"wp:attachment":[{"href":"https:\/\/stylingagenten.com\/da\/wp-json\/wp\/v2\/media?parent=143287"}],"wp:term":[{"taxonomy":"product_brand","embeddable":true,"href":"https:\/\/stylingagenten.com\/da\/wp-json\/wp\/v2\/product_brand?post=143287"},{"taxonomy":"product_cat","embeddable":true,"href":"https:\/\/stylingagenten.com\/da\/wp-json\/wp\/v2\/product_cat?post=143287"},{"taxonomy":"product_tag","embeddable":true,"href":"https:\/\/stylingagenten.com\/da\/wp-json\/wp\/v2\/product_tag?post=143287"},{"taxonomy":"berocket_brand","embeddable":true,"href":"https:\/\/stylingagenten.com\/da\/wp-json\/wp\/v2\/berocket_brand?post=143287"}],"curies":[{"name":"wp","href":"https:\/\/api.w.org\/{rel}","templated":true}]}}