{"id":143225,"date":"2025-05-18T23:18:29","date_gmt":"2025-05-18T23:18:29","guid":{"rendered":"https:\/\/staging2.stylingagenten.com\/da\/produkt\/nuxe-merveillance-lift-firming-activating-oil-serum-30ml\/"},"modified":"2025-11-19T12:30:56","modified_gmt":"2025-11-19T12:30:56","slug":"nuxe-merveillance-lift-firming-activating-oil-serum-30ml","status":"publish","type":"product","link":"https:\/\/stylingagenten.com\/da\/produkt\/nuxe-merveillance-lift-firming-activating-oil-serum-30ml\/","title":{"rendered":"Nuxe Merveillance Lift Firming Activating Oil Serum 30ml"},"content":{"rendered":"<p>Nuxe Merveillance Lift Firming Activating Oil Serum er et olieserum mod aldring, der indeholder en ultrakorrigerende mikroalgeolie, en aktiv ingrediens, der koncentrerer kraften fra 4 milliarder naturlige celler i en enkelt dr\u00e5be for at styrke din hud hver dag.<\/p>\n<p>Kun 3 dr\u00e5ber er alt, hvad du beh\u00f8ver for en \u00f8jeblikkeligt glattere, mere smidig og tonet hud. Huden bliver st\u00e6rkere, mere modstandsdygtig og synligt yngre. Det perfekte serum til alle hudtyper takket v\u00e6re en ikke-fedtet oliekonsistens. Anti-aging effekt og ultimativ nydelse med delikate harmonier af blomster og moskus.<\/p>\n<p>30ml<\/p>\n","protected":false},"excerpt":{"rendered":"<p>Nuxe Merveillance Lift Firming Activating Oil Serum er et olieserum mod aldring, der indeholder en ultrakorrigerende mikroalgeolie, en aktiv ingrediens, der koncentrerer kraften fra 4 milliarder naturlige celler i en enkelt dr\u00e5be for at styrke din hud hver dag. Kun 3 dr\u00e5ber er alt, hvad du beh\u00f8ver for en \u00f8jeblikkeligt glattere, mere smidig og tonet [&hellip;]<\/p>\n","protected":false},"featured_media":143213,"comment_status":"open","ping_status":"closed","template":"","meta":{"_trash_the_other_posts":false},"product_brand":[],"product_cat":[614],"product_tag":[],"berocket_brand":[1024],"class_list":{"0":"post-143225","1":"product","2":"type-product","3":"status-publish","4":"has-post-thumbnail","6":"product_cat-serum","7":"pa_brand-nuxe","8":"berocket_brand-nuxe","10":"first","11":"instock","12":"sale","13":"taxable","14":"shipping-taxable","15":"purchasable","16":"product-type-simple"},"_links":{"self":[{"href":"https:\/\/stylingagenten.com\/da\/wp-json\/wp\/v2\/product\/143225","targetHints":{"allow":["GET"]}}],"collection":[{"href":"https:\/\/stylingagenten.com\/da\/wp-json\/wp\/v2\/product"}],"about":[{"href":"https:\/\/stylingagenten.com\/da\/wp-json\/wp\/v2\/types\/product"}],"replies":[{"embeddable":true,"href":"https:\/\/stylingagenten.com\/da\/wp-json\/wp\/v2\/comments?post=143225"}],"version-history":[{"count":0,"href":"https:\/\/stylingagenten.com\/da\/wp-json\/wp\/v2\/product\/143225\/revisions"}],"wp:featuredmedia":[{"embeddable":true,"href":"https:\/\/stylingagenten.com\/da\/wp-json\/wp\/v2\/media\/143213"}],"wp:attachment":[{"href":"https:\/\/stylingagenten.com\/da\/wp-json\/wp\/v2\/media?parent=143225"}],"wp:term":[{"taxonomy":"product_brand","embeddable":true,"href":"https:\/\/stylingagenten.com\/da\/wp-json\/wp\/v2\/product_brand?post=143225"},{"taxonomy":"product_cat","embeddable":true,"href":"https:\/\/stylingagenten.com\/da\/wp-json\/wp\/v2\/product_cat?post=143225"},{"taxonomy":"product_tag","embeddable":true,"href":"https:\/\/stylingagenten.com\/da\/wp-json\/wp\/v2\/product_tag?post=143225"},{"taxonomy":"berocket_brand","embeddable":true,"href":"https:\/\/stylingagenten.com\/da\/wp-json\/wp\/v2\/berocket_brand?post=143225"}],"curies":[{"name":"wp","href":"https:\/\/api.w.org\/{rel}","templated":true}]}}