{"id":143209,"date":"2025-05-18T23:18:24","date_gmt":"2025-05-18T23:18:24","guid":{"rendered":"https:\/\/staging2.stylingagenten.com\/da\/produkt\/purito-wonder-releaf-centella-serum-unscented-60ml\/"},"modified":"2026-04-05T08:57:33","modified_gmt":"2026-04-05T08:57:33","slug":"purito-wonder-releaf-centella-serum-unscented-60ml","status":"publish","type":"product","link":"https:\/\/stylingagenten.com\/da\/produkt\/purito-wonder-releaf-centella-serum-unscented-60ml\/","title":{"rendered":"Purito Wonder Releaf Centella Serum Unscented 60ml"},"content":{"rendered":"<p>Purito Wonder Releaf Centella Serum Unscented \u2013 din nye hudplejefavorit! Dette n\u00e6rende og helt duftfrie serum er specielt designet til at give maksimal pleje til din hud uden at irritere. Med hele 49% centella asiatica-ekstrakt er dette serum en kraftfuld l\u00f8sning til at berolige, fugte og styrke din hud.<\/p>\n<p>Purito Wonder Releaf Centella Serum Unscented er beriget med superingredienser som niacinamid, ceramid og hyaluronsyre. Disse ingredienser arbejder sammen for at stimulere kollagenproduktionen, forbedre hudens elasticitet og reducere synligheden af fine linjer og rynker. Resultatet er en glattere, fastere og mere str\u00e5lende hud.<\/p>\n<p>Dette serum er perfekt til alle hudtyper, is\u00e6r for dig med sensitiv hud eller som foretr\u00e6kker duftfrie produkter. Den lette formel absorberes hurtigt og efterlader huden bl\u00f8d og smidig uden at f\u00f8les fedtet.<\/p>\n<p>Brug Purito Wonder Releaf Centella Serum Unscented som en del af din daglige hudplejerutine for at opn\u00e5 en sundere og mere ungdommelig hud. P\u00e5f\u00f8r et par dr\u00e5ber morgen og aften.<\/p>\n<p>60ml<\/p>\n","protected":false},"excerpt":{"rendered":"<p>Purito Wonder Releaf Centella Serum Unscented \u2013 din nye hudplejefavorit! Dette n\u00e6rende og helt duftfrie serum er specielt designet til at give maksimal pleje til din hud uden at irritere. Med hele 49% centella asiatica-ekstrakt er dette serum en kraftfuld l\u00f8sning til at berolige, fugte og styrke din hud. Purito Wonder Releaf Centella Serum Unscented [&hellip;]<\/p>\n","protected":false},"featured_media":143199,"comment_status":"open","ping_status":"closed","template":"","meta":{"_trash_the_other_posts":false},"product_brand":[],"product_cat":[1001,614],"product_tag":[],"berocket_brand":[1412],"class_list":{"0":"post-143209","1":"product","2":"type-product","3":"status-publish","4":"has-post-thumbnail","6":"product_cat-k-beauty","7":"product_cat-serum","8":"pa_brand-purito","9":"berocket_brand-purito","11":"first","12":"instock","13":"sale","14":"taxable","15":"shipping-taxable","16":"purchasable","17":"product-type-simple"},"_links":{"self":[{"href":"https:\/\/stylingagenten.com\/da\/wp-json\/wp\/v2\/product\/143209","targetHints":{"allow":["GET"]}}],"collection":[{"href":"https:\/\/stylingagenten.com\/da\/wp-json\/wp\/v2\/product"}],"about":[{"href":"https:\/\/stylingagenten.com\/da\/wp-json\/wp\/v2\/types\/product"}],"replies":[{"embeddable":true,"href":"https:\/\/stylingagenten.com\/da\/wp-json\/wp\/v2\/comments?post=143209"}],"version-history":[{"count":0,"href":"https:\/\/stylingagenten.com\/da\/wp-json\/wp\/v2\/product\/143209\/revisions"}],"wp:featuredmedia":[{"embeddable":true,"href":"https:\/\/stylingagenten.com\/da\/wp-json\/wp\/v2\/media\/143199"}],"wp:attachment":[{"href":"https:\/\/stylingagenten.com\/da\/wp-json\/wp\/v2\/media?parent=143209"}],"wp:term":[{"taxonomy":"product_brand","embeddable":true,"href":"https:\/\/stylingagenten.com\/da\/wp-json\/wp\/v2\/product_brand?post=143209"},{"taxonomy":"product_cat","embeddable":true,"href":"https:\/\/stylingagenten.com\/da\/wp-json\/wp\/v2\/product_cat?post=143209"},{"taxonomy":"product_tag","embeddable":true,"href":"https:\/\/stylingagenten.com\/da\/wp-json\/wp\/v2\/product_tag?post=143209"},{"taxonomy":"berocket_brand","embeddable":true,"href":"https:\/\/stylingagenten.com\/da\/wp-json\/wp\/v2\/berocket_brand?post=143209"}],"curies":[{"name":"wp","href":"https:\/\/api.w.org\/{rel}","templated":true}]}}