{"id":143175,"date":"2025-05-18T23:18:06","date_gmt":"2025-05-18T23:18:06","guid":{"rendered":"https:\/\/staging2.stylingagenten.com\/da\/produkt\/dermalogica-age-smart-biolumin-c-serum-30ml\/"},"modified":"2026-04-08T15:30:15","modified_gmt":"2026-04-08T15:30:15","slug":"dermalogica-age-smart-biolumin-c-serum-30ml","status":"publish","type":"product","link":"https:\/\/stylingagenten.com\/da\/produkt\/dermalogica-age-smart-biolumin-c-serum-30ml\/","title":{"rendered":"Dermalogica AGE Smart BioLumin-C Serum 30ml"},"content":{"rendered":"<p>Dermalogica AGE Smart BioLumin-C Serum leverer den maksimale dosis af stabilt vitamin C for en hud med mere gl\u00f8d og en j\u00e6vnere struktur. Hudtonen bliver mere ensartet, og uj\u00e6vn pigmentering modvirkes. Med cellefornyende ingredienser bliver hudens overflade glattere, og elasticiteten forbedres. Skader for\u00e5rsaget af frie radikaler modvirkes.<\/p>\n<p>Vitamin C-kompleks: To meget stabile derivater af vitamin C og en unik peptid (palmitoyltripeptid-5) stimulerer hudens naturlige kollagenproduktion. Resultatet er en j\u00e6vnere, glattere hud med mere gl\u00f8d.<br \/>\n<br \/>M\u00e6lkesyre: Denne AHA fjerner d\u00f8de hudceller, \u00f8ger cellefornyelsen og forbereder huden p\u00e5 andre aktive ingredienser. Den virker generelt gl\u00f8dgivende og balancerende for hudens bakterieflora.<br \/>\n<br \/>Pagodetr\u00e6ekstrakt (Sophora Japonica Blomstekstrakt): Indeholder flavonoider, der har kraftige antioxidantegenskaber og beroliger huden, n\u00e5r den uds\u00e6ttes for frie radikaler.<br \/>\n<br \/>Chiafr\u00f8olie (Salvia Hispanica Olie): Har antioxidante og bl\u00f8dg\u00f8rende egenskaber.<br \/>\n<br \/>30 ml<\/p>\n","protected":false},"excerpt":{"rendered":"<p>Dermalogica AGE Smart BioLumin-C Serum leverer den maksimale dosis af stabilt vitamin C for en hud med mere gl\u00f8d og en j\u00e6vnere struktur. Hudtonen bliver mere ensartet, og uj\u00e6vn pigmentering modvirkes. Med cellefornyende ingredienser bliver hudens overflade glattere, og elasticiteten forbedres. Skader for\u00e5rsaget af frie radikaler modvirkes. Vitamin C-kompleks: To meget stabile derivater af vitamin [&hellip;]<\/p>\n","protected":false},"featured_media":143168,"comment_status":"open","ping_status":"closed","template":"","meta":{"_trash_the_other_posts":false},"product_brand":[],"product_cat":[614],"product_tag":[2791],"berocket_brand":[1420],"class_list":{"0":"post-143175","1":"product","2":"type-product","3":"status-publish","4":"has-post-thumbnail","6":"product_cat-serum","7":"product_tag-dermalogica-age-smart-biolumin-c-serum","8":"pa_brand-dermalogica","9":"pa_variant-30ml","10":"berocket_brand-dermalogica","12":"first","13":"instock","14":"sale","15":"taxable","16":"shipping-taxable","17":"purchasable","18":"product-type-simple"},"_links":{"self":[{"href":"https:\/\/stylingagenten.com\/da\/wp-json\/wp\/v2\/product\/143175","targetHints":{"allow":["GET"]}}],"collection":[{"href":"https:\/\/stylingagenten.com\/da\/wp-json\/wp\/v2\/product"}],"about":[{"href":"https:\/\/stylingagenten.com\/da\/wp-json\/wp\/v2\/types\/product"}],"replies":[{"embeddable":true,"href":"https:\/\/stylingagenten.com\/da\/wp-json\/wp\/v2\/comments?post=143175"}],"version-history":[{"count":0,"href":"https:\/\/stylingagenten.com\/da\/wp-json\/wp\/v2\/product\/143175\/revisions"}],"wp:featuredmedia":[{"embeddable":true,"href":"https:\/\/stylingagenten.com\/da\/wp-json\/wp\/v2\/media\/143168"}],"wp:attachment":[{"href":"https:\/\/stylingagenten.com\/da\/wp-json\/wp\/v2\/media?parent=143175"}],"wp:term":[{"taxonomy":"product_brand","embeddable":true,"href":"https:\/\/stylingagenten.com\/da\/wp-json\/wp\/v2\/product_brand?post=143175"},{"taxonomy":"product_cat","embeddable":true,"href":"https:\/\/stylingagenten.com\/da\/wp-json\/wp\/v2\/product_cat?post=143175"},{"taxonomy":"product_tag","embeddable":true,"href":"https:\/\/stylingagenten.com\/da\/wp-json\/wp\/v2\/product_tag?post=143175"},{"taxonomy":"berocket_brand","embeddable":true,"href":"https:\/\/stylingagenten.com\/da\/wp-json\/wp\/v2\/berocket_brand?post=143175"}],"curies":[{"name":"wp","href":"https:\/\/api.w.org\/{rel}","templated":true}]}}