{"id":143053,"date":"2025-05-18T23:16:41","date_gmt":"2025-05-18T23:16:41","guid":{"rendered":"https:\/\/staging2.stylingagenten.com\/da\/produkt\/elemis-pro-collagen-future-restore-serum-30ml\/"},"modified":"2026-04-09T06:39:13","modified_gmt":"2026-04-09T06:39:13","slug":"elemis-pro-collagen-future-restore-serum-30ml","status":"publish","type":"product","link":"https:\/\/stylingagenten.com\/da\/produkt\/elemis-pro-collagen-future-restore-serum-30ml\/","title":{"rendered":"Elemis Pro-Collagen Future Restore Serum 30ml"},"content":{"rendered":"<p>Elemis Pro-Collagen Future Restore Serum indeholder en verdensf\u00f8rste maritim opdagelse \u2013 vores eksklusive Opal Skin Algae Complex \u2013 som sammen med kraftfulde marine aktive ingredienser forbedrer hudens fasthed med op til 46 % p\u00e5 blot 4 dage.* Den avancerede formel er m\u00e5lrettet hudens tab af kollagen og forbedrer synlige aldringstegn over tid. Vores egenudviklede Opal Skin Algae Complex best\u00e5r af en trio af marine mikroalgediatom\u00e9er, hvoraf \u00e9n er eksklusivt opdaget af ELEMIS, indkapslet i et intelligent leveringssystem. Genopbyggende marine cellelipider, revitaliserende Marine Bacillus Ferment og fugtgivende Padina Pavonica Ferment st\u00f8tter optimal hudfunktion og fremmer hudens modstandskraft og integritet. Fine linjer og dybere rynker^ reduceres synligt p\u00e5 bare 4 dage*, og volumen og elasticitet forbedres. Huden fremst\u00e5r glattere og mere str\u00e5lende. Gennem bioteknologi gengiver vi de n\u00f8dvendige n\u00f8gleingredienser fra en lille pr\u00f8ve af alger, hvilket maksimerer resultaterne og minimerer vores p\u00e5virkning af planeten. Vores innovative 100 % genanvendelige flaske er designet, s\u00e5 hver eneste dr\u00e5be af denne banebrydende formel kan bruges.<br \/>*Uafh\u00e6ngige kliniske studier 2024, 30 personer over 4 uger<\/p>\n<p>30 ml<\/p>\n","protected":false},"excerpt":{"rendered":"<p>Elemis Pro-Collagen Future Restore Serum indeholder en verdensf\u00f8rste maritim opdagelse \u2013 vores eksklusive Opal Skin Algae Complex \u2013 som sammen med kraftfulde marine aktive ingredienser forbedrer hudens fasthed med op til 46 % p\u00e5 blot 4 dage.* Den avancerede formel er m\u00e5lrettet hudens tab af kollagen og forbedrer synlige aldringstegn over tid. Vores egenudviklede Opal [&hellip;]<\/p>\n","protected":false},"featured_media":143041,"comment_status":"open","ping_status":"closed","template":"","meta":{"_trash_the_other_posts":false},"product_brand":[],"product_cat":[614],"product_tag":[],"berocket_brand":[1301],"class_list":{"0":"post-143053","1":"product","2":"type-product","3":"status-publish","4":"has-post-thumbnail","6":"product_cat-serum","7":"pa_brand-elemis","8":"berocket_brand-elemis","10":"first","11":"instock","12":"sale","13":"taxable","14":"shipping-taxable","15":"purchasable","16":"product-type-simple"},"_links":{"self":[{"href":"https:\/\/stylingagenten.com\/da\/wp-json\/wp\/v2\/product\/143053","targetHints":{"allow":["GET"]}}],"collection":[{"href":"https:\/\/stylingagenten.com\/da\/wp-json\/wp\/v2\/product"}],"about":[{"href":"https:\/\/stylingagenten.com\/da\/wp-json\/wp\/v2\/types\/product"}],"replies":[{"embeddable":true,"href":"https:\/\/stylingagenten.com\/da\/wp-json\/wp\/v2\/comments?post=143053"}],"version-history":[{"count":0,"href":"https:\/\/stylingagenten.com\/da\/wp-json\/wp\/v2\/product\/143053\/revisions"}],"wp:featuredmedia":[{"embeddable":true,"href":"https:\/\/stylingagenten.com\/da\/wp-json\/wp\/v2\/media\/143041"}],"wp:attachment":[{"href":"https:\/\/stylingagenten.com\/da\/wp-json\/wp\/v2\/media?parent=143053"}],"wp:term":[{"taxonomy":"product_brand","embeddable":true,"href":"https:\/\/stylingagenten.com\/da\/wp-json\/wp\/v2\/product_brand?post=143053"},{"taxonomy":"product_cat","embeddable":true,"href":"https:\/\/stylingagenten.com\/da\/wp-json\/wp\/v2\/product_cat?post=143053"},{"taxonomy":"product_tag","embeddable":true,"href":"https:\/\/stylingagenten.com\/da\/wp-json\/wp\/v2\/product_tag?post=143053"},{"taxonomy":"berocket_brand","embeddable":true,"href":"https:\/\/stylingagenten.com\/da\/wp-json\/wp\/v2\/berocket_brand?post=143053"}],"curies":[{"name":"wp","href":"https:\/\/api.w.org\/{rel}","templated":true}]}}