{"id":143046,"date":"2025-05-18T23:16:38","date_gmt":"2025-05-18T23:16:38","guid":{"rendered":"https:\/\/staging2.stylingagenten.com\/da\/produkt\/skin1004-madagascar-centella-ampoule-100ml\/"},"modified":"2026-02-27T07:56:37","modified_gmt":"2026-02-27T07:56:37","slug":"skin1004-madagascar-centella-ampoule-100ml","status":"publish","type":"product","link":"https:\/\/stylingagenten.com\/da\/produkt\/skin1004-madagascar-centella-ampoule-100ml\/","title":{"rendered":"SKIN1004 Madagascar Centella Ampoule 100ml"},"content":{"rendered":"<p>SKIN1004 Madagascar Centella Ampoule er et effektivt serum til behandling af en sv\u00e6kket og irriteret hudbarriere. Dette serum fra SKIN1004 er udviklet til at styrke hudbarrieren og hj\u00e6lpe med at regulere hudens olie\/vand-balance, s\u00e5 du opn\u00e5r et optimalt fugtniveau, der hverken er for fedtet eller for t\u00f8rt.<\/p>\n<p>Madagascar Centella Ampoule er baseret p\u00e5 Centella Asiatica-ekstrakt fra Madagaskar, som fugter, plejer og styrker hudbarrieren og giver din hud en sund gl\u00f8d. Centella Asiatica er en asiatisk urt kendt for sine beroligende, plejende og antiinflammatoriske egenskaber p\u00e5 huden.<\/p>\n<p>Serummet kan bruges p\u00e5 alle hudtyper og hudtilstande, der \u00f8nsker at behandle en sv\u00e6kket og irriteret hudbarriere.<\/p>\n<p>100ml<\/p>\n","protected":false},"excerpt":{"rendered":"<p>SKIN1004 Madagascar Centella Ampoule er et effektivt serum til behandling af en sv\u00e6kket og irriteret hudbarriere. Dette serum fra SKIN1004 er udviklet til at styrke hudbarrieren og hj\u00e6lpe med at regulere hudens olie\/vand-balance, s\u00e5 du opn\u00e5r et optimalt fugtniveau, der hverken er for fedtet eller for t\u00f8rt. Madagascar Centella Ampoule er baseret p\u00e5 Centella Asiatica-ekstrakt [&hellip;]<\/p>\n","protected":false},"featured_media":143034,"comment_status":"open","ping_status":"closed","template":"","meta":{"_trash_the_other_posts":false},"product_brand":[],"product_cat":[614],"product_tag":[4002],"berocket_brand":[1422],"class_list":{"0":"post-143046","1":"product","2":"type-product","3":"status-publish","4":"has-post-thumbnail","6":"product_cat-serum","7":"product_tag-skin1004-madagascar-centella-ampoule","8":"pa_brand-skin1004","9":"pa_variant-100ml","10":"berocket_brand-skin1004","12":"first","13":"instock","14":"sale","15":"taxable","16":"shipping-taxable","17":"purchasable","18":"product-type-simple"},"_links":{"self":[{"href":"https:\/\/stylingagenten.com\/da\/wp-json\/wp\/v2\/product\/143046","targetHints":{"allow":["GET"]}}],"collection":[{"href":"https:\/\/stylingagenten.com\/da\/wp-json\/wp\/v2\/product"}],"about":[{"href":"https:\/\/stylingagenten.com\/da\/wp-json\/wp\/v2\/types\/product"}],"replies":[{"embeddable":true,"href":"https:\/\/stylingagenten.com\/da\/wp-json\/wp\/v2\/comments?post=143046"}],"version-history":[{"count":0,"href":"https:\/\/stylingagenten.com\/da\/wp-json\/wp\/v2\/product\/143046\/revisions"}],"wp:featuredmedia":[{"embeddable":true,"href":"https:\/\/stylingagenten.com\/da\/wp-json\/wp\/v2\/media\/143034"}],"wp:attachment":[{"href":"https:\/\/stylingagenten.com\/da\/wp-json\/wp\/v2\/media?parent=143046"}],"wp:term":[{"taxonomy":"product_brand","embeddable":true,"href":"https:\/\/stylingagenten.com\/da\/wp-json\/wp\/v2\/product_brand?post=143046"},{"taxonomy":"product_cat","embeddable":true,"href":"https:\/\/stylingagenten.com\/da\/wp-json\/wp\/v2\/product_cat?post=143046"},{"taxonomy":"product_tag","embeddable":true,"href":"https:\/\/stylingagenten.com\/da\/wp-json\/wp\/v2\/product_tag?post=143046"},{"taxonomy":"berocket_brand","embeddable":true,"href":"https:\/\/stylingagenten.com\/da\/wp-json\/wp\/v2\/berocket_brand?post=143046"}],"curies":[{"name":"wp","href":"https:\/\/api.w.org\/{rel}","templated":true}]}}