{"id":142951,"date":"2025-05-18T23:16:13","date_gmt":"2025-05-18T23:16:13","guid":{"rendered":"https:\/\/staging2.stylingagenten.com\/da\/produkt\/paul-mitchell-platinum-blonde-shampoo-1000ml\/"},"modified":"2026-03-12T18:47:46","modified_gmt":"2026-03-12T18:47:46","slug":"paul-mitchell-platinum-blonde-shampoo-1000ml","status":"publish","type":"product","link":"https:\/\/stylingagenten.com\/da\/produkt\/paul-mitchell-platinum-blonde-shampoo-1000ml\/","title":{"rendered":"Paul Mitchell Platinum Blonde Shampoo 1000ml"},"content":{"rendered":"<p>Koldviolette pigmenter bl\u00f8dg\u00f8r guldtoner.<br \/>Fugt&ndash; og glansgivende.<br \/>Fremragende p&aring; blondt, hvidt og gr\u00e5t h\u00e5r.<\/p>\n","protected":false},"excerpt":{"rendered":"<p>Koldviolette pigmenter bl\u00f8dg\u00f8r guldtoner.Fugt&ndash; og glansgivende.Fremragende p&aring; blondt, hvidt og gr\u00e5t h\u00e5r.<\/p>\n","protected":false},"featured_media":142947,"comment_status":"open","ping_status":"closed","template":"","meta":{"_trash_the_other_posts":false},"product_brand":[],"product_cat":[563,1004],"product_tag":[3790],"berocket_brand":[1053],"class_list":{"0":"post-142951","1":"product","2":"type-product","3":"status-publish","4":"has-post-thumbnail","6":"product_cat-shampoo","7":"product_cat-solvshampoo","8":"product_tag-paul-mitchell-platinum-blonde-shampoo","9":"pa_brand-paul-mitchell","10":"pa_variant-000ml","11":"berocket_brand-paul-mitchell","13":"first","14":"outofstock","15":"sale","16":"taxable","17":"shipping-taxable","18":"purchasable","19":"product-type-simple"},"_links":{"self":[{"href":"https:\/\/stylingagenten.com\/da\/wp-json\/wp\/v2\/product\/142951","targetHints":{"allow":["GET"]}}],"collection":[{"href":"https:\/\/stylingagenten.com\/da\/wp-json\/wp\/v2\/product"}],"about":[{"href":"https:\/\/stylingagenten.com\/da\/wp-json\/wp\/v2\/types\/product"}],"replies":[{"embeddable":true,"href":"https:\/\/stylingagenten.com\/da\/wp-json\/wp\/v2\/comments?post=142951"}],"version-history":[{"count":0,"href":"https:\/\/stylingagenten.com\/da\/wp-json\/wp\/v2\/product\/142951\/revisions"}],"wp:featuredmedia":[{"embeddable":true,"href":"https:\/\/stylingagenten.com\/da\/wp-json\/wp\/v2\/media\/142947"}],"wp:attachment":[{"href":"https:\/\/stylingagenten.com\/da\/wp-json\/wp\/v2\/media?parent=142951"}],"wp:term":[{"taxonomy":"product_brand","embeddable":true,"href":"https:\/\/stylingagenten.com\/da\/wp-json\/wp\/v2\/product_brand?post=142951"},{"taxonomy":"product_cat","embeddable":true,"href":"https:\/\/stylingagenten.com\/da\/wp-json\/wp\/v2\/product_cat?post=142951"},{"taxonomy":"product_tag","embeddable":true,"href":"https:\/\/stylingagenten.com\/da\/wp-json\/wp\/v2\/product_tag?post=142951"},{"taxonomy":"berocket_brand","embeddable":true,"href":"https:\/\/stylingagenten.com\/da\/wp-json\/wp\/v2\/berocket_brand?post=142951"}],"curies":[{"name":"wp","href":"https:\/\/api.w.org\/{rel}","templated":true}]}}