{"id":142922,"date":"2025-05-18T23:16:05","date_gmt":"2025-05-18T23:16:05","guid":{"rendered":"https:\/\/staging2.stylingagenten.com\/da\/produkt\/paul-mitchell-color-protect-daily-shampoo-1000ml\/"},"modified":"2026-03-25T14:58:50","modified_gmt":"2026-03-25T14:58:50","slug":"paul-mitchell-color-protect-daily-shampoo-1000ml","status":"publish","type":"product","link":"https:\/\/stylingagenten.com\/da\/produkt\/paul-mitchell-color-protect-daily-shampoo-1000ml\/","title":{"rendered":"Paul Mitchell Color Protect Daily Shampoo 1000ml"},"content":{"rendered":"<p>En gel-baseret shampoo, der er specielt designet til farvet h\u00e5r. Dette er en mild shampoo, der hj\u00e6lper med at bevare h\u00e5rets farveintensitet og forhindrer det i at falme. Indeholder solsikkeekstrakt med sin naturlige UV-beskyttelse. Beskytter ogs\u00e5 mod skadelige milj\u00f8p\u00e5virkninger.<\/p>\n","protected":false},"excerpt":{"rendered":"<p>En gel-baseret shampoo, der er specielt designet til farvet h\u00e5r. Dette er en mild shampoo, der hj\u00e6lper med at bevare h\u00e5rets farveintensitet og forhindrer det i at falme. Indeholder solsikkeekstrakt med sin naturlige UV-beskyttelse. Beskytter ogs\u00e5 mod skadelige milj\u00f8p\u00e5virkninger.<\/p>\n","protected":false},"featured_media":445385,"comment_status":"open","ping_status":"closed","template":"","meta":{"_trash_the_other_posts":false},"product_brand":[],"product_cat":[1003,563],"product_tag":[3770],"berocket_brand":[1053],"class_list":{"0":"post-142922","1":"product","2":"type-product","3":"status-publish","4":"has-post-thumbnail","6":"product_cat-bestsellere","7":"product_cat-shampoo","8":"product_tag-paul-mitchell-color-protect-daily-shampoo","9":"pa_brand-paul-mitchell","10":"pa_variant-000ml","11":"berocket_brand-paul-mitchell","13":"first","14":"outofstock","15":"sale","16":"taxable","17":"shipping-taxable","18":"purchasable","19":"product-type-simple"},"_links":{"self":[{"href":"https:\/\/stylingagenten.com\/da\/wp-json\/wp\/v2\/product\/142922","targetHints":{"allow":["GET"]}}],"collection":[{"href":"https:\/\/stylingagenten.com\/da\/wp-json\/wp\/v2\/product"}],"about":[{"href":"https:\/\/stylingagenten.com\/da\/wp-json\/wp\/v2\/types\/product"}],"replies":[{"embeddable":true,"href":"https:\/\/stylingagenten.com\/da\/wp-json\/wp\/v2\/comments?post=142922"}],"version-history":[{"count":0,"href":"https:\/\/stylingagenten.com\/da\/wp-json\/wp\/v2\/product\/142922\/revisions"}],"wp:featuredmedia":[{"embeddable":true,"href":"https:\/\/stylingagenten.com\/da\/wp-json\/wp\/v2\/media\/445385"}],"wp:attachment":[{"href":"https:\/\/stylingagenten.com\/da\/wp-json\/wp\/v2\/media?parent=142922"}],"wp:term":[{"taxonomy":"product_brand","embeddable":true,"href":"https:\/\/stylingagenten.com\/da\/wp-json\/wp\/v2\/product_brand?post=142922"},{"taxonomy":"product_cat","embeddable":true,"href":"https:\/\/stylingagenten.com\/da\/wp-json\/wp\/v2\/product_cat?post=142922"},{"taxonomy":"product_tag","embeddable":true,"href":"https:\/\/stylingagenten.com\/da\/wp-json\/wp\/v2\/product_tag?post=142922"},{"taxonomy":"berocket_brand","embeddable":true,"href":"https:\/\/stylingagenten.com\/da\/wp-json\/wp\/v2\/berocket_brand?post=142922"}],"curies":[{"name":"wp","href":"https:\/\/api.w.org\/{rel}","templated":true}]}}