{"id":142894,"date":"2025-05-18T23:15:57","date_gmt":"2025-05-18T23:15:57","guid":{"rendered":"https:\/\/staging2.stylingagenten.com\/da\/produkt\/paul-mitchell-original-shampoo-one-500ml\/"},"modified":"2026-03-11T21:57:48","modified_gmt":"2026-03-11T21:57:48","slug":"paul-mitchell-original-shampoo-one-500ml","status":"publish","type":"product","link":"https:\/\/stylingagenten.com\/da\/produkt\/paul-mitchell-original-shampoo-one-500ml\/","title":{"rendered":"Paul Mitchell Original Shampoo One 500ml"},"content":{"rendered":"<p>Den f\u00f8rste shampoo fra Paul Mitchell er en mild hverdagsshampoo baseret p\u00e5; kokosolie koncentrat. Bevarer h\u00e5rets keratin og tilf\u00f8rer elasticitet, volumen, glans og elasticitet. Velegnet til fint og normalt h\u00e5r. Duft af kokos og ananas.<\/p>\n","protected":false},"excerpt":{"rendered":"<p>Den f\u00f8rste shampoo fra Paul Mitchell er en mild hverdagsshampoo baseret p\u00e5; kokosolie koncentrat. Bevarer h\u00e5rets keratin og tilf\u00f8rer elasticitet, volumen, glans og elasticitet. Velegnet til fint og normalt h\u00e5r. Duft af kokos og ananas.<\/p>\n","protected":false},"featured_media":440829,"comment_status":"open","ping_status":"closed","template":"","meta":{"_trash_the_other_posts":false},"product_brand":[],"product_cat":[563],"product_tag":[3788],"berocket_brand":[1053],"class_list":{"0":"post-142894","1":"product","2":"type-product","3":"status-publish","4":"has-post-thumbnail","6":"product_cat-shampoo","7":"product_tag-paul-mitchell-original-shampoo-one","8":"pa_brand-paul-mitchell","9":"pa_variant-500ml","10":"berocket_brand-paul-mitchell","12":"first","13":"outofstock","14":"sale","15":"taxable","16":"shipping-taxable","17":"purchasable","18":"product-type-simple"},"_links":{"self":[{"href":"https:\/\/stylingagenten.com\/da\/wp-json\/wp\/v2\/product\/142894","targetHints":{"allow":["GET"]}}],"collection":[{"href":"https:\/\/stylingagenten.com\/da\/wp-json\/wp\/v2\/product"}],"about":[{"href":"https:\/\/stylingagenten.com\/da\/wp-json\/wp\/v2\/types\/product"}],"replies":[{"embeddable":true,"href":"https:\/\/stylingagenten.com\/da\/wp-json\/wp\/v2\/comments?post=142894"}],"version-history":[{"count":0,"href":"https:\/\/stylingagenten.com\/da\/wp-json\/wp\/v2\/product\/142894\/revisions"}],"wp:featuredmedia":[{"embeddable":true,"href":"https:\/\/stylingagenten.com\/da\/wp-json\/wp\/v2\/media\/440829"}],"wp:attachment":[{"href":"https:\/\/stylingagenten.com\/da\/wp-json\/wp\/v2\/media?parent=142894"}],"wp:term":[{"taxonomy":"product_brand","embeddable":true,"href":"https:\/\/stylingagenten.com\/da\/wp-json\/wp\/v2\/product_brand?post=142894"},{"taxonomy":"product_cat","embeddable":true,"href":"https:\/\/stylingagenten.com\/da\/wp-json\/wp\/v2\/product_cat?post=142894"},{"taxonomy":"product_tag","embeddable":true,"href":"https:\/\/stylingagenten.com\/da\/wp-json\/wp\/v2\/product_tag?post=142894"},{"taxonomy":"berocket_brand","embeddable":true,"href":"https:\/\/stylingagenten.com\/da\/wp-json\/wp\/v2\/berocket_brand?post=142894"}],"curies":[{"name":"wp","href":"https:\/\/api.w.org\/{rel}","templated":true}]}}