{"id":142887,"date":"2025-05-18T23:15:56","date_gmt":"2025-05-18T23:15:56","guid":{"rendered":"https:\/\/staging2.stylingagenten.com\/da\/produkt\/paul-mitchell-forever-blonde-shampoo-710ml\/"},"modified":"2026-03-26T12:48:41","modified_gmt":"2026-03-26T12:48:41","slug":"paul-mitchell-forever-blonde-shampoo-710ml","status":"publish","type":"product","link":"https:\/\/stylingagenten.com\/da\/produkt\/paul-mitchell-forever-blonde-shampoo-710ml\/","title":{"rendered":"Paul Mitchell Forever Blonde Shampoo 1000ml"},"content":{"rendered":"<p>Reng\u00f8r mildt og holder blondt h\u00e5r lyst. Beriget med det eksklusive KerActive-protein og tidselblomst. Hj\u00e6lper med at reparere skader og fuldender hudlaget.<\/p>\n","protected":false},"excerpt":{"rendered":"<p>Reng\u00f8r mildt og holder blondt h\u00e5r lyst. Beriget med det eksklusive KerActive-protein og tidselblomst. Hj\u00e6lper med at reparere skader og fuldender hudlaget.<\/p>\n","protected":false},"featured_media":445386,"comment_status":"open","ping_status":"closed","template":"","meta":{"_trash_the_other_posts":false},"product_brand":[],"product_cat":[563,1004],"product_tag":[3776],"berocket_brand":[1053],"class_list":{"0":"post-142887","1":"product","2":"type-product","3":"status-publish","4":"has-post-thumbnail","6":"product_cat-shampoo","7":"product_cat-solvshampoo","8":"product_tag-paul-mitchell-forever-blonde-shampoo","9":"pa_brand-paul-mitchell","10":"pa_variant-710ml","11":"berocket_brand-paul-mitchell","13":"first","14":"outofstock","15":"sale","16":"taxable","17":"shipping-taxable","18":"purchasable","19":"product-type-simple"},"_links":{"self":[{"href":"https:\/\/stylingagenten.com\/da\/wp-json\/wp\/v2\/product\/142887","targetHints":{"allow":["GET"]}}],"collection":[{"href":"https:\/\/stylingagenten.com\/da\/wp-json\/wp\/v2\/product"}],"about":[{"href":"https:\/\/stylingagenten.com\/da\/wp-json\/wp\/v2\/types\/product"}],"replies":[{"embeddable":true,"href":"https:\/\/stylingagenten.com\/da\/wp-json\/wp\/v2\/comments?post=142887"}],"version-history":[{"count":0,"href":"https:\/\/stylingagenten.com\/da\/wp-json\/wp\/v2\/product\/142887\/revisions"}],"wp:featuredmedia":[{"embeddable":true,"href":"https:\/\/stylingagenten.com\/da\/wp-json\/wp\/v2\/media\/445386"}],"wp:attachment":[{"href":"https:\/\/stylingagenten.com\/da\/wp-json\/wp\/v2\/media?parent=142887"}],"wp:term":[{"taxonomy":"product_brand","embeddable":true,"href":"https:\/\/stylingagenten.com\/da\/wp-json\/wp\/v2\/product_brand?post=142887"},{"taxonomy":"product_cat","embeddable":true,"href":"https:\/\/stylingagenten.com\/da\/wp-json\/wp\/v2\/product_cat?post=142887"},{"taxonomy":"product_tag","embeddable":true,"href":"https:\/\/stylingagenten.com\/da\/wp-json\/wp\/v2\/product_tag?post=142887"},{"taxonomy":"berocket_brand","embeddable":true,"href":"https:\/\/stylingagenten.com\/da\/wp-json\/wp\/v2\/berocket_brand?post=142887"}],"curies":[{"name":"wp","href":"https:\/\/api.w.org\/{rel}","templated":true}]}}