{"id":142875,"date":"2025-05-18T23:15:52","date_gmt":"2025-05-18T23:15:52","guid":{"rendered":"https:\/\/staging2.stylingagenten.com\/da\/produkt\/paul-mitchell-tea-tree-special-shampoo-1000ml\/"},"modified":"2026-03-19T07:27:36","modified_gmt":"2026-03-19T07:27:36","slug":"paul-mitchell-tea-tree-special-shampoo-1000ml","status":"publish","type":"product","link":"https:\/\/stylingagenten.com\/da\/produkt\/paul-mitchell-tea-tree-special-shampoo-1000ml\/","title":{"rendered":"Paul Mitchell Tea Tree Special Shampoo 1000ml"},"content":{"rendered":"<p>Paul Mitchell Tea Tree Special Shampoo n\u00e6rer h\u00e5rets vitalitet og indeholder australsk Tea Tree-olie, awapuhi fra Hawaii, kamille og aloe vera. Shampooen stimulerer hovedbunden og renser h\u00e5ret for snavs. H\u00e5ret vil f\u00f8les godt og se godt ud! Velegnet til alle h\u00e5rtyper og perfekt til daglig brug.<\/p>\n","protected":false},"excerpt":{"rendered":"<p>Paul Mitchell Tea Tree Special Shampoo n\u00e6rer h\u00e5rets vitalitet og indeholder australsk Tea Tree-olie, awapuhi fra Hawaii, kamille og aloe vera. Shampooen stimulerer hovedbunden og renser h\u00e5ret for snavs. H\u00e5ret vil f\u00f8les godt og se godt ud! Velegnet til alle h\u00e5rtyper og perfekt til daglig brug.<\/p>\n","protected":false},"featured_media":440852,"comment_status":"open","ping_status":"closed","template":"","meta":{"_trash_the_other_posts":false},"product_brand":[],"product_cat":[1003,563],"product_tag":[3798],"berocket_brand":[1053],"class_list":{"0":"post-142875","1":"product","2":"type-product","3":"status-publish","4":"has-post-thumbnail","6":"product_cat-bestsellere","7":"product_cat-shampoo","8":"product_tag-paul-mitchell-tea-tree-special-shampoo","9":"pa_brand-paul-mitchell","10":"pa_variant-1000ml","11":"berocket_brand-paul-mitchell","13":"first","14":"outofstock","15":"sale","16":"taxable","17":"shipping-taxable","18":"purchasable","19":"product-type-simple"},"_links":{"self":[{"href":"https:\/\/stylingagenten.com\/da\/wp-json\/wp\/v2\/product\/142875","targetHints":{"allow":["GET"]}}],"collection":[{"href":"https:\/\/stylingagenten.com\/da\/wp-json\/wp\/v2\/product"}],"about":[{"href":"https:\/\/stylingagenten.com\/da\/wp-json\/wp\/v2\/types\/product"}],"replies":[{"embeddable":true,"href":"https:\/\/stylingagenten.com\/da\/wp-json\/wp\/v2\/comments?post=142875"}],"version-history":[{"count":0,"href":"https:\/\/stylingagenten.com\/da\/wp-json\/wp\/v2\/product\/142875\/revisions"}],"wp:featuredmedia":[{"embeddable":true,"href":"https:\/\/stylingagenten.com\/da\/wp-json\/wp\/v2\/media\/440852"}],"wp:attachment":[{"href":"https:\/\/stylingagenten.com\/da\/wp-json\/wp\/v2\/media?parent=142875"}],"wp:term":[{"taxonomy":"product_brand","embeddable":true,"href":"https:\/\/stylingagenten.com\/da\/wp-json\/wp\/v2\/product_brand?post=142875"},{"taxonomy":"product_cat","embeddable":true,"href":"https:\/\/stylingagenten.com\/da\/wp-json\/wp\/v2\/product_cat?post=142875"},{"taxonomy":"product_tag","embeddable":true,"href":"https:\/\/stylingagenten.com\/da\/wp-json\/wp\/v2\/product_tag?post=142875"},{"taxonomy":"berocket_brand","embeddable":true,"href":"https:\/\/stylingagenten.com\/da\/wp-json\/wp\/v2\/berocket_brand?post=142875"}],"curies":[{"name":"wp","href":"https:\/\/api.w.org\/{rel}","templated":true}]}}